{"id":177,"date":"2016-10-07T14:49:11","date_gmt":"2016-10-07T13:49:11","guid":{"rendered":"http:\/\/tv1863-gross-zimmern.de\/wordpress\/?page_id=177"},"modified":"2025-08-27T10:22:18","modified_gmt":"2025-08-27T09:22:18","slug":"vereinsbeitraege","status":"publish","type":"page","link":"https:\/\/www.tv1863-gross-zimmern.de\/?page_id=177","title":{"rendered":"Vereinsbeitr\u00e4ge"},"content":{"rendered":"<table>\n<tbody>\n<tr>\n<td width=\"326\"><strong>Grundbeitrag<\/strong><\/td>\n<td width=\"246\"><strong>ab 01.07.2023<\/strong><\/td>\n<\/tr>\n<tr>\n<td width=\"326\">Kinder<\/td>\n<td width=\"246\">9,50 \u20ac\/Monat<\/td>\n<\/tr>\n<tr>\n<td width=\"326\">Jugendliche ab 15 Jahre<\/td>\n<td width=\"246\">10,00 \u20ac\/Monat<\/td>\n<\/tr>\n<tr>\n<td width=\"326\">Erwachsene ab 18 Jahre<\/td>\n<td width=\"246\">15,00 \u20ac\/Monat<\/td>\n<\/tr>\n<tr>\n<td width=\"326\">Familie<\/td>\n<td width=\"246\">29,00 \u20ac\/Monat<\/td>\n<\/tr>\n<tr>\n<td width=\"326\">Sch\u00fcler\/ Studenten mit Nachweis -ab 18 Jahre<\/td>\n<td width=\"246\">10,00 \u20ac\/Monat<\/td>\n<\/tr>\n<tr>\n<td width=\"326\">Rentner\/ Senioren mit Nachweis<\/td>\n<td width=\"246\">11,50 \u20ac\/Monat<\/td>\n<\/tr>\n<tr>\n<td width=\"326\"><strong>Aufnahmegeb\u00fchr 5,00 \u20ac\/Person<\/strong><\/td>\n<td width=\"246\"><\/td>\n<\/tr>\n<tr>\n<td width=\"326\"><strong>Zusatzbeitr\u00e4ge<\/strong><\/td>\n<td width=\"246\"><\/td>\n<\/tr>\n<tr>\n<td width=\"326\">Taekwon-Do<\/td>\n<td width=\"246\">4,00 \u20ac\/Monat<\/td>\n<\/tr>\n<tr>\n<td width=\"326\">Bogensport (Erwachsene)<\/td>\n<td width=\"246\">3,00 \u20ac\/Monat<\/td>\n<\/tr>\n<tr>\n<td width=\"326\">Bogensport (Kinder\/Jugendliche)<\/td>\n<td width=\"246\">1,00 \u20ac\/Monat<\/td>\n<\/tr>\n<tr>\n<td width=\"326\">Klettern (Erwachsene)<\/td>\n<td width=\"246\">9,50 \u20ac\/Monat<\/td>\n<\/tr>\n<tr>\n<td width=\"326\">Klettern (Kinder, Jugendliche, Rentner)<\/td>\n<td width=\"246\">5,60 \u20ac\/Monat<\/td>\n<\/tr>\n<tr>\n<td width=\"326\">Power-Yoga Mitglieder<\/td>\n<td width=\"246\">6,00 \u20ac\/Monat<\/td>\n<\/tr>\n<tr>\n<td width=\"326\">Power-Yoga Nichtmitglieder<\/td>\n<td width=\"246\">Zehnerkarte 90,00 \u20ac<\/td>\n<\/tr>\n<tr>\n<td width=\"326\">Pilates<\/td>\n<td width=\"246\">6,00 \u20ac\/Monat<\/td>\n<\/tr>\n<tr>\n<td width=\"326\">Pilates Nichtmitglieder<\/td>\n<td width=\"246\">Zehnerkarte 80,00 \u20ac<\/td>\n<\/tr>\n<tr>\n<td width=\"326\"><\/td>\n<\/tr>\n<tr>\n<td width=\"326\"><strong>Tennis-Freifeld<\/strong><\/td>\n<td width=\"246\"><\/td>\n<\/tr>\n<tr>\n<td width=\"326\">&#8211; Erwachsene<\/td>\n<td width=\"246\">9,00 \u20ac\/Monat<\/td>\n<\/tr>\n<tr>\n<td width=\"326\">&#8211; Kinder, Jugendliche, Rentner<\/td>\n<td width=\"246\">5,10 \u20ac\/Monat<\/td>\n<\/tr>\n<\/tbody>\n<\/table>\n<h4>Tennishallenbenutzung<\/h4>\n<table style=\"height: 618px; width: 599px;\">\n<tbody>\n<tr style=\"height: 95px;\">\n<td style=\"width: 61px; height: 95px;\"><strong>Tag<\/strong><\/td>\n<td style=\"width: 103px; height: 95px;\"><strong>Uhrzeit<\/strong><\/td>\n<td style=\"width: 95px; height: 95px;\"><strong>Platzgeb\u00fchr Einzel\u00a0<\/strong><\/td>\n<td style=\"width: 94px; height: 95px;\"><strong>Abo (1.10.25 &#8211; 14.4.26)<\/strong><\/td>\n<td style=\"width: 123px; height: 95px;\"><strong>10-er Karte<\/strong><\/td>\n<td style=\"width: 123px; height: 95px;\"><strong>52 Wochen<\/strong><\/td>\n<\/tr>\n<tr style=\"height: 67px;\">\n<td style=\"width: 61px; height: 67px;\">Mo &#8211; Fr<\/td>\n<td style=\"width: 103px; height: 67px;\">07:00 &#8211; 10:00<\/td>\n<td style=\"width: 95px; height: 67px;\">20,00 \u20ac<\/td>\n<td style=\"width: 94px; height: 67px;\">512,00 \u20ac<\/td>\n<td style=\"width: 123px; height: 67px;\">\u00a0\u00a0195,00 \u20ac<\/td>\n<td style=\"width: 123px; height: 67px;\"><span style=\"font-size: 8pt;\">auf Nachfrage<\/span><\/td>\n<\/tr>\n<tr style=\"height: 67px;\">\n<td style=\"width: 61px; height: 67px;\">Mo &#8211; Fr<\/td>\n<td style=\"width: 103px; height: 67px;\">\u00a010:00 &#8211; 14:00<\/td>\n<td style=\"width: 95px; height: 67px;\">\u00a024,00 \u20ac<\/td>\n<td style=\"width: 94px; height: 67px;\">\u00a0612,00 \u20ac<\/td>\n<td style=\"width: 123px; height: 67px;\">235,00 \u20ac<\/td>\n<td style=\"width: 123px; height: 67px;\"><span style=\"font-size: 8pt;\">auf Nachfrage<\/span><\/td>\n<\/tr>\n<tr style=\"height: 67px;\">\n<td style=\"width: 61px; height: 67px;\">Mo &#8211; Fr<\/td>\n<td style=\"width: 103px; height: 67px;\">\u00a014:00 &#8211; 18:00<\/td>\n<td style=\"width: 95px; height: 67px;\">\u00a026,00 \u20ac<\/td>\n<td style=\"width: 94px; height: 67px;\">\u00a0662,00 \u20ac<\/td>\n<td style=\"width: 123px; height: 67px;\">\u00a0255,00 \u20ac<\/td>\n<td style=\"width: 123px; height: 67px;\"><span style=\"font-size: 8pt;\">auf Nachfrage<\/span><\/td>\n<\/tr>\n<tr style=\"height: 67px;\">\n<td style=\"width: 61px; height: 67px;\">Mo &#8211; Fr<\/td>\n<td style=\"width: 103px; height: 67px;\">\u00a018:00 &#8211; 22:00<\/td>\n<td style=\"width: 95px; height: 67px;\">29,00 \u20ac<\/td>\n<td style=\"width: 94px; height: 67px;\">742,00 \u20ac<\/td>\n<td style=\"width: 123px; height: 67px;\">\u00a0295,00 \u20ac<\/td>\n<td style=\"width: 123px; height: 67px;\"><span style=\"font-size: 8pt;\">auf Nachfrage<\/span><\/td>\n<\/tr>\n<tr style=\"height: 67px;\">\n<td style=\"width: 61px; height: 67px;\">Mo &#8211; Fr<\/td>\n<td style=\"width: 103px; height: 67px;\">ab 22:00 Nachttarif<\/td>\n<td style=\"width: 95px; height: 67px;\">\u00a022,00 \u20ac<\/td>\n<td style=\"width: 94px; height: 67px;\">\u00a0562,00 \u20ac<\/td>\n<td style=\"width: 123px; height: 67px;\">\u00a0215,00 \u20ac<\/td>\n<td style=\"width: 123px; height: 67px;\"><span style=\"font-size: 8pt;\">auf Nachfrage<\/span><\/td>\n<\/tr>\n<tr>\n<td style=\"width: 61px;\"><span style=\"font-size: 10pt;\">Sa\/So<\/span><\/td>\n<td style=\"width: 103px;\">bis 10:00<\/td>\n<td style=\"width: 95px;\">22,00 \u20ac<\/td>\n<td style=\"width: 94px;\">562,00 \u20ac<\/td>\n<td style=\"width: 123px;\">215,00 \u20ac<\/td>\n<td style=\"width: 123px;\"><span style=\"font-size: 8pt;\">auf Nachfrage<\/span><\/td>\n<\/tr>\n<tr>\n<td style=\"width: 61px;\"><span style=\"font-size: 10pt;\">Sa\/So<\/span><\/td>\n<td style=\"width: 103px;\">10:00-16:00<\/td>\n<td style=\"width: 95px;\">24,00 \u20ac<\/td>\n<td style=\"width: 94px;\">612,00 \u20ac<\/td>\n<td style=\"width: 123px;\">235,00 \u20ac<\/td>\n<td style=\"width: 123px;\"><span style=\"font-size: 8pt;\">auf Nachfrage<\/span><\/td>\n<\/tr>\n<tr>\n<td style=\"width: 61px;\"><span style=\"font-size: 10pt;\"><span style=\"font-size: 10pt;\">Sa\/So<\/span><br \/>\n<\/span><\/td>\n<td style=\"width: 103px;\">ab 16:00<\/td>\n<td style=\"width: 95px;\">22,00 \u20ac<\/td>\n<td style=\"width: 94px;\">562,00 \u20ac<\/td>\n<td style=\"width: 123px;\">215,00 \u20ac<\/td>\n<td style=\"width: 123px;\"><span style=\"font-size: 8pt;\">auf Nachfrage<\/span><\/td>\n<\/tr>\n<tr style=\"height: 67px;\">\n<td style=\"width: 61px; height: 67px;\"><\/td>\n<td style=\"width: 103px; height: 67px;\"><\/td>\n<td style=\"width: 95px; height: 67px;\"><\/td>\n<td style=\"width: 94px; height: 67px;\"><\/td>\n<td style=\"width: 123px; height: 67px;\"><\/td>\n<td style=\"width: 123px; height: 67px;\"><\/td>\n<\/tr>\n<\/tbody>\n<\/table>\n<p>&nbsp;<\/p>\n<p><strong>Die Nutzung der Tennishalle ist nicht im Mitgliedsbeitrag enthalten. Stundenweise Belegung bzw. Buchung der Tennishalle \u00fcber den link &#8222;Buchung Tennis&#8220; auf der Startseite der Homepage oder die Gesch\u00e4ftsstelle m\u00f6glich.<\/strong><\/p>\n<p><strong>Aufgrund der weiterhin angespannten Situation auf dem Energiemarkt sind die Platzgeb\u00fchren <u>auf Vorjahresniveau<\/u> geblieben! Vielen Dank f\u00fcr ihr Verst\u00e4ndnis!<\/strong><\/p>\n<p>In dem Betrag ist Licht und Heizung enthalten, sowie die Nutzung der Duschen.<\/p>\n<p>Die 142. Mitgliederversammlung hat am 24.03.2005 unter Bezug auf die Beitr\u00e4ge beschlossen:<br \/>\n\u201cDer Vorstand ist erm\u00e4chtigt, die Grundbeitr\u00e4ge j\u00e4hrlich bis zu 2,5% anzupassen, erstmals zum<br \/>\n01. Juli 2006.\u201c &#8211; Es wurde keine Anpassung in 2019-2022 vorgenommen &#8211; Auf der 159. Mitgliederversammlung -am 24. M\u00e4rz 2023- wurden die <strong>neuen Mitgliedsbeitr\u00e4ge<\/strong> (siehe oben) <strong>ab dem 1. Juli 2023<\/strong> beschlossen.<br \/>\nDie Anpassung soll auf der Basis des Preisindexes f\u00fcr den 4 Personenhaushalt ermittelt werden.<br \/>\nSozialbeitr\u00e4ge f\u00fcr Studenten, Wehr- und Zivildienstleistende und Rentner werden auf Antrag bei entsprechendem Nachweis zum n\u00e4chst m\u00f6glichen Termin gew\u00e4hrt. F\u00fcr Studenten, Wehr- und Zivildienstleistende sind diese befristet. Auf Antrag ist eine passive Mitgliedschaft mit geringerem Beitrag m\u00f6glich.<br \/>\nDie Mindestmitgliedsdauer betr\u00e4gt ein Jahr. Die K\u00fcndigung der Mitgliedschaft ist, gleich aus welchem Grund, nur zum Ende eines Kalenderjahres m\u00f6glich. Die K\u00fcndigungsfrist betr\u00e4gt ein Vierteljahr (30.09.).<\/p>\n","protected":false},"excerpt":{"rendered":"<p>Grundbeitrag ab 01.07.2023 Kinder 9,50 \u20ac\/Monat Jugendliche ab 15 Jahre 10,00 \u20ac\/Monat Erwachsene ab 18 Jahre 15,00 \u20ac\/Monat Familie 29,00 \u20ac\/Monat Sch\u00fcler\/ Studenten mit Nachweis<\/p>\n","protected":false},"author":2,"featured_media":0,"parent":130,"menu_order":0,"comment_status":"closed","ping_status":"closed","template":"","meta":{"footnotes":""},"class_list":["post-177","page","type-page","status-publish","hentry"],"_links":{"self":[{"href":"https:\/\/www.tv1863-gross-zimmern.de\/index.php?rest_route=\/wp\/v2\/pages\/177","targetHints":{"allow":["GET"]}}],"collection":[{"href":"https:\/\/www.tv1863-gross-zimmern.de\/index.php?rest_route=\/wp\/v2\/pages"}],"about":[{"href":"https:\/\/www.tv1863-gross-zimmern.de\/index.php?rest_route=\/wp\/v2\/types\/page"}],"author":[{"embeddable":true,"href":"https:\/\/www.tv1863-gross-zimmern.de\/index.php?rest_route=\/wp\/v2\/users\/2"}],"replies":[{"embeddable":true,"href":"https:\/\/www.tv1863-gross-zimmern.de\/index.php?rest_route=%2Fwp%2Fv2%2Fcomments&post=177"}],"version-history":[{"count":20,"href":"https:\/\/www.tv1863-gross-zimmern.de\/index.php?rest_route=\/wp\/v2\/pages\/177\/revisions"}],"predecessor-version":[{"id":6876,"href":"https:\/\/www.tv1863-gross-zimmern.de\/index.php?rest_route=\/wp\/v2\/pages\/177\/revisions\/6876"}],"up":[{"embeddable":true,"href":"https:\/\/www.tv1863-gross-zimmern.de\/index.php?rest_route=\/wp\/v2\/pages\/130"}],"wp:attachment":[{"href":"https:\/\/www.tv1863-gross-zimmern.de\/index.php?rest_route=%2Fwp%2Fv2%2Fmedia&parent=177"}],"curies":[{"name":"wp","href":"https:\/\/api.w.org\/{rel}","templated":true}]}}