{"id":188,"date":"2016-10-07T15:48:48","date_gmt":"2016-10-07T14:48:48","guid":{"rendered":"http:\/\/tv1863-gross-zimmern.de\/wordpress\/?page_id=188"},"modified":"2017-09-06T16:08:46","modified_gmt":"2017-09-06T15:08:46","slug":"klettern-tv-rock","status":"publish","type":"page","link":"https:\/\/www.tv1863-gross-zimmern.de\/?page_id=188","title":{"rendered":"Klettern"},"content":{"rendered":"<div id=\"cc-m-6702225586\" class=\"j-module n j-text \">\n<p>Der TV Rock, ein Vorreiter in Sachen Trendsportarten. Bereits seit 1997 besteht die Kletterhalle des Turnvereins in Gro\u00df-Zimmern und bietet f\u00fcr Anf\u00e4nger wie auch f\u00fcr ambitionierte Kletterer eine luftige Herausforderung.<\/p>\n<\/div>\n<div id=\"cc-m-6704252086\" class=\"j-module n j-textWithImage \">\n<div>\n<div id=\"cc-m-textwithimage-6704252086\" class=\"cc-m-textwithimage-inline-rte\" data-name=\"text\" data-action=\"text\">\n<p><a href=\"https:\/\/www.tv1863-gross-zimmern.de\/wp-content\/uploads\/2016\/10\/image.jpg\"><img loading=\"lazy\" decoding=\"async\" class=\"alignleft size-full wp-image-189\" src=\"https:\/\/www.tv1863-gross-zimmern.de\/wp-content\/uploads\/2016\/10\/image.jpg\" alt=\"image\" width=\"150\" height=\"150\"><\/a>Die Kletterhalle wurde 1997 er\u00f6ffnet, ist in Besitz des TV Gro\u00df-Zimmern und befindet sich auch auf dem Turnverein-Sportgel\u00e4nde in der Darmst\u00e4dterstra\u00dfe 43 in Gro\u00df-Zimmern. Neben dem Klettersport kann die Halle noch als Gymnastik- und Tanzhalle verwendet werden.<\/p>\n<p>Die Kletterwand bietet Anf\u00e4ngern wie auch ambitionierten Kletterern eine Herausforderung. So sind zwei verschiedene Wandfl\u00e4chen installiert: Zum einen trittraue Wandelemente in der Vertikalen, leichte \u00dcberh\u00e4nge und Verschneidungen. Und desweiteren sind 3-dimensionale Strukturw\u00e4nde verbaut, welche fels\u00e4hnliche Klettereien in \u00dcberh\u00e4ngen und D\u00e4chern zulassen.<\/p>\n<p>Auch Sanit\u00e4reinrichtungen wie Umkleiden, Waschtr\u00f6ge und WCs sind in der Halle vorhanden. Duschgelegenheiten bestehen in der gegen\u00fcberliegenden Georg-Reitzel-Halle (Sporthalle).<\/p>\n<\/div>\n<\/div>\n<\/div>\n","protected":false},"excerpt":{"rendered":"<p>Der TV Rock, ein Vorreiter in Sachen Trendsportarten. Bereits seit 1997 besteht die Kletterhalle des Turnvereins in Gro\u00df-Zimmern und bietet f\u00fcr Anf\u00e4nger wie auch f\u00fcr<\/p>\n","protected":false},"author":2,"featured_media":223,"parent":0,"menu_order":0,"comment_status":"closed","ping_status":"closed","template":"","meta":{"footnotes":""},"class_list":["post-188","page","type-page","status-publish","has-post-thumbnail","hentry"],"_links":{"self":[{"href":"https:\/\/www.tv1863-gross-zimmern.de\/index.php?rest_route=\/wp\/v2\/pages\/188","targetHints":{"allow":["GET"]}}],"collection":[{"href":"https:\/\/www.tv1863-gross-zimmern.de\/index.php?rest_route=\/wp\/v2\/pages"}],"about":[{"href":"https:\/\/www.tv1863-gross-zimmern.de\/index.php?rest_route=\/wp\/v2\/types\/page"}],"author":[{"embeddable":true,"href":"https:\/\/www.tv1863-gross-zimmern.de\/index.php?rest_route=\/wp\/v2\/users\/2"}],"replies":[{"embeddable":true,"href":"https:\/\/www.tv1863-gross-zimmern.de\/index.php?rest_route=%2Fwp%2Fv2%2Fcomments&post=188"}],"version-history":[{"count":3,"href":"https:\/\/www.tv1863-gross-zimmern.de\/index.php?rest_route=\/wp\/v2\/pages\/188\/revisions"}],"predecessor-version":[{"id":717,"href":"https:\/\/www.tv1863-gross-zimmern.de\/index.php?rest_route=\/wp\/v2\/pages\/188\/revisions\/717"}],"wp:featuredmedia":[{"embeddable":true,"href":"https:\/\/www.tv1863-gross-zimmern.de\/index.php?rest_route=\/wp\/v2\/media\/223"}],"wp:attachment":[{"href":"https:\/\/www.tv1863-gross-zimmern.de\/index.php?rest_route=%2Fwp%2Fv2%2Fmedia&parent=188"}],"curies":[{"name":"wp","href":"https:\/\/api.w.org\/{rel}","templated":true}]}}