{"id":224,"date":"2016-11-16T22:30:04","date_gmt":"2016-11-16T21:30:04","guid":{"rendered":"http:\/\/tv1863-gross-zimmern.de\/wordpress\/?page_id=224"},"modified":"2024-05-03T15:15:19","modified_gmt":"2024-05-03T14:15:19","slug":"kletterangebot","status":"publish","type":"page","link":"https:\/\/www.tv1863-gross-zimmern.de\/?page_id=224","title":{"rendered":"Kurse und Trainingsm\u00f6glichkeiten"},"content":{"rendered":"<p><strong>Beim TV-Rock k\u00f6nnen Anf\u00e4nger wie auch Fortgeschrittene den Klettersport kennenlernen und aus\u00fcben:<\/strong><\/p>\n<hr \/>\n<p><strong>Schnupperklettern<\/strong><\/p>\n<p><a href=\"https:\/\/www.tv1863-gross-zimmern.de\/wp-content\/uploads\/2016\/10\/Bildschirmfoto-2016-10-07-um-17.11.46.png\"><img loading=\"lazy\" decoding=\"async\" class=\"alignleft size-thumbnail wp-image-191\" src=\"https:\/\/www.tv1863-gross-zimmern.de\/wp-content\/uploads\/2016\/10\/Bildschirmfoto-2016-10-07-um-17.11.46-150x150.png\" alt=\"Kletter_Herz\" width=\"150\" height=\"150\" \/><\/a>Ist Klettern ein Sport f\u00fcr mich?<br \/>\nUm\u00a0das herauszufinden ist ein Schnupperklettern die beste M\u00f6glichkeit.<\/p>\n<p>Unter Anleitung von geschultem Fachpersonal und mit Seil gesichert k\u00f6nnen beim Schnupperklettern erste Erfahrungen in der Vertikalen gemacht werden.Kinder und Jugendliche sind d\u00fcrfen dazu einfach die Trainingsgruppe am Montag besuchen. Alle die \u00e4lter als 18 Jahre sind vereinbaren bitte einen Termin mit unseren \u00dcbungsleitern.<\/p>\n<hr \/>\n<p><strong>Trainingsgruppen<\/strong><\/p>\n<p><a href=\"https:\/\/www.tv1863-gross-zimmern.de\/wp-content\/uploads\/2016\/11\/image-2.jpg\"><img loading=\"lazy\" decoding=\"async\" class=\"alignleft size-thumbnail wp-image-229\" src=\"https:\/\/www.tv1863-gross-zimmern.de\/wp-content\/uploads\/2016\/11\/image-2-150x150.jpg\" alt=\"image-2\" width=\"150\" height=\"150\" \/><\/a>Einmal w\u00f6chentlich trainiert die &#8222;TV Rock Jugend&#8220; unter Anweisung eines \u00dcbungsleiters die Sicherheits- und Klettertechnik, sowie gegenseitiges Vertrauen zu st\u00e4rken. Daf\u00fcr steht der Montag zur Verf\u00fcgung. Die Teilnahme ist f\u00fcr Kletterneulinge wie erfahrene Bergfreunde von 10-16 Jahren m\u00f6glich.<br \/>\nTrainingszeiten finden Sie auf der rechten Seite.<\/p>\n<p>Details:<br \/>\n&#8211; Knoten- und Sicherheitslehre<br \/>\n&#8211; Klettertechniken<br \/>\n&#8211; Vertrauens\u00fcbungen<\/p>\n<p style=\"text-align: justify;\">Ansprechpartner:\u00a0<em>Thomas Maruhn<\/em><\/p>\n<hr \/>\n<p><strong>Offenes Klettern<\/strong><\/p>\n<p><a href=\"https:\/\/www.tv1863-gross-zimmern.de\/wp-content\/uploads\/2016\/11\/Bildschirmfoto-2016-11-16-um-22.41.07.png\"><img loading=\"lazy\" decoding=\"async\" class=\"alignleft size-thumbnail wp-image-228\" src=\"https:\/\/www.tv1863-gross-zimmern.de\/wp-content\/uploads\/2016\/11\/Bildschirmfoto-2016-11-16-um-22.41.07-150x150.png\" alt=\"bildschirmfoto-2016-11-16-um-22-41-07\" width=\"150\" height=\"150\" \/><\/a>Die Trainingszeiten des &#8222;Offenen Klettern&#8220; stehen all denen zur Verf\u00fcgung, die bereits die notwendigen Sicherheitstechniken (Knotenlehre, Sichern) beherrschen und somit selbstst\u00e4ndig und eigenverantwortlichu klettern k\u00f6nnen. F\u00fcr Neulinge oder Unge\u00fcbte besteht die M\u00f6glichkeit ein Schnupperklettern zu besuchen oder an einem Grundkletterkurs teilzunehmen. Infos f\u00fcr Anf\u00e4nger findet ihr hier.<\/p>\n<p>Das Klettern kostet pro Abend 5\u20ac, Kletterausr\u00fcstung kann f\u00fcr weitere 5\u20ac [2\u20ac Schuhe \/ 3\u20ac Gurt+Sicherungsger\u00e4te] ausgeliehen werden.<\/p>\n<p>\u00d6ffnungszeiten findet ihr hier.<\/p>\n<hr \/>\n<p><strong>Erweiterter Kletterkurs<\/strong><\/p>\n<p>Du m\u00f6chtest dein Kletterk\u00f6nnen erweitern und du kletterst den 5. Schwierigkeitsgrad solide? Dann kannst du im erweiterten Kletterkurs richtig durchstarten.<\/p>\n<p>Auch beim erweiterten Kletterkurs k\u00f6nnen Personen ab 14 Jahren teilnehmen.<\/p>\n<p>Lernziel des Kurses sind die Sicherungstechniken im Vorstieg. Es werden erweiterte Kenntnisse gewonnen und eine neue Liga der Kletterart ge\u00f6ffnet. Der Kurs schlie\u00dft mit einer kleinen Pr\u00fcfung zur Erlangungen des Kletterscheines (Hallenklettern Vorstieg) ab.<\/p>\n<p>Lehrinhalte<\/p>\n<ul>\n<li>Erkl\u00e4rung der Fachbegriffe + Besonderheiten des Vorstiegs<\/li>\n<li>Vermittlung Sicherungstechnik + erweiteter Klettertechniken<\/li>\n<li>Vermittlung des Sturzverhaltens<\/li>\n<\/ul>\n<p>Der Grundkletterkurs ist auf 2 Tage \u00e1 3,0 Stunden aufgeteilt. Die Termine werden mit einem \u00dcbungsleiter vereinbart. Es sind 3-4 Personen daf\u00fcr notwendig.<\/p>\n<p>Preise &#8211; inkl. Leihmaterial, Halleneintritt, Ausstellung des Kletterscheines und Trainer findet ist hier.<\/p>\n<hr \/>\n<p>&nbsp;<\/p>\n<hr \/>\n<p><strong>Events \/\u00a0Geburtstage<\/strong><\/p>\n<p><a href=\"https:\/\/www.tv1863-gross-zimmern.de\/wp-content\/uploads\/2016\/11\/image-4.jpg\"><img loading=\"lazy\" decoding=\"async\" class=\"alignleft size-full wp-image-231\" src=\"https:\/\/www.tv1863-gross-zimmern.de\/wp-content\/uploads\/2016\/11\/image-4.jpg\" alt=\"image-4\" width=\"103\" height=\"148\" \/><\/a>Ob Kollegen, Vereinsgruppen oder eine Schar von Kindern, die Abenteuer und die Herausforderung suchen und zugleich das gegenseitige Vertrauen st\u00e4rken m\u00f6chten, finden hier schnell zu ihren Zielen. Unter Anleitung eines \u00dcbungsleiters werden die notwendigen Basics erl\u00e4utert und anschlie\u00dfend direkt die Vertikale aufgesucht. Wir empfehlen eine Kursdauer von 2 Std, kommen Ihren W\u00fcnschen aber auch gerne entgegen. Die Kosten f\u00fcr ein Event sind unter Preise einzusehen. (Termin nach Absprache).<\/p>\n<p>Ansprechpartner: Thomas Maruhn 0157-81965287 oder die TV-Gesch\u00e4ftsstelle 06071-739424<\/p>\n","protected":false},"excerpt":{"rendered":"<p>Beim TV-Rock k\u00f6nnen Anf\u00e4nger wie auch Fortgeschrittene den Klettersport kennenlernen und aus\u00fcben: Schnupperklettern Ist Klettern ein Sport f\u00fcr mich? Um\u00a0das herauszufinden ist ein Schnupperklettern die<\/p>\n","protected":false},"author":2,"featured_media":223,"parent":188,"menu_order":0,"comment_status":"closed","ping_status":"closed","template":"","meta":{"footnotes":""},"class_list":["post-224","page","type-page","status-publish","has-post-thumbnail","hentry"],"_links":{"self":[{"href":"https:\/\/www.tv1863-gross-zimmern.de\/index.php?rest_route=\/wp\/v2\/pages\/224","targetHints":{"allow":["GET"]}}],"collection":[{"href":"https:\/\/www.tv1863-gross-zimmern.de\/index.php?rest_route=\/wp\/v2\/pages"}],"about":[{"href":"https:\/\/www.tv1863-gross-zimmern.de\/index.php?rest_route=\/wp\/v2\/types\/page"}],"author":[{"embeddable":true,"href":"https:\/\/www.tv1863-gross-zimmern.de\/index.php?rest_route=\/wp\/v2\/users\/2"}],"replies":[{"embeddable":true,"href":"https:\/\/www.tv1863-gross-zimmern.de\/index.php?rest_route=%2Fwp%2Fv2%2Fcomments&post=224"}],"version-history":[{"count":8,"href":"https:\/\/www.tv1863-gross-zimmern.de\/index.php?rest_route=\/wp\/v2\/pages\/224\/revisions"}],"predecessor-version":[{"id":5886,"href":"https:\/\/www.tv1863-gross-zimmern.de\/index.php?rest_route=\/wp\/v2\/pages\/224\/revisions\/5886"}],"up":[{"embeddable":true,"href":"https:\/\/www.tv1863-gross-zimmern.de\/index.php?rest_route=\/wp\/v2\/pages\/188"}],"wp:featuredmedia":[{"embeddable":true,"href":"https:\/\/www.tv1863-gross-zimmern.de\/index.php?rest_route=\/wp\/v2\/media\/223"}],"wp:attachment":[{"href":"https:\/\/www.tv1863-gross-zimmern.de\/index.php?rest_route=%2Fwp%2Fv2%2Fmedia&parent=224"}],"curies":[{"name":"wp","href":"https:\/\/api.w.org\/{rel}","templated":true}]}}