{"id":3132,"date":"2020-10-06T20:25:10","date_gmt":"2020-10-06T19:25:10","guid":{"rendered":"http:\/\/tv1863-gross-zimmern.de\/wordpress\/?page_id=3132"},"modified":"2026-01-12T14:03:26","modified_gmt":"2026-01-12T13:03:26","slug":"fun-dance","status":"publish","type":"page","link":"https:\/\/www.tv1863-gross-zimmern.de\/?page_id=3132","title":{"rendered":"Fun-Dance"},"content":{"rendered":"<div><\/div>\n<p><strong><em><span style=\"color: #ff0000;\">Bitte Anfragen zu Besuche von Schnupperm\u00e4dchen vorher per E-Mail senden. Keine spontanen Besuche.<\/span><br \/>\n<\/em><\/strong><\/p>\n<div>Bitte immer das Alter\/Geb.-Datum des M\u00e4dchens angeben. Ist das M\u00e4dchen kein Mitglied des Turnverein Gro\u00df-Zimmern, ist eine 3-malige Schnupper-Zeit m\u00f6glich. Falls ein Unfall passieren sollte, dann ist das M\u00e4dchen durch den Turnverein versichert. Nach 3 Besuchen sollte sich das M\u00e4dchen entscheiden ob es in der Gruppe bleiben oder in eine andere Sportart\/Abteilung schnuppern m\u00f6chte. <strong><br \/>\n<\/strong><\/div>\n<div>Die Teilnahme in den Abteilungen im Turnverein Gro\u00df-Zimmern sind nicht kostenlos.<\/div>\n<div><strong>Wenn das M\u00e4dchen bleiben m\u00f6chte, dann ist eine Anmeldung und Zahlung eines Mitgliedsbeitrags im Turnverein verpflichtend.<\/strong><\/div>\n<header>==========<\/header>\n<header class=\"entry-header\">F\u00fcr <strong>ALLE<\/strong> M\u00e4dchen und \u00dcbungsleiterinnen gilt f\u00fcr jedes Training<strong> IMMER<\/strong>:<\/header>\n<header class=\"entry-header\">Bitte nur kommen wenn die M\u00e4dchen gesund sind; <strong>ohne Erk\u00e4ltungssymptome.<\/strong><\/header>\n<header class=\"entry-header\"><\/header>\n","protected":false},"excerpt":{"rendered":"<p>Bitte Anfragen zu Besuche von Schnupperm\u00e4dchen vorher per E-Mail senden. Keine spontanen Besuche. Bitte immer das Alter\/Geb.-Datum des M\u00e4dchens angeben. Ist das M\u00e4dchen kein Mitglied<\/p>\n","protected":false},"author":2,"featured_media":930,"parent":418,"menu_order":0,"comment_status":"closed","ping_status":"closed","template":"","meta":{"footnotes":""},"class_list":["post-3132","page","type-page","status-publish","has-post-thumbnail","hentry"],"_links":{"self":[{"href":"https:\/\/www.tv1863-gross-zimmern.de\/index.php?rest_route=\/wp\/v2\/pages\/3132","targetHints":{"allow":["GET"]}}],"collection":[{"href":"https:\/\/www.tv1863-gross-zimmern.de\/index.php?rest_route=\/wp\/v2\/pages"}],"about":[{"href":"https:\/\/www.tv1863-gross-zimmern.de\/index.php?rest_route=\/wp\/v2\/types\/page"}],"author":[{"embeddable":true,"href":"https:\/\/www.tv1863-gross-zimmern.de\/index.php?rest_route=\/wp\/v2\/users\/2"}],"replies":[{"embeddable":true,"href":"https:\/\/www.tv1863-gross-zimmern.de\/index.php?rest_route=%2Fwp%2Fv2%2Fcomments&post=3132"}],"version-history":[{"count":59,"href":"https:\/\/www.tv1863-gross-zimmern.de\/index.php?rest_route=\/wp\/v2\/pages\/3132\/revisions"}],"predecessor-version":[{"id":7096,"href":"https:\/\/www.tv1863-gross-zimmern.de\/index.php?rest_route=\/wp\/v2\/pages\/3132\/revisions\/7096"}],"up":[{"embeddable":true,"href":"https:\/\/www.tv1863-gross-zimmern.de\/index.php?rest_route=\/wp\/v2\/pages\/418"}],"wp:featuredmedia":[{"embeddable":true,"href":"https:\/\/www.tv1863-gross-zimmern.de\/index.php?rest_route=\/wp\/v2\/media\/930"}],"wp:attachment":[{"href":"https:\/\/www.tv1863-gross-zimmern.de\/index.php?rest_route=%2Fwp%2Fv2%2Fmedia&parent=3132"}],"curies":[{"name":"wp","href":"https:\/\/api.w.org\/{rel}","templated":true}]}}