{"id":3147,"date":"2020-10-06T20:44:39","date_gmt":"2020-10-06T19:44:39","guid":{"rendered":"http:\/\/tv1863-gross-zimmern.de\/wordpress\/?page_id=3147"},"modified":"2025-01-13T12:18:35","modified_gmt":"2025-01-13T11:18:35","slug":"trainingszeiten","status":"publish","type":"page","link":"https:\/\/www.tv1863-gross-zimmern.de\/?page_id=3147","title":{"rendered":"Trainingszeiten Rhythmische Gymnastik"},"content":{"rendered":"<p>Die M\u00e4dchen der Gruppen Wettkampf und Fortgeschrittene werden trainiert von <strong>Jessica Krau\u00df und Isabelle Wesp<\/strong>, beide haben beim Hessischen Turnverband die DOSB-Trainer-C-Lizenz absolviert. Bei Wettk\u00e4mpfen sind sie als Wettkampfrichterinnen t\u00e4tig. Die \u00dcbungsleiterinnen <strong>Su, Christina, Viktoria und Daria<\/strong> haben ihre Lizenzen beim Turngau Odenwald absolviert.<\/p>\n<p>GRH=Georgi-Reitzel-Halle, KH=Kletterhalle, MZH=Mehrzweckhalle<\/p>\n<h3><strong>M\u00e4dchen ab Jahrgang 2017<\/strong><\/h3>\n<div><strong>Schnuppern + <\/strong><strong>Anf\u00e4nger + <\/strong><strong>Fortgeschrittene die noch nicht am Wettkampf teilnehmen<\/strong><strong>: <\/strong><\/div>\n<div>\u2022 Montag \u00a0 \u00a0 \u00a0 <strong>16:00<\/strong>-17:25 Uhr, GRH<\/div>\n<div><\/div>\n<h3><strong>M\u00e4dchen ab Jahrgang 2015, Fortgeschrittene und Wettkampf P4-P6: <\/strong><\/h3>\n<div>\u2022 Montag\u00a0\u00a0\u00a0\u00a0 <strong>17:30<\/strong>-19:00 Uhr gemeinsam <strong>Fortgeschrittene und Wettkampf<\/strong>, MZH, Rathausplatz 2<\/div>\n<div>\u2022 Mittwoch\u00a0\u00a0<strong> 16:00<\/strong>-17:30 Uhr f\u00fcr <strong>Wettkampf<\/strong><\/div>\n<div>\u2022 Mittwoch\u00a0\u00a0<strong> 16:00<\/strong>-17:30 Uhr f\u00fcr <strong>Fortgeschrittene<\/strong> in der GRH<\/div>\n<div><\/div>\n<h3><strong>M\u00e4dchen Jahrgang 2016 und \u00e4lter, Fortgeschrittene und Wettkampf P4-P9:<\/strong><\/h3>\n<div>\u2022 Montag\u00a0\u00a0\u00a0\u00a0 <strong>17:30<\/strong>-19:00 Uhr MZH<\/div>\n<div>\n<div>\u2022 Mittwoch\u00a0\u00a0 <strong>17:30<\/strong>-19:00 Uhr GRH<\/div>\n<div>\u2022 Samstag\u00a0\u00a0\u00a0 nach Absprache 11:30-13:30 Uhr, KH<\/div>\n<\/div>\n<div><\/div>\n<p>F\u00fcr <strong>ALLE<\/strong> gilt f\u00fcr jedes Training<strong> IMMER<\/strong>: Bitte nur kommen wenn die M\u00e4dchen gesund sind; <strong>ohne Erk\u00e4ltungssymptome. Kranke Kinder sollten generell keinen Sport machen.<br \/>\n<\/strong><\/p>\n<div><strong>Bekleidung:<\/strong><\/div>\n<div>-KEINEN Schmuck tragen<\/div>\n<div>-lange Haare bitte zusammenbinden, offenes Haar st\u00f6rt beim Sport<\/div>\n<div>-Leggins und T-Shirt kurz oder lang wie das Kind m\u00f6chte<br \/>\n-Schl\u00e4ppchen oder Socken; keine Turnschuhe weil diese zu steif f\u00fcr die Bewegungen sind<br \/>\n-Turnanzug wenn vorhanden; ohne R\u00f6ckchen weil die Seile\/B\u00e4nder daran h\u00e4ngen bleiben<\/div>\n<div>-eigene Ger\u00e4te wenn vorhanden<\/div>\n<div>-eigene Getr\u00e4nke<strong><br \/>\n<\/strong><\/div>\n<p><strong>\u00a0<\/strong><\/p>\n","protected":false},"excerpt":{"rendered":"<p>Die M\u00e4dchen der Gruppen Wettkampf und Fortgeschrittene werden trainiert von Jessica Krau\u00df und Isabelle Wesp, beide haben beim Hessischen Turnverband die DOSB-Trainer-C-Lizenz absolviert. Bei Wettk\u00e4mpfen<\/p>\n","protected":false},"author":2,"featured_media":930,"parent":418,"menu_order":0,"comment_status":"closed","ping_status":"closed","template":"","meta":{"footnotes":""},"class_list":["post-3147","page","type-page","status-publish","has-post-thumbnail","hentry"],"_links":{"self":[{"href":"https:\/\/www.tv1863-gross-zimmern.de\/index.php?rest_route=\/wp\/v2\/pages\/3147","targetHints":{"allow":["GET"]}}],"collection":[{"href":"https:\/\/www.tv1863-gross-zimmern.de\/index.php?rest_route=\/wp\/v2\/pages"}],"about":[{"href":"https:\/\/www.tv1863-gross-zimmern.de\/index.php?rest_route=\/wp\/v2\/types\/page"}],"author":[{"embeddable":true,"href":"https:\/\/www.tv1863-gross-zimmern.de\/index.php?rest_route=\/wp\/v2\/users\/2"}],"replies":[{"embeddable":true,"href":"https:\/\/www.tv1863-gross-zimmern.de\/index.php?rest_route=%2Fwp%2Fv2%2Fcomments&post=3147"}],"version-history":[{"count":108,"href":"https:\/\/www.tv1863-gross-zimmern.de\/index.php?rest_route=\/wp\/v2\/pages\/3147\/revisions"}],"predecessor-version":[{"id":6341,"href":"https:\/\/www.tv1863-gross-zimmern.de\/index.php?rest_route=\/wp\/v2\/pages\/3147\/revisions\/6341"}],"up":[{"embeddable":true,"href":"https:\/\/www.tv1863-gross-zimmern.de\/index.php?rest_route=\/wp\/v2\/pages\/418"}],"wp:featuredmedia":[{"embeddable":true,"href":"https:\/\/www.tv1863-gross-zimmern.de\/index.php?rest_route=\/wp\/v2\/media\/930"}],"wp:attachment":[{"href":"https:\/\/www.tv1863-gross-zimmern.de\/index.php?rest_route=%2Fwp%2Fv2%2Fmedia&parent=3147"}],"curies":[{"name":"wp","href":"https:\/\/api.w.org\/{rel}","templated":true}]}}