{"id":315,"date":"2017-01-18T13:43:27","date_gmt":"2017-01-18T12:43:27","guid":{"rendered":"http:\/\/tv1863-gross-zimmern.de\/wordpress\/?page_id=315"},"modified":"2026-01-07T11:18:27","modified_gmt":"2026-01-07T10:18:27","slug":"trainingszeiten","status":"publish","type":"page","link":"https:\/\/www.tv1863-gross-zimmern.de\/?page_id=315","title":{"rendered":"Trainingszeiten"},"content":{"rendered":"<h4><strong>Kontakt:\u00a0Harald Karnstedt \u2013 0173 327 737 1\u00a0<\/strong><\/h4>\n<h4>Mannschaften (Erwachsene)<\/h4>\n<ul>\n<li>Montags 20:00-22:00 Uhr (nur im Sommer) \u2013 Auf der Leer (Trainer: Sven Karnstedt)<\/li>\n<li>Mittwochs 20:00-22:00 Uhr \u2013 Mehrzweckhalle (Trainer: Sven Karnstedt)<\/li>\n<li>Donnerstags 20:00-22:00 Uhr \u2013 Schlossgartenhalle (freies Spiel, Trainer: Harald Karnstedt)<\/li>\n<\/ul>\n<h4>\u00a0Freizeitspieler (Erwachsene)<\/h4>\n<ul>\n<li>Dienstags 19:00-22:00 Uhr \u2013 Schlossgartenhalle (Trainerin: H. Hermann)<\/li>\n<li>Dienstags 19:00-21:00 Uhr &#8211; Mehrzweckhalle (Trainer: T. Gladitz)<\/li>\n<li>Donnerstags 18:00-20:00 Uhr \u2013 Schlossgartenhalle (Trainerin: Heike Hermann)<\/li>\n<li>Freitags 18:00-20:00 Uhr \u2013 Georgi-Reitzel-Halle (Trainer: Harald Karnstedt)<\/li>\n<\/ul>\n<h4>Sch\u00fcler\/Jugend\/Minis (Mannschaft)<\/h4>\n<ul>\n<li>Dienstags 17:00-19:00 Uhr &#8211; Mehrzweckhalle (Trainer: Jonas L\u00f6hndorf, Loredana Firinu)<\/li>\n<li>nur vom 1.04.2026 bis 30.9.2026<\/li>\n<\/ul>\n<h4>Sch\u00fcler\/Jugend\/Minis (Anf\u00e4nger, Freizeit)<\/h4>\n<ul>\n<li>Donnerstags 16:30-18:00 Uhr \u2013 Schlossgartenhalle (Trainerin Heike Hermann) &#8211; <span style=\"color: #339966;\">in der Winterpause, weiter geht es am 15.1.2026<\/span><\/li>\n<li>Freitags 16:00-18:00 Uhr- Neue Sporthalle der Albert-Schweitzer-Schule (Trainerin: Loredana Firinu) &#8211; <span style=\"color: #339966;\">in der Winterpause, weiter geht es am 16.1.2026<\/span><\/li>\n<\/ul>\n<h5>Hallenanschriften Dieburg<\/h5>\n<ul>\n<li>ABC-Halle, Auf der Leer 10, 64807 Dieburg<\/li>\n<li>Schlo\u00dfgartenhalle, Schillerstrasse (bis zum Ende fahren), 64807 Dieburg<\/li>\n<li>Sporthalle Auf der Leer, Auf der Leer 15 (Zufahrt \u00fcber Darmst\u00e4dter Stra\u00dfe), 64807 Dieburg<\/li>\n<\/ul>\n<h5>Hallenanschriften Gro\u00df-Zimmern<\/h5>\n<ul>\n<li>Georgi-Reitzel-Halle, Darmst\u00e4dter Stra\u00dfe 43, 64846 Gro\u00df-Zimmern<\/li>\n<li>Mehrzweckhalle, Jahnstra\u00dfe\/Ecke Kirchstra\u00dfe, 64846 Gro\u00df-Zimmern<\/li>\n<li>Albert-Schweitzer-Schule (Alte und Neue Halle), Dresdener Stra\u00dfe 1, 64846 Gro\u00df-Zimmern<\/li>\n<\/ul>\n","protected":false},"excerpt":{"rendered":"<p>Kontakt:\u00a0Harald Karnstedt \u2013 0173 327 737 1\u00a0 Mannschaften (Erwachsene) Montags 20:00-22:00 Uhr (nur im Sommer) \u2013 Auf der Leer (Trainer: Sven Karnstedt) Mittwochs 20:00-22:00 Uhr<\/p>\n","protected":false},"author":2,"featured_media":0,"parent":5,"menu_order":0,"comment_status":"closed","ping_status":"closed","template":"","meta":{"footnotes":""},"class_list":["post-315","page","type-page","status-publish","hentry"],"_links":{"self":[{"href":"https:\/\/www.tv1863-gross-zimmern.de\/index.php?rest_route=\/wp\/v2\/pages\/315","targetHints":{"allow":["GET"]}}],"collection":[{"href":"https:\/\/www.tv1863-gross-zimmern.de\/index.php?rest_route=\/wp\/v2\/pages"}],"about":[{"href":"https:\/\/www.tv1863-gross-zimmern.de\/index.php?rest_route=\/wp\/v2\/types\/page"}],"author":[{"embeddable":true,"href":"https:\/\/www.tv1863-gross-zimmern.de\/index.php?rest_route=\/wp\/v2\/users\/2"}],"replies":[{"embeddable":true,"href":"https:\/\/www.tv1863-gross-zimmern.de\/index.php?rest_route=%2Fwp%2Fv2%2Fcomments&post=315"}],"version-history":[{"count":29,"href":"https:\/\/www.tv1863-gross-zimmern.de\/index.php?rest_route=\/wp\/v2\/pages\/315\/revisions"}],"predecessor-version":[{"id":7082,"href":"https:\/\/www.tv1863-gross-zimmern.de\/index.php?rest_route=\/wp\/v2\/pages\/315\/revisions\/7082"}],"up":[{"embeddable":true,"href":"https:\/\/www.tv1863-gross-zimmern.de\/index.php?rest_route=\/wp\/v2\/pages\/5"}],"wp:attachment":[{"href":"https:\/\/www.tv1863-gross-zimmern.de\/index.php?rest_route=%2Fwp%2Fv2%2Fmedia&parent=315"}],"curies":[{"name":"wp","href":"https:\/\/api.w.org\/{rel}","templated":true}]}}