{"id":3155,"date":"2020-10-06T21:06:27","date_gmt":"2020-10-06T20:06:27","guid":{"rendered":"http:\/\/tv1863-gross-zimmern.de\/wordpress\/?page_id=3155"},"modified":"2026-01-19T09:52:18","modified_gmt":"2026-01-19T08:52:18","slug":"trainingszeiten-fun-dance","status":"publish","type":"page","link":"https:\/\/www.tv1863-gross-zimmern.de\/?page_id=3155","title":{"rendered":"Trainingszeiten Fun-Dance"},"content":{"rendered":"<div><\/div>\n<div><\/div>\n<div><strong>M\u00e4dchen 5-8 Jahre: <\/strong>Donnerstags 16:20-17:20 Uhr in der Kletterhalle<\/div>\n<div><\/div>\n<div><strong style=\"font-size: 1rem;\">M\u00e4dchen 9-11 Jahre: <\/strong><span style=\"font-size: 1rem;\">Donnerstags 17:20-18:50 Uhr in der Kletterhalle<\/span><\/div>\n<div>\n<p><strong>M\u00e4dchen ab 12 Jahre: <\/strong>Dienstags 17:00-18:00 Uhr in der Kletterhalle<\/p>\n<p><strong>Die Kommunikation zu Trainingsinformationen usw. erfolgt \u00fcber unseren WhatsApp-Gruppen-Chat.<\/strong><\/p>\n<\/div>\n<div><\/div>\n<p>&nbsp;<\/p>\n<p>&nbsp;<\/p>\n","protected":false},"excerpt":{"rendered":"<p>M\u00e4dchen 5-8 Jahre: Donnerstags 16:20-17:20 Uhr in der Kletterhalle M\u00e4dchen 9-11 Jahre: Donnerstags 17:20-18:50 Uhr in der Kletterhalle M\u00e4dchen ab 12 Jahre: Dienstags 17:00-18:00 Uhr<\/p>\n","protected":false},"author":2,"featured_media":930,"parent":418,"menu_order":0,"comment_status":"closed","ping_status":"closed","template":"","meta":{"footnotes":""},"class_list":["post-3155","page","type-page","status-publish","has-post-thumbnail","hentry"],"_links":{"self":[{"href":"https:\/\/www.tv1863-gross-zimmern.de\/index.php?rest_route=\/wp\/v2\/pages\/3155","targetHints":{"allow":["GET"]}}],"collection":[{"href":"https:\/\/www.tv1863-gross-zimmern.de\/index.php?rest_route=\/wp\/v2\/pages"}],"about":[{"href":"https:\/\/www.tv1863-gross-zimmern.de\/index.php?rest_route=\/wp\/v2\/types\/page"}],"author":[{"embeddable":true,"href":"https:\/\/www.tv1863-gross-zimmern.de\/index.php?rest_route=\/wp\/v2\/users\/2"}],"replies":[{"embeddable":true,"href":"https:\/\/www.tv1863-gross-zimmern.de\/index.php?rest_route=%2Fwp%2Fv2%2Fcomments&post=3155"}],"version-history":[{"count":63,"href":"https:\/\/www.tv1863-gross-zimmern.de\/index.php?rest_route=\/wp\/v2\/pages\/3155\/revisions"}],"predecessor-version":[{"id":7097,"href":"https:\/\/www.tv1863-gross-zimmern.de\/index.php?rest_route=\/wp\/v2\/pages\/3155\/revisions\/7097"}],"up":[{"embeddable":true,"href":"https:\/\/www.tv1863-gross-zimmern.de\/index.php?rest_route=\/wp\/v2\/pages\/418"}],"wp:featuredmedia":[{"embeddable":true,"href":"https:\/\/www.tv1863-gross-zimmern.de\/index.php?rest_route=\/wp\/v2\/media\/930"}],"wp:attachment":[{"href":"https:\/\/www.tv1863-gross-zimmern.de\/index.php?rest_route=%2Fwp%2Fv2%2Fmedia&parent=3155"}],"curies":[{"name":"wp","href":"https:\/\/api.w.org\/{rel}","templated":true}]}}