{"id":331,"date":"2017-01-18T16:27:02","date_gmt":"2017-01-18T15:27:02","guid":{"rendered":"http:\/\/tv1863-gross-zimmern.de\/wordpress\/?page_id=331"},"modified":"2022-04-17T07:51:32","modified_gmt":"2022-04-17T06:51:32","slug":"bogensport-2","status":"publish","type":"page","link":"https:\/\/www.tv1863-gross-zimmern.de\/?page_id=331","title":{"rendered":"Bogensport"},"content":{"rendered":"<h3><a href=\"https:\/\/www.tv1863-gross-zimmern.de\/wp-content\/uploads\/2021\/08\/Wappen_test.png\"><img loading=\"lazy\" decoding=\"async\" class=\"wp-image-3867 aligncenter\" src=\"https:\/\/www.tv1863-gross-zimmern.de\/wp-content\/uploads\/2021\/08\/Wappen_test.png\" alt=\"\" width=\"128\" height=\"143\" \/><\/a><\/h3>\n<h3>Herzlich Willkommen bei den Bogensch\u00fctzen<\/h3>\n<p>Die Bogensport-Abteilung des TV Gro\u00df-Zimmern besteht aus ca. 170 Mitgliedern. Wir sind eine bunt gemischte Gruppe. Damen, Herren, Jugendliche und Kinder trainieren ganzj\u00e4hrig auf unserem Bogenplatz oder in den \u00f6rtlichen Turnhallen.<\/p>\n<table style=\"width: 100%;\">\n<tbody>\n<tr>\n<td style=\"width: 49.24242424242424%;\"><a href=\"https:\/\/www.tv1863-gross-zimmern.de\/wp-content\/uploads\/2017\/01\/Bogen_Halle.jpg\"><img loading=\"lazy\" decoding=\"async\" class=\"alignleft wp-image-334\" src=\"https:\/\/www.tv1863-gross-zimmern.de\/wp-content\/uploads\/2017\/01\/Bogen_Halle.jpg\" width=\"266\" height=\"136\" \/><\/a><\/td>\n<td style=\"width: 49.24242424242424%;\"><img loading=\"lazy\" decoding=\"async\" class=\"alignleft wp-image-335\" src=\"https:\/\/www.tv1863-gross-zimmern.de\/wp-content\/uploads\/2017\/01\/Bogensportanlage.jpg\" width=\"250\" height=\"136\" \/><\/td>\n<\/tr>\n<tr>\n<td style=\"width: 49.24242424242424%;\">Training in der Halle<\/td>\n<td style=\"width: 49.24242424242424%;\">Bogensportanlage<\/td>\n<\/tr>\n<\/tbody>\n<\/table>\n<p>Vorwiegend im Sommer nehmen wir an ausw\u00e4rtigen Turnieren teil; aber auch auf der eigenen Bogensportanlage werden Wettk\u00e4mpfe ausgerichtet. Die beliebtesten Veranstaltungen sind unser Sommerfest und das Ortsvereinsschie\u00dfen. Hier werden Vereine oder andere Gruppierungen aus Gro\u00df-Zimmern und Umgebung zum sportlichen Wettkampf um gute Platzierungen und selbst hergestellten Troph\u00e4en eingeladen.<br \/>\nDamit unsere Sportanlage und die vereinseigene Bogensportausr\u00fcstung instand gehalten wird, treffen sich die Aktiven auch zu Arbeitseins\u00e4tzen. Nat\u00fcrlich kommt das gesellige Miteinander nie zu kurz. Da wird so mancher spontane Grillabend organisiert und einmal im Jahr, mit gro\u00dfem Spektakel, das Spanferkel verzehrt.<\/p>\n<p>Interesse am Bogensport bei uns?<br \/>\nKomm doch einfach mal zum Training vorbei, wir freuen uns auf Dich!<\/p>\n<p><!--nextpage--><\/p>\n","protected":false},"excerpt":{"rendered":"<p>Herzlich Willkommen bei den Bogensch\u00fctzen Die Bogensport-Abteilung des TV Gro\u00df-Zimmern besteht aus ca. 170 Mitgliedern. Wir sind eine bunt gemischte Gruppe. Damen, Herren, Jugendliche und<\/p>\n","protected":false},"author":2,"featured_media":0,"parent":0,"menu_order":0,"comment_status":"closed","ping_status":"closed","template":"","meta":{"footnotes":""},"class_list":["post-331","page","type-page","status-publish","hentry"],"_links":{"self":[{"href":"https:\/\/www.tv1863-gross-zimmern.de\/index.php?rest_route=\/wp\/v2\/pages\/331","targetHints":{"allow":["GET"]}}],"collection":[{"href":"https:\/\/www.tv1863-gross-zimmern.de\/index.php?rest_route=\/wp\/v2\/pages"}],"about":[{"href":"https:\/\/www.tv1863-gross-zimmern.de\/index.php?rest_route=\/wp\/v2\/types\/page"}],"author":[{"embeddable":true,"href":"https:\/\/www.tv1863-gross-zimmern.de\/index.php?rest_route=\/wp\/v2\/users\/2"}],"replies":[{"embeddable":true,"href":"https:\/\/www.tv1863-gross-zimmern.de\/index.php?rest_route=%2Fwp%2Fv2%2Fcomments&post=331"}],"version-history":[{"count":15,"href":"https:\/\/www.tv1863-gross-zimmern.de\/index.php?rest_route=\/wp\/v2\/pages\/331\/revisions"}],"predecessor-version":[{"id":4475,"href":"https:\/\/www.tv1863-gross-zimmern.de\/index.php?rest_route=\/wp\/v2\/pages\/331\/revisions\/4475"}],"wp:attachment":[{"href":"https:\/\/www.tv1863-gross-zimmern.de\/index.php?rest_route=%2Fwp%2Fv2%2Fmedia&parent=331"}],"curies":[{"name":"wp","href":"https:\/\/api.w.org\/{rel}","templated":true}]}}