{"id":385,"date":"2017-01-30T15:59:21","date_gmt":"2017-01-30T14:59:21","guid":{"rendered":"http:\/\/tv1863-gross-zimmern.de\/wordpress\/?page_id=385"},"modified":"2026-03-25T12:26:08","modified_gmt":"2026-03-25T11:26:08","slug":"walking","status":"publish","type":"page","link":"https:\/\/www.tv1863-gross-zimmern.de\/?page_id=385","title":{"rendered":"Walking"},"content":{"rendered":"<h2>Trainingszeiten<\/h2>\n<ul>\n<li><strong>Dienstags 12:00 &#8211; 13:15<\/strong> &#8211;\u00a0 Gemeindewald: Parkplatz Richtung Birkenruhe\/ Laubweg (=Sommerzeit) bzw. Hirschbachweg Gabelung Baumschule Winkler (= Winterzeit). \u00a0Ansprechpartner vor Ort C. Becker &amp; B. Eisenl\u00f6ffel. Die Gruppe freut sich auf neue Mitl\u00e4ufer, die sich gerne in der Natur bewegen! Kontaktm\u00f6glichkeit vorab und f\u00fcr Fragen gerne bei Birgit Eisenl\u00f6ffel unter 0157-76026040 melden.<\/li>\n<\/ul>\n<p>&nbsp;<\/p>\n<p>&nbsp;<\/p>\n<p>&nbsp;<\/p>\n<p>&nbsp;<\/p>\n<p>&nbsp;<\/p>\n","protected":false},"excerpt":{"rendered":"<p>Trainingszeiten Dienstags 12:00 &#8211; 13:15 &#8211;\u00a0 Gemeindewald: Parkplatz Richtung Birkenruhe\/ Laubweg (=Sommerzeit) bzw. Hirschbachweg Gabelung Baumschule Winkler (= Winterzeit). \u00a0Ansprechpartner vor Ort C. Becker &amp;<\/p>\n","protected":false},"author":2,"featured_media":0,"parent":398,"menu_order":0,"comment_status":"closed","ping_status":"closed","template":"","meta":{"footnotes":""},"class_list":["post-385","page","type-page","status-publish","hentry"],"_links":{"self":[{"href":"https:\/\/www.tv1863-gross-zimmern.de\/index.php?rest_route=\/wp\/v2\/pages\/385","targetHints":{"allow":["GET"]}}],"collection":[{"href":"https:\/\/www.tv1863-gross-zimmern.de\/index.php?rest_route=\/wp\/v2\/pages"}],"about":[{"href":"https:\/\/www.tv1863-gross-zimmern.de\/index.php?rest_route=\/wp\/v2\/types\/page"}],"author":[{"embeddable":true,"href":"https:\/\/www.tv1863-gross-zimmern.de\/index.php?rest_route=\/wp\/v2\/users\/2"}],"replies":[{"embeddable":true,"href":"https:\/\/www.tv1863-gross-zimmern.de\/index.php?rest_route=%2Fwp%2Fv2%2Fcomments&post=385"}],"version-history":[{"count":14,"href":"https:\/\/www.tv1863-gross-zimmern.de\/index.php?rest_route=\/wp\/v2\/pages\/385\/revisions"}],"predecessor-version":[{"id":7230,"href":"https:\/\/www.tv1863-gross-zimmern.de\/index.php?rest_route=\/wp\/v2\/pages\/385\/revisions\/7230"}],"up":[{"embeddable":true,"href":"https:\/\/www.tv1863-gross-zimmern.de\/index.php?rest_route=\/wp\/v2\/pages\/398"}],"wp:attachment":[{"href":"https:\/\/www.tv1863-gross-zimmern.de\/index.php?rest_route=%2Fwp%2Fv2%2Fmedia&parent=385"}],"curies":[{"name":"wp","href":"https:\/\/api.w.org\/{rel}","templated":true}]}}