{"id":405,"date":"2017-01-30T16:56:50","date_gmt":"2017-01-30T15:56:50","guid":{"rendered":"http:\/\/tv1863-gross-zimmern.de\/wordpress\/?page_id=405"},"modified":"2026-01-12T09:06:03","modified_gmt":"2026-01-12T08:06:03","slug":"koronarsport","status":"publish","type":"page","link":"https:\/\/www.tv1863-gross-zimmern.de\/?page_id=405","title":{"rendered":"Koronarsport"},"content":{"rendered":"<h2>Herzlich Willkommen beim Koronarsport des TV Gro\u00df-Zimmern<\/h2>\n<p>Koronar- oder Herzsport ist eine unerl\u00e4ssliche Rehabilitationsma\u00dfnahme f\u00fcr Herzkranke und sonstige Herzgesch\u00e4digte. Herz- und einschl\u00e4gige Rehabilitationskliniken empfehlen diesen Sport ausdr\u00fccklich, insbesondere nach Herzoperationen.<\/p>\n<p>Der Turnverein 1863 Gro\u00df-Zimmern entschloss sich als einer der ersten in Deutschland, eine spezielle Abteilung einzurichten. Die Anerkennung durch das Hessische Sozialministerium erfolgte bereits am 4. Mai 1979. Mit zeitweise \u00fcber einhundert aktiven Mitgliedern z\u00e4hlt die Gruppe auch zu den gro\u00dfen ihrer Art.<\/p>\n<p>F\u00fcr die Betreuung stehen zwei Trainerinnen zur Verf\u00fcgung.<\/p>\n<p><span style=\"color: #800000;\"><strong>Liebe Koronarsportlerinnen und Koronarsportler und zuk\u00fcnftige Koronarsportler!<\/strong><\/span><\/p>\n<p><span style=\"text-decoration: underline;\">Anbei einige Trainingsinformationen:<\/span><\/p>\n<p>Das <strong>letzte Training im Jahr 2025<\/strong> wird am Freitag, den <strong>19.12.2025<\/strong> stattfinden. Danach geht es in eine Winterpause. Wir <strong>starten<\/strong> wieder am Freitag, den <strong>9.1.2026<\/strong> um 10:15 Uhr mit dem Koronarsport!<\/p>\n<p>Wir freuen uns auf euch, Eure Birgit &amp; Sylvia<\/p>\n<p><a href=\"https:\/\/www.tv1863-gross-zimmern.de\/wp-content\/uploads\/2023\/10\/Webaufnahme_18-10-2023_135442_tvdiskstation.jpeg\"><img loading=\"lazy\" decoding=\"async\" class=\"alignnone size-full wp-image-5530\" src=\"https:\/\/www.tv1863-gross-zimmern.de\/wp-content\/uploads\/2023\/10\/Webaufnahme_18-10-2023_135442_tvdiskstation.jpeg\" alt=\"\" width=\"549\" height=\"770\" srcset=\"https:\/\/www.tv1863-gross-zimmern.de\/wp-content\/uploads\/2023\/10\/Webaufnahme_18-10-2023_135442_tvdiskstation.jpeg 549w, https:\/\/www.tv1863-gross-zimmern.de\/wp-content\/uploads\/2023\/10\/Webaufnahme_18-10-2023_135442_tvdiskstation-214x300.jpeg 214w\" sizes=\"auto, (max-width: 549px) 100vw, 549px\" \/><\/a><\/p>\n<h2>Trainingszeiten:<\/h2>\n<ul>\n<li><strong>Freitag 10:15 &#8211; 11:15 Uhr<\/strong>&#8211; Georgi Reitzel Halle (\u00dcbungsleiterinnen: Sylvia St\u00f6cken, Birgit Hoeves)<\/li>\n<\/ul>\n","protected":false},"excerpt":{"rendered":"<p>Herzlich Willkommen beim Koronarsport des TV Gro\u00df-Zimmern Koronar- oder Herzsport ist eine unerl\u00e4ssliche Rehabilitationsma\u00dfnahme f\u00fcr Herzkranke und sonstige Herzgesch\u00e4digte. Herz- und einschl\u00e4gige Rehabilitationskliniken empfehlen diesen<\/p>\n","protected":false},"author":2,"featured_media":0,"parent":0,"menu_order":0,"comment_status":"closed","ping_status":"closed","template":"","meta":{"footnotes":""},"class_list":["post-405","page","type-page","status-publish","hentry"],"_links":{"self":[{"href":"https:\/\/www.tv1863-gross-zimmern.de\/index.php?rest_route=\/wp\/v2\/pages\/405","targetHints":{"allow":["GET"]}}],"collection":[{"href":"https:\/\/www.tv1863-gross-zimmern.de\/index.php?rest_route=\/wp\/v2\/pages"}],"about":[{"href":"https:\/\/www.tv1863-gross-zimmern.de\/index.php?rest_route=\/wp\/v2\/types\/page"}],"author":[{"embeddable":true,"href":"https:\/\/www.tv1863-gross-zimmern.de\/index.php?rest_route=\/wp\/v2\/users\/2"}],"replies":[{"embeddable":true,"href":"https:\/\/www.tv1863-gross-zimmern.de\/index.php?rest_route=%2Fwp%2Fv2%2Fcomments&post=405"}],"version-history":[{"count":27,"href":"https:\/\/www.tv1863-gross-zimmern.de\/index.php?rest_route=\/wp\/v2\/pages\/405\/revisions"}],"predecessor-version":[{"id":7088,"href":"https:\/\/www.tv1863-gross-zimmern.de\/index.php?rest_route=\/wp\/v2\/pages\/405\/revisions\/7088"}],"wp:attachment":[{"href":"https:\/\/www.tv1863-gross-zimmern.de\/index.php?rest_route=%2Fwp%2Fv2%2Fmedia&parent=405"}],"curies":[{"name":"wp","href":"https:\/\/api.w.org\/{rel}","templated":true}]}}