{"id":418,"date":"2017-01-30T17:30:56","date_gmt":"2017-01-30T16:30:56","guid":{"rendered":"http:\/\/tv1863-gross-zimmern.de\/wordpress\/?page_id=418"},"modified":"2025-05-26T08:56:23","modified_gmt":"2025-05-26T07:56:23","slug":"rhythmische-gymnastik","status":"publish","type":"page","link":"https:\/\/www.tv1863-gross-zimmern.de\/?page_id=418","title":{"rendered":"Rhythmische Gymnastik"},"content":{"rendered":"<p><span style=\"color: #ff0000;\">Die Gymnastinnen des TV Gro\u00df-Zimmern haben sich am 30.03.2025 in Sandbach qualifiziert und nehmen an den Hessischen Meisterschaften teil am 26.04.2025 (Pflicht-Stufen) und am 27.04.2025 (K\u00fcr-Stufe).<\/span><\/p>\n<p><span style=\"font-size: 8pt;\">Die Abteilung <strong>Rhythmische Gymnastik (RG)<\/strong> des TV Gro\u00df-Zimmern ist eine <strong>Wettkampf-Gruppe<\/strong> und <strong>KEINE<\/strong><strong> offene Tanzgruppe oder Spielegruppe<\/strong>. Tanz und Spiel benutzen wir nur zum Aufw\u00e4rmen, danach arbeiten wir nach dem Aufgabenbuch des Deutschen Turnerbunds an den Pflicht-\u00dcbungen (P) f\u00fcr die Wettk\u00e4mpfe.<\/span><\/p>\n<p><span style=\"font-size: 8pt;\">Die P-\u00dcbungen mit vorgeschriebenem Inhalt und festgelegten Raumwegen, sowie einheitlicher Musik sind Vorgaben und gelten f\u00fcr alle teilnehmenden Vereine des Turngau Odenwald <a href=\"https:\/\/www.turngau-odenwald.de\/\">https:\/\/www.turngau-odenwald.de\/<\/a>. Die Handger\u00e4te sind dabei vorgegeben und wechseln jedes Jahr.<\/span><\/p>\n<p><span style=\"font-size: 8pt;\">In <strong>2025<\/strong> haben die M\u00e4dchen von <strong>P1-P3 (Jahrgang 2017-2015)<\/strong> die Pflicht-\u00dcbungen mit <strong>Seil und Ohne Handger\u00e4t<\/strong>. Diese Gruppe kann teilnehmen an Wettk\u00e4mpfen bei Hallenkinderturnfesten, Landeskinderturnfesten und Gaukinderturnfesten.<\/span><\/p>\n<p><span style=\"font-size: 8pt;\">Ab <strong>P4-P9 (Jahrgang 2014 und \u00e4lter)<\/strong> sind die Pflichtger\u00e4te <strong>Reifen, Keule und Seil<\/strong>. Im Fr\u00fchling finden die Qualifikationswettk\u00e4mpfe Einzel statt. Die Pl\u00e4tze 1-3 k\u00f6nnen an den Hessischen Einzel Meisterschaften teilnehmen.<br \/>\n<\/span><\/p>\n<p><span style=\"font-size: 8pt;\">Jedes M\u00e4dchen muss zuerst die Ger\u00e4tetechniken beherrschen und zur jeweiligen Pflicht-Musik die einstudierte Ger\u00e4te-\u00dcbung selbstst\u00e4ndig vorf\u00fchren k\u00f6nnen, bevor es an Wettk\u00e4mpfen teilnehmen kann.<\/span><\/p>\n<p><span style=\"font-size: 8pt;\">Nur M\u00e4dchen, die die P-\u00dcbungen beherrschen k\u00f6nnen auch an Wettk\u00e4mpfen mit frei gestaltbaren K\u00fcr-\u00dcbungen (K) teilnehmen. Hier darf man die Choreographie und Musiken selber gestalten. Es m\u00fcssen mindestens drei vorgegebene Pflichtelemente eingebaut werden.<\/span><\/p>\n<p><span style=\"font-size: 8pt;\">Die Anreise zu Wettk\u00e4mpfen m\u00fcssen die <strong>Eltern selbst<\/strong> organisieren.<\/span><\/p>\n<p><span style=\"font-size: 8pt;\">==========<\/span><br \/>\n<span style=\"font-size: 8pt; color: #ff0000;\"><strong><em>Bitte Anfragen von Schnupperm\u00e4dchen vorher per E-Mail\u00a0 senden. Bitte keine spontanen Besuche.<\/em><\/strong><\/span><br \/>\n<span style=\"font-size: 8pt;\">Bitte immer das Alter\/Geb-Datum des M\u00e4dchens angeben. Ist das M\u00e4dchen kein Mitglied des Turnverein Gro\u00df-Zimmern, ist eine 3-malige Schnupper-Zeit m\u00f6glich. Falls ein Unfall passieren sollte, dann ist das M\u00e4dchen durch den Turnverein versichert. Nach 3 Besuchen sollte sich das M\u00e4dchen entscheiden ob es in der Gruppe bleiben oder in eine andere Sportart\/Abteilung schnuppern m\u00f6chte.<\/span><br \/>\n<span style=\"font-size: 8pt;\"><strong>Wenn das M\u00e4dchen bleiben m\u00f6chte ist eine Anmeldung und Zahlung eines Mitgliedsbeitrags im Turnverein verpflichtend.<\/strong><\/span><br \/>\n<span style=\"font-size: 8pt;\">Weitere Infos stehen bei den Trainingszeiten.<\/span><\/p>\n<p>==========<\/p>\n<h3 style=\"text-align: left;\"><span style=\"font-size: 12pt;\">Berichte<br \/>\n<\/span><\/h3>\n<div style=\"text-align: left;\"><span style=\"font-size: 8pt;\"><em>Am <strong>06.07.2024<\/strong> haben wir erfolgreich am 125. Gaukinderturnfest in H\u00f6chst teilgenommen.<\/em><\/span><\/div>\n<div style=\"text-align: left;\"><span style=\"font-size: 8pt;\"><em><strong>Viktoria Gerner<\/strong>, Platz 1 in der P7 sowie Platz 1 in Mix P7\/K7.<\/em><\/span><\/div>\n<div style=\"text-align: left;\"><span style=\"font-size: 8pt;\"><em><strong>Merle Pelka<\/strong>, Platz 2 in der P7 sowie Platz 2 in Mix P7\/K7.<\/em><\/span><\/div>\n<div style=\"text-align: left;\"><span style=\"font-size: 8pt;\"><em><strong>Sunna Linn Saygaz<\/strong>, Platz 3 in der P7.<\/em><\/span><\/div>\n<div style=\"text-align: left;\"><span style=\"font-size: 8pt;\"><em><strong>Leni Sch\u00f6nemann<\/strong>, Platz 8 in der P6.<\/em><\/span><\/div>\n<div style=\"text-align: left;\"><span style=\"font-size: 8pt;\"><em><strong>Valerie Losert<\/strong>, Platz 1 in der P5 sowie Platz 1 in Mix P5\/K5.<\/em><\/span><\/div>\n<div style=\"text-align: left;\"><span style=\"font-size: 8pt;\"><em><strong>Anlina Balasanyan<\/strong>, Platz 2 in der P5 sowie Platz 2 in Mix P5\/K5.<\/em><\/span><\/div>\n<div style=\"text-align: left;\"><span style=\"font-size: 8pt;\"><em><strong>Chiara Fagiolino<\/strong>, Platz 4 in der P5 sowie Platz 3 in Mix P5\/K5.<\/em><\/span><\/div>\n<div style=\"text-align: left;\"><span style=\"font-size: 8pt;\"><em><strong>Bozena Gerner<\/strong>, Platz 1 in der P4 sowie Platz 1 in Mix P4\/K5. <\/em><\/span><\/div>\n<div style=\"text-align: left;\"><span style=\"font-size: 8pt;\">Herzlichen Gl\u00fcckwunsch &lt;3\u00a0 &lt;3<\/span><\/div>\n<p style=\"text-align: left;\"><a href=\"https:\/\/www.tv1863-gross-zimmern.de\/wp-content\/uploads\/2024\/07\/P1400330-rotated.jpg\"><img loading=\"lazy\" decoding=\"async\" class=\"alignnone size-medium wp-image-6021 aligncenter\" src=\"https:\/\/www.tv1863-gross-zimmern.de\/wp-content\/uploads\/2024\/07\/P1400330-225x300.jpg\" alt=\"\" width=\"225\" height=\"300\" srcset=\"https:\/\/www.tv1863-gross-zimmern.de\/wp-content\/uploads\/2024\/07\/P1400330-225x300.jpg 225w, https:\/\/www.tv1863-gross-zimmern.de\/wp-content\/uploads\/2024\/07\/P1400330-rotated.jpg 480w\" sizes=\"auto, (max-width: 225px) 100vw, 225px\" \/><\/a><\/p>\n<div style=\"text-align: left;\"><span style=\"font-size: 8pt;\"><em>Am <strong>30.06.2024<\/strong> wurden die Gymnastinnen von der Gemeinde Gro\u00df-Zimmern f\u00fcr ihre hervorragenden Leistungen im Jahr 2023 geehrt.<\/em><\/span><\/div>\n<div style=\"text-align: left;\">\n<div><span style=\"font-size: 8pt;\"><em><strong>Christina Balasanyan<\/strong>, Hessenmeisterin Einzelmeisterschaft P7\/P8, Vizehessenmeisterin Synchrongymnastik P9, Vizehessenmeisterin der Mannschaftsmeisterschaft K8.<\/em><\/span><\/div>\n<div><span style=\"font-size: 8pt;\"><em><strong>Su Duralti<\/strong>, Vizehessenmeisterin Synchrongymnastik P9, Vizehessenmeisterin der Mannschaftsmeisterschaft K8.<\/em><\/span><\/div>\n<div><span style=\"font-size: 8pt;\"><em><strong>Maybrit Leyh<\/strong>, Vizehessenmeisterin der Mannschaftsmeisterschaft K8.<\/em><\/span><\/div>\n<div><span style=\"font-size: 8pt;\"><em><strong>Angelina Losert<\/strong>, Hessenmeisterin Einzelmeisterschaft P5\/P6, Gaumeisterin Einzelmeisterschaft P5\/P6.<\/em><\/span><\/div>\n<div><span style=\"font-size: 8pt;\"><em><strong>Merle Pelka<\/strong>, Vizehessenmeisterin Einzelmeisterschaft P5\/P6.<\/em><\/span><\/div>\n<div><span style=\"font-size: 8pt;\">Herzlichen Gl\u00fcckwunsch &lt;3\u00a0 &lt;3<\/span><\/div>\n<\/div>\n<div style=\"text-align: left;\"><\/div>\n<div style=\"text-align: left;\"><a href=\"https:\/\/www.tv1863-gross-zimmern.de\/wp-content\/uploads\/2024\/07\/P1390077.jpg\">\u00a0<img loading=\"lazy\" decoding=\"async\" class=\"alignnone wp-image-6026\" src=\"https:\/\/www.tv1863-gross-zimmern.de\/wp-content\/uploads\/2024\/07\/P1390077-300x225.jpg\" alt=\"\" width=\"266\" height=\"200\" srcset=\"https:\/\/www.tv1863-gross-zimmern.de\/wp-content\/uploads\/2024\/07\/P1390077-300x225.jpg 300w, https:\/\/www.tv1863-gross-zimmern.de\/wp-content\/uploads\/2024\/07\/P1390077-100x75.jpg 100w, https:\/\/www.tv1863-gross-zimmern.de\/wp-content\/uploads\/2024\/07\/P1390077.jpg 640w\" sizes=\"auto, (max-width: 266px) 100vw, 266px\" \/>\u00a0\u00a0\u00a0\u00a0\u00a0\u00a0\u00a0<\/a><a href=\"https:\/\/www.tv1863-gross-zimmern.de\/wp-content\/uploads\/2024\/07\/P1390064-1.jpg\"><img loading=\"lazy\" decoding=\"async\" class=\"alignnone wp-image-6031\" src=\"https:\/\/www.tv1863-gross-zimmern.de\/wp-content\/uploads\/2024\/07\/P1390064-1-300x225.jpg\" alt=\"\" width=\"268\" height=\"201\" srcset=\"https:\/\/www.tv1863-gross-zimmern.de\/wp-content\/uploads\/2024\/07\/P1390064-1-300x225.jpg 300w, https:\/\/www.tv1863-gross-zimmern.de\/wp-content\/uploads\/2024\/07\/P1390064-1-100x75.jpg 100w, https:\/\/www.tv1863-gross-zimmern.de\/wp-content\/uploads\/2024\/07\/P1390064-1.jpg 640w\" sizes=\"auto, (max-width: 268px) 100vw, 268px\" \/><\/a><\/div>\n<div><span style=\"font-size: 8pt;\">Mit Trainerinnen: links Isabelle, rechts Jessica\u00a0\u00a0\u00a0\u00a0\u00a0\u00a0\u00a0\u00a0\u00a0\u00a0\u00a0\u00a0\u00a0\u00a0\u00a0\u00a0\u00a0\u00a0\u00a0\u00a0\u00a0\u00a0\u00a0\u00a0\u00a0\u00a0 Mit B\u00fcrgermeister<br \/>\n<\/span><\/div>\n<div><span style=\"font-size: 8pt;\">Mitte: Christina, Su, Maybrit, Merle, Angelina.<\/span><\/div>\n","protected":false},"excerpt":{"rendered":"<p>Die Gymnastinnen des TV Gro\u00df-Zimmern haben sich am 30.03.2025 in Sandbach qualifiziert und nehmen an den Hessischen Meisterschaften teil am 26.04.2025 (Pflicht-Stufen) und am 27.04.2025<\/p>\n","protected":false},"author":2,"featured_media":930,"parent":0,"menu_order":0,"comment_status":"closed","ping_status":"closed","template":"","meta":{"footnotes":""},"class_list":["post-418","page","type-page","status-publish","has-post-thumbnail","hentry"],"_links":{"self":[{"href":"https:\/\/www.tv1863-gross-zimmern.de\/index.php?rest_route=\/wp\/v2\/pages\/418","targetHints":{"allow":["GET"]}}],"collection":[{"href":"https:\/\/www.tv1863-gross-zimmern.de\/index.php?rest_route=\/wp\/v2\/pages"}],"about":[{"href":"https:\/\/www.tv1863-gross-zimmern.de\/index.php?rest_route=\/wp\/v2\/types\/page"}],"author":[{"embeddable":true,"href":"https:\/\/www.tv1863-gross-zimmern.de\/index.php?rest_route=\/wp\/v2\/users\/2"}],"replies":[{"embeddable":true,"href":"https:\/\/www.tv1863-gross-zimmern.de\/index.php?rest_route=%2Fwp%2Fv2%2Fcomments&post=418"}],"version-history":[{"count":225,"href":"https:\/\/www.tv1863-gross-zimmern.de\/index.php?rest_route=\/wp\/v2\/pages\/418\/revisions"}],"predecessor-version":[{"id":6651,"href":"https:\/\/www.tv1863-gross-zimmern.de\/index.php?rest_route=\/wp\/v2\/pages\/418\/revisions\/6651"}],"wp:featuredmedia":[{"embeddable":true,"href":"https:\/\/www.tv1863-gross-zimmern.de\/index.php?rest_route=\/wp\/v2\/media\/930"}],"wp:attachment":[{"href":"https:\/\/www.tv1863-gross-zimmern.de\/index.php?rest_route=%2Fwp%2Fv2%2Fmedia&parent=418"}],"curies":[{"name":"wp","href":"https:\/\/api.w.org\/{rel}","templated":true}]}}