{"id":431,"date":"2017-01-31T22:18:34","date_gmt":"2017-01-31T21:18:34","guid":{"rendered":"http:\/\/tv1863-gross-zimmern.de\/wordpress\/?page_id=431"},"modified":"2023-05-12T18:19:46","modified_gmt":"2023-05-12T17:19:46","slug":"schwimmen","status":"publish","type":"page","link":"https:\/\/www.tv1863-gross-zimmern.de\/?page_id=431","title":{"rendered":"Geschichte"},"content":{"rendered":"<p style=\"text-align: center;\"><strong><span style=\"font-size: 18pt;\">Die Schwimmabteilung ver\u00e4ndert sich mit den Jahren.<\/span><\/strong><\/p>\n<p>\u00a0Nach einer schwierigen Zeit ( Corona ) ist es wieder gelungen ein neues Schwimmteam zu gr\u00fcnden. \u00dcber 20 lizenzierte Kinder und Jugendliche werden wieder an Schwimmwettbewerben teilnehmen.<\/p>\n<p>Da keiner von den j\u00fcngeren Schwimmer*innen einen Bezug zu unserer alten Schwimm- und Startgemeinschaft<\/p>\n<p><em><span style=\"font-size: 18pt;\">SG Odenwald\u00a0<\/span> <\/em><\/p>\n<p>hat, starten alle Schwimmer ab sofort immer unter dem Vereinsnamen.<\/p>\n<p style=\"text-align: center;\"><span style=\"font-size: 24pt;\"><strong>TV Gro\u00df-Zimmern<\/strong><\/span><\/p>\n<p>\u00a0 Den Beschlu\u00df f\u00e4llte die Abteilung in ihrer Jahresversammlung.<\/p>\n<p>Hans Zimmermann\u00a0 Mai\u00a0 23<\/p>\n<p>&nbsp;<\/p>\n<p style=\"text-align: center;\"><span style=\"font-size: 24pt;\">Die Geschichte der SG Odenwald<\/span><br \/>\n<span style=\"font-size: 24pt;\">von 1974-2006<\/span><br \/>\nMit dem Bau und der Er\u00f6ffnung des Hallenbades in Gro\u00df-Zimmern im Jahre 1973 wurden verschiedene \u00dcberlegungen angestellt, ob ein Schwimmverein oder eine Schwimmabteilung in Gro\u00df-Zimmern gegrndet werden sollte.<br \/>\nDer damalige T V Vorsitzende Heinrich Haller leitet geschickt die Str\u00f6mungen in die Richtung: Schwimmabteilung im T V.<br \/>\nDer Zufall hatte die Familie Zimmermann nach Gro\u00df-Zimmern gebracht, das war im September 1973. Mit Interesse las meine Frau in der Zeitung von der ersten Trainingstunde im Hallenbad. Das h\u00e4tte sie besser nicht gemacht.<br \/>\nAls ehemaliger Schwimmer und an der Jugendarbeit interessierter junger Familienvater hatte ich gleich in der ersten Trainingstunde viel Freude an solch einer Aufgabe.<br \/>\nMit Paul Scholz aus Hergershausen und J\u00fcrgen Teschke begannen wir der neuen Abteilung eine Grundlage zu geben. Die offizielle Gr\u00fcndung war im Januar und der Beitritt zu den Sportorganen war am<\/p>\n<p>25.Januar 1974. So waren wir gleich Mitglied im Hessischen Schwimmverband.<\/p>\n<p>Nach einigen turbulenten Trainingstunden wurde dann das Training richtig eingeteilt und wir fanden gleich unter den Eltern viele\u00a0Unterst\u00fctzer, die die Schwimmabteilung f\u00fchren sollte.<\/p>\n<p>Hans Zimmermann wurde der erste Abteilungsleiter, sein Stellvertreter J\u00fcrgen Teschke.<\/p>\n<p>Der Andrang der Kinder war riesig gro\u00df und das Hallenbad war total voll.<\/p>\n<p>Bald wollten auch die neuen Wasserratten aus Zimmern die ersten Schwimmwettk\u00e4mpfe besuchen. Mit uns im Hallenbad trainierten die Reinheimer Schwimmer die sich mit Schaafheim und dem H\u00f6chster T S V zu einer Startgemeinschaft zusammengeschlossen hatten. Diese Schwimmgemeinschaft hatte Phillip German aus Reinheim gegr\u00fcndet mit dem sch\u00f6nen Namen S G Odenwald.<br \/>\nIn diese S G Odenwald traten die Schwimmer aus Gro\u00df-Zimmern bei. Das Startrecht wurde gleich auf die<br \/>\nS G Odenwald \u00fcbertragen.<br \/>\nWenn also unsere Schwimmer auf Wettk\u00e4mpfen geschwommen sind starteten sie immer unter S G Odenwald. Den Namen dieser Startgemeinschaft haben wir \u00fcber alle Jahre behalten, auch wenn alle anderen Vereine keinen aktiven Schwimmsport mehr betreiben.<\/p>\n<p>Mit den ersten Wettk\u00e4mpfen wurde auch der Ehrgeiz der Schwimmer geweckt und einige Talente wurden entdeckt und gef\u00f6rdert. Bald wurde eine Wettkampfgruppe\u00a0gegr\u00fcndet die zweimal in der Woche trainierte.<\/p>\n<p>Zu einer aktiven Schwimmabteilung geh\u00f6rt nat\u00fcrlich eine eigene Schwimmsportveranstaltung Das Gauschwimmfest des Turngaues Odenwald wurde aus der Taufe gehoben.<\/p>\n<p>Der erste Schwimmwettkampf wurde am 24. November 1974\u00a0mit Erfolg durchgef\u00fchrt.<\/p>\n<p>Die Vereinsmeisterschaften der S G O im Winter waren immer eine besondere Attraktion.<\/p>\n<p>Das gesteuerte Training brachte die ersten Erfolge. Talente wie Sylke Dascher, Astrid Bl\u00fcmlein, Uwe Hillerich, Olaf W\u00fcrtele und Alexander Kreisel, um nur einige zu nennen. Sylke Dascher wurde unsere erste Hessenmeisterin \u00fcber 100m R\u00fccken. Bei den Schwimmsportveranstaltungen in den anderen B\u00e4dern wurden unsere Schwimmer immer toll angefeuert und das war bestimmt so anstrengend wie das Schwimmen. Die Zeit verging und G\u00fcnther W\u00fcrtele wurde der Stellvertreter der Schwimmer. Die Gemeinschaft in der S G Odenwald wurde auch immer besser und bei vielen Wettk\u00e4mpfen konnten wir gut abr\u00e4umen. Beim Echoschwimmen holten viele Kinder erste Pl\u00e4tze und viele Medaillen Bei der D M S, der Deutschen Mannschaftsmeisterschaft wurden wir immer besser und belegten gute Plazirungen in S\u00fcd Hessen. Den Gro\u00df-Gerauer Staffeltag konnten wir \u00f6fters gewinnen. Die Fahrten in die Schweiz, dort haben wir \u00fcbernachtet in einem Bunker. In Frankreich starteten wir mit Rotwein. Mit Berlinern wurde ein Schwimmaustausch organisiert. Der absolute Knaller war aber der jahrelange Austausch mit schottischen Schwimmern.<br \/>\nSch\u00f6ne Abschiedsfeiern und klasse Wettk\u00e4mpfe, das war die Zeit der Schotten.<br \/>\nEs gibt das Ger\u00fccht, die Schotten h\u00e4tten ab und zu etwas getrunken.<br \/>\nAber auch sch\u00f6ne Grillfeste wurden gefeiert und eine ganze Sau geschlachtet und gegrillt.<\/p>\n<p>In den Jugendherbergen ging es manchmal etwas wilder zu. Flaschen flogen, Tr\u00e4nen flossen und vieles mehr. Bayrische Fans wollten uns im Zug verpr\u00fcgeln .Die Schwimmer waren oft bei Gasteltern untergebracht und alle nahmen im Gegenzug auch wieder Schwimmer hier in Zimmern auf. Jedes Jahr wurde eine gro\u00dfe Busreise von der Familie Bl\u00fcmlein organisiert. Von Hamburg \u2013bis Berlin wo wir mehrmals waren und von Bayern bis zum Bodensee waren wir unterwegs Die Grenze zur D D R wurde \u00fcberwunden und wir schauten uns Potsdam an.<br \/>\nAber auch bei Veranstaltungen in Gro\u00df Zimmern waren wir sehr gut vertreten. Der gro\u00dfe Umzug zur 125 Jahrfeier des T V mit sch\u00f6nen alten Badeanz\u00fcgen. Diese n\u00e4hte Frau Hohenstein.<\/p>\n<p>Die Jahre vergingen- Marlies Bl\u00fcmlein und Ingrid Reitzel wurden Stellvertreter von Zimmi<br \/>\nNeue Namen Karina Zimmermann, Sandra Ripper und Stefan Br\u00fcndermann schwammen wieder neue Bestzeiten.<br \/>\nAber es ging nicht immer aufw\u00e4rts. Einige Talente wechselten nach Darmstadt, die Eltern halfen nur solange die Kinder schwammen, Zivis waren nicht zu gebrauchen. Trainer wechselten und vieles mehr.<br \/>\nDer Deutsche Schwimmverband stellte immer h\u00f6here Anforderungen. Oft waren die Kampfrichter knapp.<br \/>\nDie anderen Vereine der S G Odenwald stellten am Anfang der 90 Jahre den aktiven Schwimmsport ein, die S G Odenwald besteht seit dieser Zeit nur noch aus den Schwimmern aus Gro\u00df Zimmern.<br \/>\nMit den neunziger Jahren kam Reiner Geier als der Stellvertreter zu der Abteilung.<br \/>\nEr organisierte eine wunderbare 25 Jahrfeier in der Kletterhalle.<br \/>\nUnd wieder gab es Aufschw\u00fcnge und Zeiten in denen es ruhiger um die Schwimmer wurde.<br \/>\nSeit etlichen Jahren war ich auf der Suche nach einem guten Sportwart und einem guten Trainer. Einige kamen daf\u00fcr in Betracht aber, sie wollten keine Verantwortung \u00fcbernehmen oder sie hatten finanzielle Vorstellungen.<br \/>\nIn den ganzen Jahren arbeiten alle Trainer ehrenamtlich und erhalten eine geringe Aufwandsentsch\u00e4digung vom T V.<br \/>\nSo vergingen die Jahre weiter.<\/p>\n<p>Im Jahre 2005 wurde wieder ein gutes Team entdeckt, das die Schwimmabteilung wieder weiter bringen sollte. Mira Reitzel wurde vom Jugendwart zum Sportwart und Sascha Reitzel, als ehemaliger guter Brustschwimmer \u00fcbernahm den Trainerposten der Wettkampfmannschaft. Hoffentlich haben sie eine gute Hand und bringen unsere Gro\u00df-Zimmernder Schwimmer wieder auf ein gutes Niveau und auf den Weg zum Erfolg . Der Vorstand des Hauptvereins w\u00fcrdigte unsere Arbeit mit allerhand Auszeichnungen. Unser erster Vorsitzender Georgi Reitzel gr\u00fcndete 1978 hier in Gro\u00df-Zimmern das Baby Schwimmen, das wurde und wird aber in einem Privatbad durchgef\u00fchrt und hat nichts mit der Schwimmabteilung zu tun. Wir wurden eigentlich immer gut unterst\u00fctzt, auch wenn die Kassen leer waren und noch leer sind durch die Bauma\u00dfnahmen. Aber Georgi Reitzel wusste auch dass alle Antr\u00e4ge der Schwimmabteilung an den Vorstand gut begr\u00fcndet waren und nur der Jugendarbeit dienten. Die Gemeinde Gro\u00df-Zimmern hat zwar unsere Arbeit im Jugendbereich gew\u00fcrdigt aber wir mussten auch f\u00fcr alle Verbesserungen uns sehr einsetzen und die Hallenbadgeb\u00fchren und die Bademeister kosten im Jahr unseren Verein viel Geld. Mit allen Bademeistern hatten wir ein gutes Verh\u00e4ltnis, auch wenn es mal mit unseren vielen Kindern und Jugendlichen schon \u00f6fters \u00c4rger gab. Einen besonderen Dank ist auch an Christine Zimmermann zu richten .Tausende von Urkunden wurden geschrieben, unz\u00e4hlige Protokolle geschrieben und vieles mehr. Alleine die Schwimmveranstaltungen w\u00e4ren ohne ihre Hilfe im Chaos verlaufen. Den Eltern unserer Schwimmer will ich noch zum Abschluss eine besondere Erfahrung im Schwimmsport mitgeben: F\u00f6rdert Eure Kinder und unterst\u00fctzt sie gut, aber wenn sie nicht mit Freude ins Training gehen, sollten sie vielleicht eine andere Sportart w\u00e4hlen. Mit meiner Tochter Karina habe ich diese Erfahrung erlebt. Obwohl sie mit sechs Jahren zu den Schwimmern kam und eine gute Wettkampfschwimmerin war, schwimmt sie heute noch sehr gerne und das mit 35 Jahren.<\/p>\n<p>Hier noch mal alle die unserer Schwimmabteilung die vielen Jahre gef\u00f6rdert haben:<br \/>\nZuerst die Stellvertreter der Abteilung -J\u00fcrgen Teschke- G\u00fcntherW\u00fcrtele-Marlies Bl\u00fcmlein- Ingrid Reitzel und bis zum heutigen Tage Reiner Geier..<\/p>\n<p>Die Familien: Dascher- Hillerich- Vo\u00df- Klober- Bl\u00fcmlein- Jung- H\u00fcper- Kreisel- Zurell- Geier -Bertermann- Willmann- Ursula Reitzel- Hottes- Kettner- Kr\u00fcger um nur die wichtigsten zu nennen.<br \/>\nVielen Dank im Namen der Schwimmer.<br \/>\nDie schnellen Schwimmer 2006<\/p>\n<p>Hans Zimmermann 3. September 2006<\/p>\n","protected":false},"excerpt":{"rendered":"<p>Die Schwimmabteilung ver\u00e4ndert sich mit den Jahren. \u00a0Nach einer schwierigen Zeit ( Corona ) ist es wieder gelungen ein neues Schwimmteam zu gr\u00fcnden. \u00dcber 20<\/p>\n","protected":false},"author":2,"featured_media":0,"parent":434,"menu_order":0,"comment_status":"closed","ping_status":"closed","template":"","meta":{"footnotes":""},"class_list":["post-431","page","type-page","status-publish","hentry"],"_links":{"self":[{"href":"https:\/\/www.tv1863-gross-zimmern.de\/index.php?rest_route=\/wp\/v2\/pages\/431","targetHints":{"allow":["GET"]}}],"collection":[{"href":"https:\/\/www.tv1863-gross-zimmern.de\/index.php?rest_route=\/wp\/v2\/pages"}],"about":[{"href":"https:\/\/www.tv1863-gross-zimmern.de\/index.php?rest_route=\/wp\/v2\/types\/page"}],"author":[{"embeddable":true,"href":"https:\/\/www.tv1863-gross-zimmern.de\/index.php?rest_route=\/wp\/v2\/users\/2"}],"replies":[{"embeddable":true,"href":"https:\/\/www.tv1863-gross-zimmern.de\/index.php?rest_route=%2Fwp%2Fv2%2Fcomments&post=431"}],"version-history":[{"count":6,"href":"https:\/\/www.tv1863-gross-zimmern.de\/index.php?rest_route=\/wp\/v2\/pages\/431\/revisions"}],"predecessor-version":[{"id":5175,"href":"https:\/\/www.tv1863-gross-zimmern.de\/index.php?rest_route=\/wp\/v2\/pages\/431\/revisions\/5175"}],"up":[{"embeddable":true,"href":"https:\/\/www.tv1863-gross-zimmern.de\/index.php?rest_route=\/wp\/v2\/pages\/434"}],"wp:attachment":[{"href":"https:\/\/www.tv1863-gross-zimmern.de\/index.php?rest_route=%2Fwp%2Fv2%2Fmedia&parent=431"}],"curies":[{"name":"wp","href":"https:\/\/api.w.org\/{rel}","templated":true}]}}