{"id":438,"date":"2017-01-31T22:37:16","date_gmt":"2017-01-31T21:37:16","guid":{"rendered":"http:\/\/tv1863-gross-zimmern.de\/wordpress\/?page_id=438"},"modified":"2023-06-07T18:27:16","modified_gmt":"2023-06-07T17:27:16","slug":"rekorde","status":"publish","type":"page","link":"https:\/\/www.tv1863-gross-zimmern.de\/?page_id=438","title":{"rendered":"Berichte der Schwimmabteilung"},"content":{"rendered":"<div><strong>Vereinsmeisterschaften der Schwimmer*innen<\/strong><\/div>\n<div>Am 30. April,an einem Sonntag wurden die Vereinsmeisterschaften der TV Schwimmer*innen ausgetragen. Das Hallenbad in Gro\u00df-Zimmern war bestens pr\u00e4pariert und die Zeiten sind endg\u00fcltig vorbei mit k\u00fchlem Wasser !<\/div>\n<div>Mit gro\u00dfer Hingabe wurde um die Medaillenpl\u00e4tze<\/div>\n<div>geschwommen.Jeder Teilnehmer*in bekam eine Urkunde und die Gesamtsieger*innen\u00a0 einen Pokal.<\/div>\n<div>Das war der Start der Gro\u00df-Zimmerner Schwimmer*innen in die Schwimmsaison<\/div>\n<div>mit Wettk\u00e4mpfen.<a href=\"https:\/\/www.tv1863-gross-zimmern.de\/wp-content\/uploads\/2023\/05\/P1230937.jpg\"><img loading=\"lazy\" decoding=\"async\" class=\"size-thumbnail wp-image-5168 aligncenter\" src=\"https:\/\/www.tv1863-gross-zimmern.de\/wp-content\/uploads\/2023\/05\/P1230937-150x150.jpg\" alt=\"\" width=\"150\" height=\"150\" \/><\/a> Hier die Ergebnisse:<a href=\"https:\/\/www.tv1863-gross-zimmern.de\/wp-content\/uploads\/2023\/05\/3.-Mai-Finale-Auswertung.pdf\"> Ergebnisse Vereinsmeisterschaften 2023<\/a><\/div>\n<div><\/div>\n<div>\n<div><strong>20. Fr\u00fchjahrspokal in Dieburg 7. Mai 23<\/strong><\/div>\n<div>Die n\u00e4chsten Wettk\u00e4mpfe sind im Freibad<\/div>\n<div>Im Hallenbad in Dieburg war der erste offizielle DSV Wettkampf in diesem sehr sch\u00f6nen\u00a0 neuen\u00a0 Hallenbad.<\/div>\n<div>Fast alle lizenzierten Schwimmer*innen waren vom TV Gro\u00df-Zimmern am Start.<\/div>\n<div>Aufgeregt waren die meisten,denn f\u00fcr viele war das der erste gr\u00f6\u00dfere Schwimmwettbewerb.<\/div>\n<div>Ohne Schwimmkampfrichter*innen kann keine Veranstaltung im Schwimmen durchgef\u00fchrt werden und auch hier waren wir gut vertreten und unterst\u00fctzten den<\/div>\n<div>Nachbarverein WSV Dieburg .<\/div>\n<div><\/div>\n<div>Bei sehr gro\u00dfer Konkurrenz gab es doch erfreulicher Weise recht viele gute Plazierungen.<\/div>\n<div>Das Fazit lautet flei\u00dfig weiter zu trainieren und die Zeiten zu verbessern!!<\/div>\n<div><\/div>\n<div>Hier die Ergebnisse:<a href=\"https:\/\/www.tv1863-gross-zimmern.de\/wp-content\/uploads\/2023\/05\/2023-05-07-Dieburg-Pr.pdf\">Protokoll Fr\u00fchjahrspokal<\/a><\/div>\n<div><\/div>\n<div>\u00a0\u00a0\u00a0\u00a0\u00a0\u00a0\u00a0\u00a0\u00a0\u00a0\u00a0\u00a0\u00a0\u00a0\u00a0\u00a0\u00a0\u00a0\u00a0\u00a0\u00a0\u00a0\u00a0\u00a0\u00a0\u00a0\u00a0\u00a0\u00a0\u00a0\u00a0\u00a0\u00a0\u00a0\u00a0\u00a0\u00a0\u00a0\u00a0\u00a0\u00a0\u00a0\u00a0\u00a0\u00a0\u00a0\u00a0\u00a0\u00a0\u00a0 Bild und Text \u00a0 \u00a0 \u00a0 \u00a0 \u00a0 \u00a0 \u00a0 \u00a0 hz<\/div>\n<div><\/div>\n<div>___________________________________________________<\/div>\n<div><strong>Schwimmwochenende<br \/>\n<\/strong><\/div>\n<div>Am 18.19. M\u00e4rz veranstalte die Schwimmabteilung ein Trainingswochenende<\/div>\n<div>im neuen Hallenbad in Dieburg. Viele neue Schwimmer*innen und einige\u00a0 \u00e4ltere der Wettkampfgruppe waren begeistert von den M\u00f6glichkeiten im neuen Hallenbad.<\/div>\n<div><a href=\"https:\/\/www.tv1863-gross-zimmern.de\/wp-content\/uploads\/2023\/03\/P3190012.jpg\"><img loading=\"lazy\" decoding=\"async\" class=\"size-thumbnail wp-image-5064 aligncenter\" src=\"https:\/\/www.tv1863-gross-zimmern.de\/wp-content\/uploads\/2023\/03\/P3190012-150x150.jpg\" alt=\"\" width=\"150\" height=\"150\" \/><\/a><\/div>\n<div>Drei Schwimmeinheiten von einer Stunde wurden von erfahrenen Trainer*innen<\/div>\n<div>geleitet.Anstrengende Serien,viel Technik Training, Start und Wenden wurden den jungen Nachwuchstalenten vermittelt.Obwohl nicht wenig verlangt wurde, war die Stimmung sehr gut und die jungen Schwimmer*innen sehr zu frieden mit dem gesamtem Programm.Die verbrauchten Kalorien wurden bei einem gemeinsamen Abendessen wieder hereingeschaufelt.<\/div>\n<div>Hans<\/div>\n<hr \/>\n<p>2022<\/p>\n<p><a href=\"https:\/\/www.tv1863-gross-zimmern.de\/wp-content\/uploads\/2022\/12\/Rueckblick.jpg\"><img loading=\"lazy\" decoding=\"async\" class=\"size-thumbnail wp-image-4885 aligncenter\" src=\"https:\/\/www.tv1863-gross-zimmern.de\/wp-content\/uploads\/2022\/12\/Rueckblick-150x150.jpg\" alt=\"\" width=\"150\" height=\"150\" \/><\/a><\/p>\n<\/div>\n","protected":false},"excerpt":{"rendered":"<p>Vereinsmeisterschaften der Schwimmer*innen Am 30. April,an einem Sonntag wurden die Vereinsmeisterschaften der TV Schwimmer*innen ausgetragen. Das Hallenbad in Gro\u00df-Zimmern war bestens pr\u00e4pariert und die Zeiten<\/p>\n","protected":false},"author":2,"featured_media":0,"parent":434,"menu_order":0,"comment_status":"closed","ping_status":"closed","template":"","meta":{"footnotes":""},"class_list":["post-438","page","type-page","status-publish","hentry"],"_links":{"self":[{"href":"https:\/\/www.tv1863-gross-zimmern.de\/index.php?rest_route=\/wp\/v2\/pages\/438","targetHints":{"allow":["GET"]}}],"collection":[{"href":"https:\/\/www.tv1863-gross-zimmern.de\/index.php?rest_route=\/wp\/v2\/pages"}],"about":[{"href":"https:\/\/www.tv1863-gross-zimmern.de\/index.php?rest_route=\/wp\/v2\/types\/page"}],"author":[{"embeddable":true,"href":"https:\/\/www.tv1863-gross-zimmern.de\/index.php?rest_route=\/wp\/v2\/users\/2"}],"replies":[{"embeddable":true,"href":"https:\/\/www.tv1863-gross-zimmern.de\/index.php?rest_route=%2Fwp%2Fv2%2Fcomments&post=438"}],"version-history":[{"count":10,"href":"https:\/\/www.tv1863-gross-zimmern.de\/index.php?rest_route=\/wp\/v2\/pages\/438\/revisions"}],"predecessor-version":[{"id":5227,"href":"https:\/\/www.tv1863-gross-zimmern.de\/index.php?rest_route=\/wp\/v2\/pages\/438\/revisions\/5227"}],"up":[{"embeddable":true,"href":"https:\/\/www.tv1863-gross-zimmern.de\/index.php?rest_route=\/wp\/v2\/pages\/434"}],"wp:attachment":[{"href":"https:\/\/www.tv1863-gross-zimmern.de\/index.php?rest_route=%2Fwp%2Fv2%2Fmedia&parent=438"}],"curies":[{"name":"wp","href":"https:\/\/api.w.org\/{rel}","templated":true}]}}