{"id":506,"date":"2017-02-01T15:41:01","date_gmt":"2017-02-01T14:41:01","guid":{"rendered":"http:\/\/tv1863-gross-zimmern.de\/wordpress\/?page_id=506"},"modified":"2026-03-01T13:05:28","modified_gmt":"2026-03-01T12:05:28","slug":"triathlon","status":"publish","type":"page","link":"https:\/\/www.tv1863-gross-zimmern.de\/?page_id=506","title":{"rendered":"Triathlonabteilung"},"content":{"rendered":"<p><strong>Hallo\u00a0 liebe Mitglieder:Triathlon Jahreversammlung 2026<\/strong><\/p>\n<p>Unsere Jahresversammlung ist am\u00a0 Mittwoch 11.M\u00e4rz um 19 Uhr im Seminarraum des WSV Hallenbades. Da wichtige Entscheidungen getroffen werden, w\u00e4re es prima wenn alle Mitglieder der Triathlonabteilung dabei sein k\u00f6nnten.Es wird ein neuer Vorstand gew\u00e4hlt und viele andere wichtige Dinge entschieden. <strong>Wir sehen uns ?<\/strong><\/p>\n<p>&nbsp;<\/p>\n<p>&nbsp;<\/p>\n<p style=\"text-align: center;\"><strong><span style=\"font-size: 14pt;\">Der harte Kern der Tria-Abteilung hilft seit vielen Jahren beim <\/span><\/strong><\/p>\n<p style=\"text-align: center;\"><strong><span style=\"font-size: 14pt;\">Heinerman Triathlon die Radstrecke zu sichern.<\/span><\/strong><\/p>\n<p>Auch dieses Jahr wurde die Radstrecke vorbildlich abgesperrt, so konnten alle Teilnehmer gefahrlos die Radstrecke befahren. Vielen Dank an alle Helfer, die den Sonntagmorgen an der Radstrecke verbrachten. hz Video\u00a0 \u00a0Thomas\u00a0 Reiter<\/p>\n<table style=\"border-collapse: collapse; width: 100%;\">\n<tbody>\n<tr>\n<td style=\"width: 100%;\"><div style=\"width: 750px;\" class=\"wp-video\"><!--[if lt IE 9]><script>document.createElement('video');<\/script><![endif]-->\n<video class=\"wp-video-shortcode\" id=\"video-506-1\" width=\"750\" height=\"425\" preload=\"metadata\" controls=\"controls\"><source type=\"video\/mp4\" src=\"https:\/\/www.tv1863-gross-zimmern.de\/wp-content\/uploads\/2025\/06\/VIDEO-2025-06-29-10-22-49.mp4?_=1\" \/><a href=\"https:\/\/www.tv1863-gross-zimmern.de\/wp-content\/uploads\/2025\/06\/VIDEO-2025-06-29-10-22-49.mp4\">https:\/\/www.tv1863-gross-zimmern.de\/wp-content\/uploads\/2025\/06\/VIDEO-2025-06-29-10-22-49.mp4<\/a><\/video><\/div><\/td>\n<\/tr>\n<\/tbody>\n<\/table>\n<p>&nbsp;<\/p>\n<p>&nbsp;<\/p>\n<p>&nbsp;<\/p>\n<p>&nbsp;<\/p>\n<p>___________________________________________________________________________<\/p>\n<p>&nbsp;<\/p>\n<p>&nbsp;<\/p>\n<p><span style=\"font-size: 18pt;\">Hessische Triathlonliga\u00a0 in Bruchk\u00f6bel am16. Juni 24<\/span><\/p>\n<p>Sven Hillerich belegte den 1. Platz in der 5. Hessenliga. Nach einer sehr guten Radzeit war er nicht mehr einzuholen auf der Laufstrecke. Das Team schlug sich sehr gut und erreichte den 7. Platz von 14 Mannschaften. So kann es weiter gehen.<\/p>\n<table style=\"border-collapse: collapse; width: 100%;\">\n<tbody>\n<tr>\n<td style=\"width: 50%;\"><a href=\"https:\/\/www.tv1863-gross-zimmern.de\/wp-content\/uploads\/2024\/06\/Jan.jpg\"><img loading=\"lazy\" decoding=\"async\" class=\"size-thumbnail wp-image-5957 aligncenter\" src=\"https:\/\/www.tv1863-gross-zimmern.de\/wp-content\/uploads\/2024\/06\/Jan-150x150.jpg\" alt=\"\" width=\"150\" height=\"150\" \/><\/a><\/td>\n<td style=\"width: 50%;\"><a href=\"https:\/\/www.tv1863-gross-zimmern.de\/wp-content\/uploads\/2024\/06\/Omid.jpg\"><img loading=\"lazy\" decoding=\"async\" class=\"size-thumbnail wp-image-5960 aligncenter\" src=\"https:\/\/www.tv1863-gross-zimmern.de\/wp-content\/uploads\/2024\/06\/Omid-150x150.jpg\" alt=\"\" width=\"150\" height=\"150\" \/><\/a><\/td>\n<\/tr>\n<tr>\n<td style=\"width: 50%;\"><a href=\"https:\/\/www.tv1863-gross-zimmern.de\/wp-content\/uploads\/2024\/06\/Sven.jpg\"><img loading=\"lazy\" decoding=\"async\" class=\"size-thumbnail wp-image-5962 aligncenter\" src=\"https:\/\/www.tv1863-gross-zimmern.de\/wp-content\/uploads\/2024\/06\/Sven-150x150.jpg\" alt=\"\" width=\"150\" height=\"150\" \/><\/a><\/td>\n<td style=\"width: 50%;\"><a href=\"https:\/\/www.tv1863-gross-zimmern.de\/wp-content\/uploads\/2024\/06\/Luis.jpg\"><img loading=\"lazy\" decoding=\"async\" class=\"size-thumbnail wp-image-5958 aligncenter\" src=\"https:\/\/www.tv1863-gross-zimmern.de\/wp-content\/uploads\/2024\/06\/Luis-150x150.jpg\" alt=\"\" width=\"150\" height=\"150\" \/><\/a><\/td>\n<\/tr>\n<tr>\n<td style=\"width: 50%;\"><a href=\"https:\/\/www.tv1863-gross-zimmern.de\/wp-content\/uploads\/2024\/06\/Chef-Fotograf-1.jpg\"><img loading=\"lazy\" decoding=\"async\" class=\"size-thumbnail wp-image-5956 aligncenter\" src=\"https:\/\/www.tv1863-gross-zimmern.de\/wp-content\/uploads\/2024\/06\/Chef-Fotograf-1-150x150.jpg\" alt=\"\" width=\"150\" height=\"150\" \/><\/a><\/td>\n<td style=\"width: 50%;\"><a href=\"https:\/\/www.tv1863-gross-zimmern.de\/wp-content\/uploads\/2024\/06\/1.-Platz-1-1.jpg\"><img loading=\"lazy\" decoding=\"async\" class=\"size-thumbnail wp-image-5955 aligncenter\" src=\"https:\/\/www.tv1863-gross-zimmern.de\/wp-content\/uploads\/2024\/06\/1.-Platz-1-1-150x150.jpg\" alt=\"\" width=\"150\" height=\"150\" \/><\/a><\/td>\n<\/tr>\n<tr>\n<td style=\"width: 50%;\"><a href=\"https:\/\/www.tv1863-gross-zimmern.de\/wp-content\/uploads\/2024\/06\/Sven-R.jpg\"><img loading=\"lazy\" decoding=\"async\" class=\"size-thumbnail wp-image-5961 aligncenter\" src=\"https:\/\/www.tv1863-gross-zimmern.de\/wp-content\/uploads\/2024\/06\/Sven-R-150x150.jpg\" alt=\"\" width=\"150\" height=\"150\" \/><\/a><\/td>\n<td style=\"width: 50%;\"><a href=\"https:\/\/www.tv1863-gross-zimmern.de\/wp-content\/uploads\/2024\/06\/Mannschaft.jpg\"><img loading=\"lazy\" decoding=\"async\" class=\"size-thumbnail wp-image-5959 aligncenter\" src=\"https:\/\/www.tv1863-gross-zimmern.de\/wp-content\/uploads\/2024\/06\/Mannschaft-150x150.jpg\" alt=\"\" width=\"150\" height=\"150\" \/><\/a><\/td>\n<\/tr>\n<\/tbody>\n<\/table>\n<p>Bilder hz<\/p>\n","protected":false},"excerpt":{"rendered":"<p>Hallo\u00a0 liebe Mitglieder:Triathlon Jahreversammlung 2026 Unsere Jahresversammlung ist am\u00a0 Mittwoch 11.M\u00e4rz um 19 Uhr im Seminarraum des WSV Hallenbades. Da wichtige Entscheidungen getroffen werden, w\u00e4re<\/p>\n","protected":false},"author":2,"featured_media":0,"parent":0,"menu_order":0,"comment_status":"closed","ping_status":"closed","template":"","meta":{"footnotes":""},"class_list":["post-506","page","type-page","status-publish","hentry"],"_links":{"self":[{"href":"https:\/\/www.tv1863-gross-zimmern.de\/index.php?rest_route=\/wp\/v2\/pages\/506","targetHints":{"allow":["GET"]}}],"collection":[{"href":"https:\/\/www.tv1863-gross-zimmern.de\/index.php?rest_route=\/wp\/v2\/pages"}],"about":[{"href":"https:\/\/www.tv1863-gross-zimmern.de\/index.php?rest_route=\/wp\/v2\/types\/page"}],"author":[{"embeddable":true,"href":"https:\/\/www.tv1863-gross-zimmern.de\/index.php?rest_route=\/wp\/v2\/users\/2"}],"replies":[{"embeddable":true,"href":"https:\/\/www.tv1863-gross-zimmern.de\/index.php?rest_route=%2Fwp%2Fv2%2Fcomments&post=506"}],"version-history":[{"count":55,"href":"https:\/\/www.tv1863-gross-zimmern.de\/index.php?rest_route=\/wp\/v2\/pages\/506\/revisions"}],"predecessor-version":[{"id":7194,"href":"https:\/\/www.tv1863-gross-zimmern.de\/index.php?rest_route=\/wp\/v2\/pages\/506\/revisions\/7194"}],"wp:attachment":[{"href":"https:\/\/www.tv1863-gross-zimmern.de\/index.php?rest_route=%2Fwp%2Fv2%2Fmedia&parent=506"}],"curies":[{"name":"wp","href":"https:\/\/api.w.org\/{rel}","templated":true}]}}