{"id":524,"date":"2017-02-01T22:10:12","date_gmt":"2017-02-01T21:10:12","guid":{"rendered":"http:\/\/tv1863-gross-zimmern.de\/wordpress\/?page_id=524"},"modified":"2026-03-25T12:36:50","modified_gmt":"2026-03-25T11:36:50","slug":"formulare","status":"publish","type":"page","link":"https:\/\/www.tv1863-gross-zimmern.de\/?page_id=524","title":{"rendered":"Formulare &#038; Unterlagen"},"content":{"rendered":"<p>&nbsp;<\/p>\n<table style=\"width: 526px;\" border=\"0\">\n<tbody>\n<tr>\n<td style=\"width: 263px;\">\n<h2>Aufnahmeformular<\/h2>\n<\/td>\n<td style=\"width: 263px; text-align: left;\"><a href=\"https:\/\/www.tv1863-gross-zimmern.de\/wp-content\/uploads\/2024\/03\/Aufnahmeformular_beschreibbar_2024-02-27.pdf\"><img loading=\"lazy\" decoding=\"async\" class=\"wp-image-667 aligncenter\" src=\"https:\/\/www.tv1863-gross-zimmern.de\/wp-content\/uploads\/2017\/02\/Bildschirmfoto-vom-2017-09-06-14-43-47-300x208.png\" alt=\"\" width=\"145\" height=\"101\" srcset=\"https:\/\/www.tv1863-gross-zimmern.de\/wp-content\/uploads\/2017\/02\/Bildschirmfoto-vom-2017-09-06-14-43-47-300x208.png 300w, https:\/\/www.tv1863-gross-zimmern.de\/wp-content\/uploads\/2017\/02\/Bildschirmfoto-vom-2017-09-06-14-43-47-768x533.png 768w, https:\/\/www.tv1863-gross-zimmern.de\/wp-content\/uploads\/2017\/02\/Bildschirmfoto-vom-2017-09-06-14-43-47-700x486.png 700w, https:\/\/www.tv1863-gross-zimmern.de\/wp-content\/uploads\/2017\/02\/Bildschirmfoto-vom-2017-09-06-14-43-47.png 970w\" sizes=\"auto, (max-width: 145px) 100vw, 145px\" \/><\/a><\/td>\n<\/tr>\n<tr>\n<td style=\"width: 528px;\" colspan=\"2\">Beitrittsformular zum Downloaden und Ausdrucken, bitte vollst\u00e4ndig ausgef\u00fcllt auf der Gesch\u00e4ftsstelle abgeben<\/td>\n<\/tr>\n<tr>\n<td style=\"width: 263px;\"><span style=\"font-size: 18pt;\"><strong><span style=\"font-size: 14pt;\">aktueller<\/span> \u00dcbungsplan<\/strong><\/span><\/td>\n<td style=\"width: 263px;\"><a href=\"https:\/\/www.tv1863-gross-zimmern.de\/wp-content\/uploads\/2026\/03\/Uebungsplan-aller-TV-Sportangebote-ab-25-03-26-1.pdf\">\u00dcbungsplan aller Sportangebote des Turnvereins Gro\u00df-Zimmern ab 25 03 26<\/a><\/td>\n<\/tr>\n<tr>\n<td style=\"width: 528px;\" colspan=\"2\">\u00a0\u00dcbungsplan zum Downloaden und Ausdrucken<\/td>\n<\/tr>\n<tr>\n<td style=\"width: 263px;\">\n<h2>Satzung<\/h2>\n<\/td>\n<td style=\"width: 263px; text-align: right;\">In der Gesch\u00e4ftsstelle einsehbar<br \/>\nund kann dort abgeholt werden<\/td>\n<\/tr>\n<tr>\n<td style=\"width: 263px;\">\n<h2>Kinderteilnahme-vordruck <span style=\"font-size: 10pt;\">TV Gro\u00df-Zimmern\u00a0<\/span><\/h2>\n<\/td>\n<td style=\"width: 263px; text-align: right;\"><a href=\"https:\/\/www.tv1863-gross-zimmern.de\/wp-content\/uploads\/2021\/05\/TV-Kinderteilnahmvordruck-ab-5\u00b421-TV-Homepageversion-mit-Geb.-Datum.pdf\">TV Kinderteilnahmevordruck ab 5\u00b421 TV Homepage)<\/a><\/td>\n<\/tr>\n<\/tbody>\n<\/table>\n<p>&nbsp;<\/p>\n","protected":false},"excerpt":{"rendered":"<p>&nbsp; Aufnahmeformular Beitrittsformular zum Downloaden und Ausdrucken, bitte vollst\u00e4ndig ausgef\u00fcllt auf der Gesch\u00e4ftsstelle abgeben aktueller \u00dcbungsplan \u00dcbungsplan aller Sportangebote des Turnvereins Gro\u00df-Zimmern ab 25 03<\/p>\n","protected":false},"author":1,"featured_media":0,"parent":0,"menu_order":0,"comment_status":"closed","ping_status":"closed","template":"","meta":{"footnotes":""},"class_list":["post-524","page","type-page","status-publish","hentry"],"_links":{"self":[{"href":"https:\/\/www.tv1863-gross-zimmern.de\/index.php?rest_route=\/wp\/v2\/pages\/524","targetHints":{"allow":["GET"]}}],"collection":[{"href":"https:\/\/www.tv1863-gross-zimmern.de\/index.php?rest_route=\/wp\/v2\/pages"}],"about":[{"href":"https:\/\/www.tv1863-gross-zimmern.de\/index.php?rest_route=\/wp\/v2\/types\/page"}],"author":[{"embeddable":true,"href":"https:\/\/www.tv1863-gross-zimmern.de\/index.php?rest_route=\/wp\/v2\/users\/1"}],"replies":[{"embeddable":true,"href":"https:\/\/www.tv1863-gross-zimmern.de\/index.php?rest_route=%2Fwp%2Fv2%2Fcomments&post=524"}],"version-history":[{"count":144,"href":"https:\/\/www.tv1863-gross-zimmern.de\/index.php?rest_route=\/wp\/v2\/pages\/524\/revisions"}],"predecessor-version":[{"id":7235,"href":"https:\/\/www.tv1863-gross-zimmern.de\/index.php?rest_route=\/wp\/v2\/pages\/524\/revisions\/7235"}],"wp:attachment":[{"href":"https:\/\/www.tv1863-gross-zimmern.de\/index.php?rest_route=%2Fwp%2Fv2%2Fmedia&parent=524"}],"curies":[{"name":"wp","href":"https:\/\/api.w.org\/{rel}","templated":true}]}}