{"id":6990,"date":"2025-11-10T17:40:02","date_gmt":"2025-11-10T16:40:02","guid":{"rendered":"https:\/\/www.tv1863-gross-zimmern.de\/?page_id=6990"},"modified":"2025-11-10T17:49:28","modified_gmt":"2025-11-10T16:49:28","slug":"petanque","status":"publish","type":"page","link":"https:\/\/www.tv1863-gross-zimmern.de\/?page_id=6990","title":{"rendered":"P\u00e9tanque"},"content":{"rendered":"<p class=\"body-large\" dir=\"auto\">Der MonCh\u00e9ri P\u00e9tanque Club als Abteilung des TV Gro\u00df-Zimmern bietet eine herzliche, einladende Atmosph\u00e4re, wertvolle Kontakte und spannende Matches auf einem gepflegten Platz.<\/p>\n<p class=\"body-large\" dir=\"auto\">Taucht ein in unsere einzigartige Welt des P\u00e9tanquesports.<\/p>\n<p class=\"body-large\" dir=\"auto\">Spielspa\u00df und Geselligkeit vereinen sich hier zu einem unvergesslichen Erlebnis.<\/p>\n<p>&nbsp;<\/p>\n<p><a href=\"https:\/\/www.moncheri-petanque.de\/\">https:\/\/www.moncheri-petanque.de\/<\/a><\/p>\n<p>&nbsp;<\/p>\n<p>&nbsp;<\/p>\n","protected":false},"excerpt":{"rendered":"<p>Der MonCh\u00e9ri P\u00e9tanque Club als Abteilung des TV Gro\u00df-Zimmern bietet eine herzliche, einladende Atmosph\u00e4re, wertvolle Kontakte und spannende Matches auf einem gepflegten Platz. Taucht ein<\/p>\n","protected":false},"author":2,"featured_media":0,"parent":0,"menu_order":0,"comment_status":"closed","ping_status":"closed","template":"","meta":{"footnotes":""},"class_list":["post-6990","page","type-page","status-publish","hentry"],"_links":{"self":[{"href":"https:\/\/www.tv1863-gross-zimmern.de\/index.php?rest_route=\/wp\/v2\/pages\/6990","targetHints":{"allow":["GET"]}}],"collection":[{"href":"https:\/\/www.tv1863-gross-zimmern.de\/index.php?rest_route=\/wp\/v2\/pages"}],"about":[{"href":"https:\/\/www.tv1863-gross-zimmern.de\/index.php?rest_route=\/wp\/v2\/types\/page"}],"author":[{"embeddable":true,"href":"https:\/\/www.tv1863-gross-zimmern.de\/index.php?rest_route=\/wp\/v2\/users\/2"}],"replies":[{"embeddable":true,"href":"https:\/\/www.tv1863-gross-zimmern.de\/index.php?rest_route=%2Fwp%2Fv2%2Fcomments&post=6990"}],"version-history":[{"count":3,"href":"https:\/\/www.tv1863-gross-zimmern.de\/index.php?rest_route=\/wp\/v2\/pages\/6990\/revisions"}],"predecessor-version":[{"id":6993,"href":"https:\/\/www.tv1863-gross-zimmern.de\/index.php?rest_route=\/wp\/v2\/pages\/6990\/revisions\/6993"}],"wp:attachment":[{"href":"https:\/\/www.tv1863-gross-zimmern.de\/index.php?rest_route=%2Fwp%2Fv2%2Fmedia&parent=6990"}],"curies":[{"name":"wp","href":"https:\/\/api.w.org\/{rel}","templated":true}]}}