{"id":714,"date":"2017-09-06T16:02:03","date_gmt":"2017-09-06T15:02:03","guid":{"rendered":"http:\/\/tv1863-gross-zimmern.de\/wordpress\/?page_id=714"},"modified":"2017-09-13T09:55:44","modified_gmt":"2017-09-13T08:55:44","slug":"foerderverein","status":"publish","type":"page","link":"https:\/\/www.tv1863-gross-zimmern.de\/?page_id=714","title":{"rendered":"F\u00f6rderverein"},"content":{"rendered":"<h3>Wer wir sind<\/h3>\n<p>Der Verein f\u00fchrt den Namen \u201eVerein zur F\u00f6rderung des Handballsports in Gro\u00df-Zimmern e.V.\u201c.&nbsp;<br \/>\nDer Sitz des Vereins ist 64846 Gro\u00df-Zimmern, Landkreis Darmstadt-Dieburg.&nbsp;<\/p>\n<p>Das Gesch\u00e4ftsjahr ist das Kalenderjahr.&nbsp;<\/p>\n<p>Der Verein ist gem. 57 BGB unter der Gesch\u00e4ftsnummer &#8211; VR 707 &#8211; in das Vereinsregister des Amtsgerichts Dieburg eingetragen.<br \/>\nUnsere Organisation<\/p>\n<h4>Die Organe des Vereins sind:<\/h4>\n<p>1. Die Mitgliederversammlung<br \/>\n2. Der Vorstand<br \/>\n3. Der erweiterte Vorstand<\/p>\n<h4>Unsere Grunds\u00e4tze und Ziele:<\/h4>\n<ul>\n<li>Der Verein verfolgt ausschlie\u00dflich und unmittelbar gemeinn\u00fctzige Zwecke. Der Satzungszweck wird ausschlie\u00dflich durch die ideelle und finanzielle F\u00f6rderung des Handballsports in Gro\u00df-Zimmern verwirklicht.<\/li>\n<li>Alle Inhaber von Vereins\u00e4mtern sind ehrenamtlich t\u00e4tig und erhalten weder Verg\u00fc?tungen noch Erstattungen von Aufwendungen.<\/li>\n<li>Der Verein ist selbstlos t\u00e4tig, verfolgt nicht in erster Linie eigenwirtschaftliche Zwecke und ist parteipolitisch ungebunden.<\/li>\n<li>Mittel des Vereins d\u00fcrfen nur f\u00fcr die satzungsm\u00e4\u00dfigen Zwecke verwendet werden.<\/li>\n<\/ul>\n<h4>Gesch\u00e4ftsf\u00fchrung:<\/h4>\n<ul>\n<li>Regelm\u00e4\u00dfige Vorstandsitzungen<\/li>\n<li>neue Antr\u00e4ge<\/li>\n<li>Handball News<\/li>\n<li>Werbepartner<\/li>\n<li>neue Ideen<\/li>\n<\/ul>\n<h4>Unsere W\u00fcnsche:<\/h4>\n<ul>\n<li>neue Denkanst\u00f6\u00dfe<\/li>\n<li>rege Mitarbeit unserer Mitglieder<\/li>\n<li>Unterst\u00fctzung unserer Arbeit durch Mitglieder und Werbepartner<\/li>\n<\/ul>\n<h4>Gr\u00fcndung<\/h4>\n<p>Der Verein wurde am 19.08.1987 gegr\u00fcndet. Die Gr\u00fcndungsmitglieder waren:&nbsp;<\/p>\n<p>Walter Thomas<br \/>\nManfred Altmann<br \/>\nReinhold Kress<br \/>\nHelmut Krau\u00df<\/p>\n<h4>Unsere Kontaktadressen<\/h4>\n<table>\n<tbody>\n<tr>\n<td>Michael Klein<br \/>\nFriederike-Nadig-Stra\u00dfe<br \/>\n64807 Dieburg<br \/>\nTel: 06071-962314<\/td>\n<td>Ingolf Reinhard<br \/>\nDieburger Str. 99<br \/>\n64846 Gro\u00df-Zimmern<br \/>\nTel: 06071-74570<br \/>\nFax: 06071-74571<\/td>\n<\/tr>\n<\/tbody>\n<\/table>\n<p>&nbsp;<\/p>\n","protected":false},"excerpt":{"rendered":"<p>Wer wir sind Der Verein f\u00fchrt den Namen \u201eVerein zur F\u00f6rderung des Handballsports in Gro\u00df-Zimmern e.V.\u201c.&nbsp; Der Sitz des Vereins ist 64846 Gro\u00df-Zimmern, Landkreis Darmstadt-Dieburg.&nbsp;<\/p>\n","protected":false},"author":2,"featured_media":0,"parent":7,"menu_order":0,"comment_status":"closed","ping_status":"closed","template":"","meta":{"footnotes":""},"class_list":["post-714","page","type-page","status-publish","hentry"],"_links":{"self":[{"href":"https:\/\/www.tv1863-gross-zimmern.de\/index.php?rest_route=\/wp\/v2\/pages\/714","targetHints":{"allow":["GET"]}}],"collection":[{"href":"https:\/\/www.tv1863-gross-zimmern.de\/index.php?rest_route=\/wp\/v2\/pages"}],"about":[{"href":"https:\/\/www.tv1863-gross-zimmern.de\/index.php?rest_route=\/wp\/v2\/types\/page"}],"author":[{"embeddable":true,"href":"https:\/\/www.tv1863-gross-zimmern.de\/index.php?rest_route=\/wp\/v2\/users\/2"}],"replies":[{"embeddable":true,"href":"https:\/\/www.tv1863-gross-zimmern.de\/index.php?rest_route=%2Fwp%2Fv2%2Fcomments&post=714"}],"version-history":[{"count":1,"href":"https:\/\/www.tv1863-gross-zimmern.de\/index.php?rest_route=\/wp\/v2\/pages\/714\/revisions"}],"predecessor-version":[{"id":715,"href":"https:\/\/www.tv1863-gross-zimmern.de\/index.php?rest_route=\/wp\/v2\/pages\/714\/revisions\/715"}],"up":[{"embeddable":true,"href":"https:\/\/www.tv1863-gross-zimmern.de\/index.php?rest_route=\/wp\/v2\/pages\/7"}],"wp:attachment":[{"href":"https:\/\/www.tv1863-gross-zimmern.de\/index.php?rest_route=%2Fwp%2Fv2%2Fmedia&parent=714"}],"curies":[{"name":"wp","href":"https:\/\/api.w.org\/{rel}","templated":true}]}}