{"id":771,"date":"2017-09-13T09:51:44","date_gmt":"2017-09-13T08:51:44","guid":{"rendered":"http:\/\/tv1863-gross-zimmern.de\/wordpress\/?page_id=771"},"modified":"2017-09-17T10:21:59","modified_gmt":"2017-09-17T09:21:59","slug":"beitritt","status":"publish","type":"page","link":"https:\/\/www.tv1863-gross-zimmern.de\/?page_id=771","title":{"rendered":"Beitritt"},"content":{"rendered":"<p>Sie wollen den Handball in Gro\u00df-Zimmern unterst\u00fctzen und dem Verein zu F\u00f6rderung des Handballsports beitreten?<\/p>\n<p><a href=\"https:\/\/www.tv1863-gross-zimmern.de\/wp-content\/uploads\/2017\/09\/aufnahmeantrag.pdf\">Aufnahmeantrag f\u00fcr den F\u00f6rderverein<\/a><\/p>\n<p><a href=\"https:\/\/www.tv1863-gross-zimmern.de\/wp-content\/uploads\/2017\/09\/satzung_fv.pdf\">Satzung der F\u00f6rdervereins<\/a><\/p>\n<p>Dann laden Sie sich das Formular runter, drucken und f\u00fcllen es aus und schicken es an folgende Adresse:<\/p>\n<p>Verein zur F\u00f6rderung des Handballsports<br \/>\nGesch\u00e4ftsstelle<br \/>\nDieburger Strasse 99<br \/>\n64848 Gro\u00df-Zimmern<\/p>\n<p>oder per Fax an: &nbsp; &nbsp; &nbsp; &nbsp; &nbsp; &nbsp; &nbsp; &nbsp; &nbsp; &nbsp; &nbsp; &nbsp; &nbsp; &nbsp; &nbsp; &nbsp; &nbsp; &nbsp;f\u00fcr R\u00fcckfragen:<br \/>\n06071-74571 &nbsp; &nbsp; &nbsp; &nbsp; &nbsp; &nbsp; &nbsp; &nbsp; &nbsp; &nbsp; &nbsp; &nbsp; &nbsp; &nbsp; &nbsp; &nbsp; &nbsp; &nbsp; &nbsp; &nbsp; &nbsp;&nbsp;06071-74570<\/p>\n","protected":false},"excerpt":{"rendered":"<p>Sie wollen den Handball in Gro\u00df-Zimmern unterst\u00fctzen und dem Verein zu F\u00f6rderung des Handballsports beitreten? Aufnahmeantrag f\u00fcr den F\u00f6rderverein Satzung der F\u00f6rdervereins Dann laden Sie<\/p>\n","protected":false},"author":2,"featured_media":0,"parent":7,"menu_order":0,"comment_status":"closed","ping_status":"closed","template":"","meta":{"footnotes":""},"class_list":["post-771","page","type-page","status-publish","hentry"],"_links":{"self":[{"href":"https:\/\/www.tv1863-gross-zimmern.de\/index.php?rest_route=\/wp\/v2\/pages\/771","targetHints":{"allow":["GET"]}}],"collection":[{"href":"https:\/\/www.tv1863-gross-zimmern.de\/index.php?rest_route=\/wp\/v2\/pages"}],"about":[{"href":"https:\/\/www.tv1863-gross-zimmern.de\/index.php?rest_route=\/wp\/v2\/types\/page"}],"author":[{"embeddable":true,"href":"https:\/\/www.tv1863-gross-zimmern.de\/index.php?rest_route=\/wp\/v2\/users\/2"}],"replies":[{"embeddable":true,"href":"https:\/\/www.tv1863-gross-zimmern.de\/index.php?rest_route=%2Fwp%2Fv2%2Fcomments&post=771"}],"version-history":[{"count":3,"href":"https:\/\/www.tv1863-gross-zimmern.de\/index.php?rest_route=\/wp\/v2\/pages\/771\/revisions"}],"predecessor-version":[{"id":819,"href":"https:\/\/www.tv1863-gross-zimmern.de\/index.php?rest_route=\/wp\/v2\/pages\/771\/revisions\/819"}],"up":[{"embeddable":true,"href":"https:\/\/www.tv1863-gross-zimmern.de\/index.php?rest_route=\/wp\/v2\/pages\/7"}],"wp:attachment":[{"href":"https:\/\/www.tv1863-gross-zimmern.de\/index.php?rest_route=%2Fwp%2Fv2%2Fmedia&parent=771"}],"curies":[{"name":"wp","href":"https:\/\/api.w.org\/{rel}","templated":true}]}}