{"id":3062,"date":"2020-09-21T21:22:18","date_gmt":"2020-09-21T20:22:18","guid":{"rendered":"http:\/\/tv1863-gross-zimmern.de\/wordpress\/?page_id=3062"},"modified":"2020-09-21T21:22:18","modified_gmt":"2020-09-21T20:22:18","slug":"trainingszeiten","status":"publish","type":"page","link":"https:\/\/www.tv1863-gross-zimmern.de\/wordpress\/?page_id=3062","title":{"rendered":"Trainingszeiten"},"content":{"rendered":"<p>Der TV Gro\u00df-Zimmern und die SG Dieburg haben im Jugendbereich sowie im Aktiven Bereich eine Spielgemeinschaft. In der F-Jugend werden die Jungs aus beiden Vereinen bereits gemeinsam trainiert.<\/p>\n<h4>G-Jugend\/Mini-Handball Jungs 6-7 Jahre (Trainer: Andreas Fach, Enrico Albrecht)<\/h4>\n<ul>\n<li>Mittwochs 16:45-17:45 \u2013 Mehrzweckhalle Gro\u00df-Zimmern (Sportlereingang)<\/li>\n<\/ul>\n<h4>F-Jugend\/Mini-Handball Jungs 8 Jahre (Trainer: Ivo Bauer)<\/h4>\n<ul>\n<li>Mittwochs 15:30-17:00 \u2013 Albert-Schweitzer-Schule<\/li>\n<\/ul>\n<p>Ein besonders Angebot gibt es f\u00fcr Handball interessierte M\u00e4dchen. Im eigenen Tempo haben M\u00e4dchen die M\u00f6glichkeit sich spielerisch handballtechnisch zu entwickeln und das, ohne sich mit den Jungs messen zu m\u00fcssen. Auch hier arbeiten die Jugendabteilungen des TV Gross-Zimmern und der SG Dieburg bereits fr\u00fchzeitig im direkten Anschluss an die Ballschule zusammen.<\/p>\n<h4>MINI-M\u00c4DCHEN &#8211; G-\/F- Jugend 6-8 Jahre (Trainerin: Conny Danz, Emily Testoni)<\/h4>\n<ul>\n<li>Mittwochs 16:30-17:30 \u2013 Zweifeldhalle Dieburg<\/li>\n<\/ul>\n<p>&nbsp;<\/p>\n","protected":false},"excerpt":{"rendered":"<p>Der TV Gro\u00df-Zimmern und die SG Dieburg haben im Jugendbereich sowie im Aktiven Bereich eine Spielgemeinschaft. In der F-Jugend werden die Jungs aus beiden Vereinen<\/p>\n","protected":false},"author":2,"featured_media":0,"parent":3059,"menu_order":0,"comment_status":"closed","ping_status":"closed","template":"","meta":{"footnotes":""},"class_list":["post-3062","page","type-page","status-publish","hentry"],"_links":{"self":[{"href":"https:\/\/www.tv1863-gross-zimmern.de\/wordpress\/index.php?rest_route=\/wp\/v2\/pages\/3062","targetHints":{"allow":["GET"]}}],"collection":[{"href":"https:\/\/www.tv1863-gross-zimmern.de\/wordpress\/index.php?rest_route=\/wp\/v2\/pages"}],"about":[{"href":"https:\/\/www.tv1863-gross-zimmern.de\/wordpress\/index.php?rest_route=\/wp\/v2\/types\/page"}],"author":[{"embeddable":true,"href":"https:\/\/www.tv1863-gross-zimmern.de\/wordpress\/index.php?rest_route=\/wp\/v2\/users\/2"}],"replies":[{"embeddable":true,"href":"https:\/\/www.tv1863-gross-zimmern.de\/wordpress\/index.php?rest_route=%2Fwp%2Fv2%2Fcomments&post=3062"}],"version-history":[{"count":1,"href":"https:\/\/www.tv1863-gross-zimmern.de\/wordpress\/index.php?rest_route=\/wp\/v2\/pages\/3062\/revisions"}],"predecessor-version":[{"id":3063,"href":"https:\/\/www.tv1863-gross-zimmern.de\/wordpress\/index.php?rest_route=\/wp\/v2\/pages\/3062\/revisions\/3063"}],"up":[{"embeddable":true,"href":"https:\/\/www.tv1863-gross-zimmern.de\/wordpress\/index.php?rest_route=\/wp\/v2\/pages\/3059"}],"wp:attachment":[{"href":"https:\/\/www.tv1863-gross-zimmern.de\/wordpress\/index.php?rest_route=%2Fwp%2Fv2%2Fmedia&parent=3062"}],"curies":[{"name":"wp","href":"https:\/\/api.w.org\/{rel}","templated":true}]}}