{"id":3134,"date":"2020-10-06T20:25:31","date_gmt":"2020-10-06T19:25:31","guid":{"rendered":"http:\/\/tv1863-gross-zimmern.de\/wordpress\/?page_id=3134"},"modified":"2022-09-19T06:55:18","modified_gmt":"2022-09-19T05:55:18","slug":"gardetanz","status":"publish","type":"page","link":"https:\/\/www.tv1863-gross-zimmern.de\/wordpress\/?page_id=3134","title":{"rendered":"Gardetanz"},"content":{"rendered":"<p>Vielen Dank f\u00fcr ihr\/euer Interesse an den Trainingsstunden der Garde des TV Gro\u00df-Zimmern:<\/p>\n<p><strong>Ab dem 24. Juni 2022 ist es endlich wieder soweit: es finden wieder die Trainingsstunden der Garde statt!<\/strong><\/p>\n<p>Es wird Freitags von 16.30 &#8211; 17.30 Uhr in der Kletterhalle auf dem TV Gel\u00e4nde trainiert. Trainerin Karina Burger wird dabei von Celine Tanneberger unterst\u00fctzt!<\/p>\n<div><em><strong>Bitte nicht spontan in die Halle kommen.<\/strong><\/em><em>\u00a0 <\/em><\/div>\n<div><em>Bei Interesse bitte vorher per E-Mail Kontakt aufnehmen. Die Kontaktdaten stehen auf der Homepage. Bitte zur Schnupperstunde vollst\u00e4ndigen Namen, Anschrift und Handy-Nummer an \u00dcbungsleiterin abgeben. Alle weiteren Kommunikationen erfolgen \u00fcber den whatsapp-Gruppen-Chat. <\/em><em><br \/>\n<\/em><\/div>\n<p><strong>\u00a0<\/strong><\/p>\n","protected":false},"excerpt":{"rendered":"<p>Vielen Dank f\u00fcr ihr\/euer Interesse an den Trainingsstunden der Garde des TV Gro\u00df-Zimmern: Ab dem 24. Juni 2022 ist es endlich wieder soweit: es finden<\/p>\n","protected":false},"author":2,"featured_media":931,"parent":418,"menu_order":0,"comment_status":"closed","ping_status":"closed","template":"","meta":{"footnotes":""},"class_list":["post-3134","page","type-page","status-publish","has-post-thumbnail","hentry"],"_links":{"self":[{"href":"https:\/\/www.tv1863-gross-zimmern.de\/wordpress\/index.php?rest_route=\/wp\/v2\/pages\/3134","targetHints":{"allow":["GET"]}}],"collection":[{"href":"https:\/\/www.tv1863-gross-zimmern.de\/wordpress\/index.php?rest_route=\/wp\/v2\/pages"}],"about":[{"href":"https:\/\/www.tv1863-gross-zimmern.de\/wordpress\/index.php?rest_route=\/wp\/v2\/types\/page"}],"author":[{"embeddable":true,"href":"https:\/\/www.tv1863-gross-zimmern.de\/wordpress\/index.php?rest_route=\/wp\/v2\/users\/2"}],"replies":[{"embeddable":true,"href":"https:\/\/www.tv1863-gross-zimmern.de\/wordpress\/index.php?rest_route=%2Fwp%2Fv2%2Fcomments&post=3134"}],"version-history":[{"count":16,"href":"https:\/\/www.tv1863-gross-zimmern.de\/wordpress\/index.php?rest_route=\/wp\/v2\/pages\/3134\/revisions"}],"predecessor-version":[{"id":4726,"href":"https:\/\/www.tv1863-gross-zimmern.de\/wordpress\/index.php?rest_route=\/wp\/v2\/pages\/3134\/revisions\/4726"}],"up":[{"embeddable":true,"href":"https:\/\/www.tv1863-gross-zimmern.de\/wordpress\/index.php?rest_route=\/wp\/v2\/pages\/418"}],"wp:featuredmedia":[{"embeddable":true,"href":"https:\/\/www.tv1863-gross-zimmern.de\/wordpress\/index.php?rest_route=\/wp\/v2\/media\/931"}],"wp:attachment":[{"href":"https:\/\/www.tv1863-gross-zimmern.de\/wordpress\/index.php?rest_route=%2Fwp%2Fv2%2Fmedia&parent=3134"}],"curies":[{"name":"wp","href":"https:\/\/api.w.org\/{rel}","templated":true}]}}