{"id":3147,"date":"2020-10-06T20:44:39","date_gmt":"2020-10-06T19:44:39","guid":{"rendered":"http:\/\/tv1863-gross-zimmern.de\/wordpress\/?page_id=3147"},"modified":"2022-09-19T06:35:01","modified_gmt":"2022-09-19T05:35:01","slug":"trainingszeiten","status":"publish","type":"page","link":"https:\/\/www.tv1863-gross-zimmern.de\/wordpress\/?page_id=3147","title":{"rendered":"Trainingszeiten Rhythmische Gymnastik"},"content":{"rendered":"<p><strong><span style=\"text-decoration: underline;\">Anf\u00e4nger-M\u00e4dchen + Schnupper-M\u00e4dchen <\/span>: <\/strong><span style=\"text-decoration: underline;\"><strong><br \/>\n<\/strong><\/span><\/p>\n<div>\u2022 Montags \u00a0 \u00a0 \u00a0 16:00-17:30 Uhr,<strong> Erstbesuchstag ,<\/strong> Georgi-Reitzel-Halle, Darmst\u00e4dter Str. 43<\/div>\n<div>\u2022 Mittwochs\u00a0\u00a0\u00a0\u00a0 16:30-17:30 Uhr, Georgi-Reitzel-Halle, Darmst\u00e4dter Str. 43<\/div>\n<p><span style=\"text-decoration: underline;\"><strong>Fortgeschrittene und Wettkampfgruppe:\u00a0<\/strong><\/span><\/p>\n<div>\u2022 Montags\u00a0\u00a0\u00a0\u00a0 17:30-19:00 Uhr, Mehrzweckhalle, Rathausplatz 2<\/div>\n<div>\u2022 Mittwochs\u00a0\u00a0 17:30-19:00 Uhr, Georgi-Reitzel-Halle, Darmst\u00e4dter Str. 43<\/div>\n<div>\u2022 Samstags\u00a0\u00a0\u00a0 11:30-13:30 Uhr, Kletterhalle (nur nach vorheriger Absprache), Darmst\u00e4dter Str. 43<\/div>\n<p><strong>Unser Training findet f\u00fcr alle weiterhin nach 3G-Regel statt.<\/strong><\/p>\n<p><strong>Corona ist noch nicht vorbei.<\/strong><\/p>\n<div>F\u00fcr <strong>ALLE<\/strong> M\u00e4dchen und \u00dcbungsleiterinnen gilt f\u00fcr jedes Training<strong> IMMER<\/strong>:<\/div>\n<div>1) Bitte nur kommen wenn die M\u00e4dchen gesund sind; <strong>ohne Erk\u00e4ltungssymptome.<\/strong><\/div>\n<div>2) Bei Eingang und Laufwegen bitte medizinischen Mundschutz tragen. Beim Sport ausziehen.<\/div>\n<div>3) Sch\u00fclerinnen bitte weiterhin in der Schule die kostenlosen Tests nutzen und im Testheft<\/div>\n<div>\u00a0\u00a0\u00a0 eintragen.<\/div>\n<div>4) Vorschul-M\u00e4dchen bitte einen Schnelltest zu Hause machen und zum Training mitbringen.<\/div>\n<div><\/div>\n<div><strong>Bekleidung:<\/strong><\/div>\n<div>-Leggins und T-Shirt kurz oder lang wie das Kind m\u00f6chte<br \/>\n-Schl\u00e4ppchen oder Socken; keine Turnschuhe weil diese zu steif f\u00fcr die Bewegungen sind<br \/>\n-Turnanzug wenn vorhanden; ohne R\u00f6ckchen weil die Seile\/B\u00e4nder daran h\u00e4ngen bleiben<\/div>\n<div>-eigene Ger\u00e4te wenn vorhanden<\/div>\n<div>-eigene Getr\u00e4nke, kein Essen<\/div>\n<div>-lange Haare bitte zusammenbinden, offenes Haar st\u00f6rt beim Sport<\/div>\n<p><strong>\u00a0<\/strong><\/p>\n","protected":false},"excerpt":{"rendered":"<p>Anf\u00e4nger-M\u00e4dchen + Schnupper-M\u00e4dchen : \u2022 Montags \u00a0 \u00a0 \u00a0 16:00-17:30 Uhr, Erstbesuchstag , Georgi-Reitzel-Halle, Darmst\u00e4dter Str. 43 \u2022 Mittwochs\u00a0\u00a0\u00a0\u00a0 16:30-17:30 Uhr, Georgi-Reitzel-Halle, Darmst\u00e4dter Str. 43<\/p>\n","protected":false},"author":2,"featured_media":930,"parent":418,"menu_order":0,"comment_status":"closed","ping_status":"closed","template":"","meta":{"footnotes":""},"class_list":["post-3147","page","type-page","status-publish","has-post-thumbnail","hentry"],"_links":{"self":[{"href":"https:\/\/www.tv1863-gross-zimmern.de\/wordpress\/index.php?rest_route=\/wp\/v2\/pages\/3147","targetHints":{"allow":["GET"]}}],"collection":[{"href":"https:\/\/www.tv1863-gross-zimmern.de\/wordpress\/index.php?rest_route=\/wp\/v2\/pages"}],"about":[{"href":"https:\/\/www.tv1863-gross-zimmern.de\/wordpress\/index.php?rest_route=\/wp\/v2\/types\/page"}],"author":[{"embeddable":true,"href":"https:\/\/www.tv1863-gross-zimmern.de\/wordpress\/index.php?rest_route=\/wp\/v2\/users\/2"}],"replies":[{"embeddable":true,"href":"https:\/\/www.tv1863-gross-zimmern.de\/wordpress\/index.php?rest_route=%2Fwp%2Fv2%2Fcomments&post=3147"}],"version-history":[{"count":44,"href":"https:\/\/www.tv1863-gross-zimmern.de\/wordpress\/index.php?rest_route=\/wp\/v2\/pages\/3147\/revisions"}],"predecessor-version":[{"id":3685,"href":"https:\/\/www.tv1863-gross-zimmern.de\/wordpress\/index.php?rest_route=\/wp\/v2\/pages\/3147\/revisions\/3685"}],"up":[{"embeddable":true,"href":"https:\/\/www.tv1863-gross-zimmern.de\/wordpress\/index.php?rest_route=\/wp\/v2\/pages\/418"}],"wp:featuredmedia":[{"embeddable":true,"href":"https:\/\/www.tv1863-gross-zimmern.de\/wordpress\/index.php?rest_route=\/wp\/v2\/media\/930"}],"wp:attachment":[{"href":"https:\/\/www.tv1863-gross-zimmern.de\/wordpress\/index.php?rest_route=%2Fwp%2Fv2%2Fmedia&parent=3147"}],"curies":[{"name":"wp","href":"https:\/\/api.w.org\/{rel}","templated":true}]}}