{"id":3161,"date":"2020-10-06T21:10:44","date_gmt":"2020-10-06T20:10:44","guid":{"rendered":"http:\/\/tv1863-gross-zimmern.de\/wordpress\/?page_id=3161"},"modified":"2022-06-03T14:54:05","modified_gmt":"2022-06-03T13:54:05","slug":"trainingszeiten-gardetanz","status":"publish","type":"page","link":"https:\/\/www.tv1863-gross-zimmern.de\/wordpress\/?page_id=3161","title":{"rendered":"Trainingszeiten Gardetanz"},"content":{"rendered":"<h3>Die Einteilung der M\u00e4dchen in Altersstufen ist wie folgt:<\/h3>\n<p>Minis (6-11 Jahre)\u00a0\u00a0\u00a0\u00a0\u00a0\u00a0\u00a0\u00a0\u00a0\u00a0\u00a0 Midis (12-16 Jahre)<\/p>\n<p>Das Training findet im w\u00f6chentlichen Wechsel statt. Die Kommunikation funktioniert \u00fcber die bestehende WhatsApp-Gruppe.<\/p>\n<ul>\n<li>Freitags 16:30-17:30 Uhr\u00a0 &#8211; Kletterhalle auf dem Gel\u00e4nde des TV Gro\u00df-Zimmern (\u00dcbungsleiterin: Katarina Burger)<\/li>\n<\/ul>\n<h3>ACHTUNG: <span style=\"text-decoration: underline;\">ab dem 24. Juni<\/span> 2022 findet wieder Training statt!!<\/h3>\n","protected":false},"excerpt":{"rendered":"<p>Die Einteilung der M\u00e4dchen in Altersstufen ist wie folgt: Minis (6-11 Jahre)\u00a0\u00a0\u00a0\u00a0\u00a0\u00a0\u00a0\u00a0\u00a0\u00a0\u00a0 Midis (12-16 Jahre) Das Training findet im w\u00f6chentlichen Wechsel statt. Die Kommunikation funktioniert<\/p>\n","protected":false},"author":2,"featured_media":3211,"parent":418,"menu_order":0,"comment_status":"closed","ping_status":"closed","template":"","meta":{"footnotes":""},"class_list":["post-3161","page","type-page","status-publish","has-post-thumbnail","hentry"],"_links":{"self":[{"href":"https:\/\/www.tv1863-gross-zimmern.de\/wordpress\/index.php?rest_route=\/wp\/v2\/pages\/3161","targetHints":{"allow":["GET"]}}],"collection":[{"href":"https:\/\/www.tv1863-gross-zimmern.de\/wordpress\/index.php?rest_route=\/wp\/v2\/pages"}],"about":[{"href":"https:\/\/www.tv1863-gross-zimmern.de\/wordpress\/index.php?rest_route=\/wp\/v2\/types\/page"}],"author":[{"embeddable":true,"href":"https:\/\/www.tv1863-gross-zimmern.de\/wordpress\/index.php?rest_route=\/wp\/v2\/users\/2"}],"replies":[{"embeddable":true,"href":"https:\/\/www.tv1863-gross-zimmern.de\/wordpress\/index.php?rest_route=%2Fwp%2Fv2%2Fcomments&post=3161"}],"version-history":[{"count":9,"href":"https:\/\/www.tv1863-gross-zimmern.de\/wordpress\/index.php?rest_route=\/wp\/v2\/pages\/3161\/revisions"}],"predecessor-version":[{"id":4625,"href":"https:\/\/www.tv1863-gross-zimmern.de\/wordpress\/index.php?rest_route=\/wp\/v2\/pages\/3161\/revisions\/4625"}],"up":[{"embeddable":true,"href":"https:\/\/www.tv1863-gross-zimmern.de\/wordpress\/index.php?rest_route=\/wp\/v2\/pages\/418"}],"wp:featuredmedia":[{"embeddable":true,"href":"https:\/\/www.tv1863-gross-zimmern.de\/wordpress\/index.php?rest_route=\/wp\/v2\/media\/3211"}],"wp:attachment":[{"href":"https:\/\/www.tv1863-gross-zimmern.de\/wordpress\/index.php?rest_route=%2Fwp%2Fv2%2Fmedia&parent=3161"}],"curies":[{"name":"wp","href":"https:\/\/api.w.org\/{rel}","templated":true}]}}