{"id":339,"date":"2017-01-18T16:46:34","date_gmt":"2017-01-18T15:46:34","guid":{"rendered":"http:\/\/tv1863-gross-zimmern.de\/wordpress\/?page_id=339"},"modified":"2022-05-30T12:05:48","modified_gmt":"2022-05-30T11:05:48","slug":"trainingszeiten","status":"publish","type":"page","link":"https:\/\/www.tv1863-gross-zimmern.de\/wordpress\/?page_id=339","title":{"rendered":"Trainingszeiten &#8211; Bogensport"},"content":{"rendered":"<p>Beim Training sind G\u00e4ste herzlich willkommen. Wer au\u00dferhalb der Trainingszeiten zum &#8222;Schnupperschie\u00dfen&#8220; kommen m\u00f6chte, sollte sich vorab bei Bj\u00f6rn M\u00fchle per Mail melden.<\/p>\n<h3>Alle Altersgruppen:<\/h3>\n<p>April bis September<\/p>\n<ul>\n<li>Montags 18:00 &#8211; 20:00 Uhr (\u00dcbungsleiter: Bj\u00f6rn M\u00fchle) &#8211; Bogenschie\u00dfplatz<\/li>\n<li>Donnerstags 18:00 &#8211; 20:00 Uhr (\u00dcbungsleiter: Bj\u00f6rn M\u00fchle) &#8211; Bogenschie\u00dfplatz<\/li>\n<\/ul>\n<p>Oktober bis M\u00e4rz<\/p>\n<ul>\n<li>Samstags 11:00 &#8211; 13:00 Uhr (\u00dcbungsleiter: Bj\u00f6rn M\u00fchle) &#8211; Georgi-Reitzel-Halle<\/li>\n<\/ul>\n<h3>Freies Schie\u00dfen mit eigener Ausr\u00fcstung:<\/h3>\n<p>April bis September<\/p>\n<ul>\n<li>Freitags 18:00 &#8211; open End (\u00dcbungsleiter: Bj\u00f6rn M\u00fchle) &#8211; Bogenschie\u00dfplatz<\/li>\n<li>Sonntags 10:00 &#8211; 13:00 (\u00dcbungsleiter: Bj\u00f6rn M\u00fchle) &#8211; Bogenschie\u00dfplatz<\/li>\n<\/ul>\n<p>Oktober bis M\u00e4rz<\/p>\n<ul>\n<li>Samstags 10:00 &#8211; 13:00 (\u00dcbungsleiter: Bj\u00f6rn M\u00fchle) &#8211; Georgi-Reitzel-Halle<\/li>\n<li>Sonntags 10:30 &#8211; 13:00 (\u00dcbungsleiter: Bj\u00f6rn M\u00fchle) &#8211; Georgi-Reitzel-Halle<\/li>\n<\/ul>\n","protected":false},"excerpt":{"rendered":"<p>Beim Training sind G\u00e4ste herzlich willkommen. Wer au\u00dferhalb der Trainingszeiten zum &#8222;Schnupperschie\u00dfen&#8220; kommen m\u00f6chte, sollte sich vorab bei Bj\u00f6rn M\u00fchle per Mail melden. Alle Altersgruppen:<\/p>\n","protected":false},"author":2,"featured_media":0,"parent":331,"menu_order":0,"comment_status":"closed","ping_status":"closed","template":"","meta":{"footnotes":""},"class_list":["post-339","page","type-page","status-publish","hentry"],"_links":{"self":[{"href":"https:\/\/www.tv1863-gross-zimmern.de\/wordpress\/index.php?rest_route=\/wp\/v2\/pages\/339","targetHints":{"allow":["GET"]}}],"collection":[{"href":"https:\/\/www.tv1863-gross-zimmern.de\/wordpress\/index.php?rest_route=\/wp\/v2\/pages"}],"about":[{"href":"https:\/\/www.tv1863-gross-zimmern.de\/wordpress\/index.php?rest_route=\/wp\/v2\/types\/page"}],"author":[{"embeddable":true,"href":"https:\/\/www.tv1863-gross-zimmern.de\/wordpress\/index.php?rest_route=\/wp\/v2\/users\/2"}],"replies":[{"embeddable":true,"href":"https:\/\/www.tv1863-gross-zimmern.de\/wordpress\/index.php?rest_route=%2Fwp%2Fv2%2Fcomments&post=339"}],"version-history":[{"count":7,"href":"https:\/\/www.tv1863-gross-zimmern.de\/wordpress\/index.php?rest_route=\/wp\/v2\/pages\/339\/revisions"}],"predecessor-version":[{"id":4612,"href":"https:\/\/www.tv1863-gross-zimmern.de\/wordpress\/index.php?rest_route=\/wp\/v2\/pages\/339\/revisions\/4612"}],"up":[{"embeddable":true,"href":"https:\/\/www.tv1863-gross-zimmern.de\/wordpress\/index.php?rest_route=\/wp\/v2\/pages\/331"}],"wp:attachment":[{"href":"https:\/\/www.tv1863-gross-zimmern.de\/wordpress\/index.php?rest_route=%2Fwp%2Fv2%2Fmedia&parent=339"}],"curies":[{"name":"wp","href":"https:\/\/api.w.org\/{rel}","templated":true}]}}