{"id":362,"date":"2017-01-18T22:34:45","date_gmt":"2017-01-18T21:34:45","guid":{"rendered":"http:\/\/tv1863-gross-zimmern.de\/wordpress\/?page_id=362"},"modified":"2017-09-13T11:47:00","modified_gmt":"2017-09-13T10:47:00","slug":"impressum","status":"publish","type":"page","link":"https:\/\/www.tv1863-gross-zimmern.de\/wordpress\/?page_id=362","title":{"rendered":"Impressum"},"content":{"rendered":"<h1>Impressum<\/h1>\n<div align=\"center\">\n<table border=\"0\" cellpadding=\"0\" cellspacing=\"0\" width=\"100%\">\n<tbody>\n<tr>\n<td height=\"50\" valign=\"top\" width=\"50%\">\n<div align=\"left\">Anschrift<\/div>\n<\/td>\n<td height=\"30\" valign=\"top\" width=\"50%\">\n<div align=\"left\">TV 1863 Gro\u00df-Zimmern e.V.<br \/>\nDarmst\u00e4dter Str. 43<br \/>\n64846 Gro\u00df-Zimmern<\/div>\n<\/td>\n<\/tr>\n<tr>\n<td height=\"30\" width=\"50%\">\n<div align=\"left\">Telefon<\/div>\n<\/td>\n<td height=\"30\" width=\"50%\">\n<div align=\"left\">0 60 71 &#8211; 739424<\/div>\n<\/td>\n<\/tr>\n<tr>\n<td height=\"30\" width=\"50%\">\n<div align=\"left\">Email<\/div>\n<\/td>\n<td height=\"30\" width=\"50%\">info@tv1863.de&nbsp;<\/td>\n<\/tr>\n<tr>\n<td height=\"60\" valign=\"top\" width=\"50%\">\n<div align=\"left\">Vertreten durch den Vorstand&nbsp;<\/div>\n<\/td>\n<td height=\"30\" valign=\"top\" width=\"50%\">\n<div align=\"left\">Michael Coors<\/div>\n<\/td>\n<\/tr>\n<tr>\n<td height=\"30\" valign=\"top\" width=\"50%\">\n<div align=\"left\">Eingetragen im&nbsp;<\/div>\n<\/td>\n<td height=\"30\" valign=\"top\" width=\"50%\">\n<div align=\"left\">Amtsgericht Dieburg, Registernr.&nbsp;8 VR 3257&nbsp;<\/div>\n<\/td>\n<\/tr>\n<tr>\n<td height=\"30\" width=\"50%\">\n<div align=\"left\">Verantwortlicher f\u00fcr die Inhalte nach \u00a7 26 BGB<\/div>\n<\/td>\n<td height=\"30\" width=\"50%\">\n<div align=\"left\">Michael Coors<\/div>\n<\/td>\n<\/tr>\n<tr>\n<td height=\"30\" valign=\"top\" width=\"50%\">\n<div align=\"left\">Verantwortlicher f\u00fcr die Homepage, Entwurf des Layouts<\/div>\n<\/td>\n<td height=\"30\" width=\"50%\">\n<div align=\"left\">TV 1863 Gro\u00df-Zimmern e.V.<\/div>\n<\/td>\n<\/tr>\n<tr>\n<td height=\"30\" valign=\"top\" width=\"50%\">\n<div align=\"left\">Content Managment System<\/div>\n<\/td>\n<td height=\"30\" width=\"50%\">\n<p align=\"left\"><a href=\"https:\/\/wordpress.org\">WordPress<\/a><\/p>\n<\/td>\n<\/tr>\n<tr>\n<td height=\"30\" valign=\"top\" width=\"50%\">\n<div align=\"left\">WordPress Theme<\/div>\n<\/td>\n<td height=\"30\" width=\"50%\">\n<p align=\"left\"><a href=\"https:\/\/wordpress.org\/themes\/gambit\/\">Gambit<\/a><\/p>\n<\/td>\n<\/tr>\n<\/tbody>\n<\/table>\n<\/div>\n<p><strong>Haftungshinweis:<\/strong><br \/>\nTrotz sorgf\u00e4ltiger inhaltlicher Kontrolle \u00fcbernehmen wir keine Haftung f\u00fcr die Inhalte externer Links. F\u00fcr den Inhalt der verlinkten Seiten sind ausschlie\u00dflich deren Betreiber verantwortlich.<\/p>\n<p><strong>Disclaimer\/Haftungsausschluss<\/strong><\/p>\n<h2>HAFTUNGSAUSSCHLUSS:<\/h2>\n<h3>Haftung f\u00fcr Inhalte<\/h3>\n<p>Die Inhalte unserer Seiten wurden mit gr\u00f6\u00dfter Sorgfalt erstellt. F\u00fcr die Richtigkeit, Vollst\u00e4ndigkeit und Aktualit\u00e4t der Inhalte k\u00f6nnen wir jedoch keine Gew\u00e4hr \u00fcbernehmen. Als Diensteanbieter sind wir gem\u00e4\u00df \u00a7 7 Abs.1 TMG f\u00fcr eigene Inhalte auf diesen Seiten nach den allgemeinen Gesetzen verantwortlich. Nach \u00a7\u00a7 8 bis 10 TMG sind wir als Diensteanbieter jedoch nicht verpflichtet, \u00fcbermittelte oder gespeicherte fremde Informationen zu \u00fcberwachen oder nach Umst\u00e4nden zu forschen, die auf eine rechtswidrige T\u00e4tigkeit hinweisen. Verpflichtungen zur Entfernung oder Sperrung der Nutzung von Informationen nach den allgemeinen Gesetzen bleiben hiervon unber\u00fchrt. Eine diesbez\u00fcgliche Haftung ist jedoch erst ab dem Zeitpunkt der Kenntnis einer konkreten Rechtsverletzung m\u00f6glich. Bei Bekanntwerden von entsprechenden Rechtsverletzungen werden wir diese Inhalte umgehend entfernen.<\/p>\n<h3>Haftung f\u00fcr Links<\/h3>\n<p>Unser Angebot enth\u00e4lt Links zu externen Webseiten Dritter, auf deren Inhalte wir keinen Einfluss haben. Deshalb k\u00f6nnen wir f\u00fcr diese fremden Inhalte auch keine Gew\u00e4hr \u00fcbernehmen. F\u00fcr die Inhalte der verlinkten Seiten ist stets der jeweilige Anbieter oder Betreiber der Seiten verantwortlich. Die verlinkten Seiten wurden zum Zeitpunkt der Verlinkung auf m\u00f6gliche Rechtsverst\u00f6\u00dfe \u00fcberpr\u00fcft. Rechtswidrige Inhalte waren zum Zeitpunkt der Verlinkung nicht erkennbar. Eine permanente inhaltliche Kontrolle der verlinkten Seiten ist jedoch ohne konkrete Anhaltspunkte einer Rechtsverletzung nicht zumutbar. Bei Bekanntwerden von Rechtsverletzungen werden wir derartige Links umgehend entfernen.<\/p>\n<h2>URHEBERRECHT<\/h2>\n<p>Die durch die Seitenbetreiber erstellten Inhalte und Werke auf diesen Seiten unterliegen dem deutschen Urheberrecht. Die Vervielf\u00e4ltigung, Bearbeitung, Verbreitung und jede Art der Verwertung au\u00dferhalb der Grenzen des Urheberrechtes bed\u00fcrfen der schriftlichen Zustimmung des jeweiligen Autors bzw. Erstellers. Downloads und Kopien dieser Seite sind nur f\u00fcr den privaten, nicht kommerziellen Gebrauch gestattet. Soweit die Inhalte auf dieser Seite nicht vom Betreiber erstellt wurden, werden die Urheberrechte Dritter beachtet. Insbesondere werden Inhalte Dritter als solche gekennzeichnet. Sollten Sie trotzdem auf eine Urheberrechtsverletzung aufmerksam werden, bitten wir um einen entsprechenden Hinweis. Bei Bekanntwerden von Rechtsverletzungen werden wir derartige Inhalte umgehend entfernen.<\/p>\n<h2>DATENSCHUTZ<\/h2>\n<p>Die Nutzung unserer Webseite ist in der Regel ohne Angabe personenbezogener Daten m\u00f6glich. Soweit auf unseren Seiten personenbezogene Daten (beispielsweise Name, Anschrift oder eMail-Adressen) erhoben werden, erfolgt dies, soweit m\u00f6glich, stets auf freiwilliger Basis. Diese Daten werden ohne Ihre ausdr\u00fcckliche Zustimmung nicht an Dritte weitergegeben.<\/p>\n<p>Wir weisen darauf hin, dass die Daten\u00fcbertragung im Internet (z.B. bei der Kommunikation per E-Mail) Sicherheitsl\u00fccken aufweisen kann. Ein l\u00fcckenloser Schutz der Daten vor dem Zugriff durch Dritte ist nicht m\u00f6glich.<\/p>\n<p>Der Nutzung von im Rahmen der Impressumspflicht ver\u00f6ffentlichten Kontaktdaten durch Dritte zur \u00dcbersendung von nicht ausdr\u00fccklich angeforderter Werbung und Informationsmaterialien wird hiermit ausdr\u00fccklich widersprochen. Die Betreiber der Seiten behalten sich ausdr\u00fccklich rechtliche Schritte im Falle der unverlangten Zusendung von Werbeinformationen, etwa durch Spam-Mails, vor.<\/p>\n<p>Quelle: Disclaimer von eRecht24, dem Portal zum Internetrecht von Rechtsanwalt S\u00f6ren Siebert.<\/p>\n<h2>BILDER UND GRAFIKEN<\/h2>\n<p>Bilder, Icons und Grafiken aus dem TV 1863 Gro\u00df-Zimmern e.V. eigenem Archiv oder von Verschiedene Bild Agenturen.<\/p>\n","protected":false},"excerpt":{"rendered":"<p>Impressum Anschrift TV 1863 Gro\u00df-Zimmern e.V. Darmst\u00e4dter Str. 43 64846 Gro\u00df-Zimmern Telefon 0 60 71 &#8211; 739424 Email info@tv1863.de&nbsp; Vertreten durch den Vorstand&nbsp; Michael Coors<\/p>\n","protected":false},"author":2,"featured_media":0,"parent":0,"menu_order":0,"comment_status":"closed","ping_status":"closed","template":"","meta":{"footnotes":""},"class_list":["post-362","page","type-page","status-publish","hentry"],"_links":{"self":[{"href":"https:\/\/www.tv1863-gross-zimmern.de\/wordpress\/index.php?rest_route=\/wp\/v2\/pages\/362","targetHints":{"allow":["GET"]}}],"collection":[{"href":"https:\/\/www.tv1863-gross-zimmern.de\/wordpress\/index.php?rest_route=\/wp\/v2\/pages"}],"about":[{"href":"https:\/\/www.tv1863-gross-zimmern.de\/wordpress\/index.php?rest_route=\/wp\/v2\/types\/page"}],"author":[{"embeddable":true,"href":"https:\/\/www.tv1863-gross-zimmern.de\/wordpress\/index.php?rest_route=\/wp\/v2\/users\/2"}],"replies":[{"embeddable":true,"href":"https:\/\/www.tv1863-gross-zimmern.de\/wordpress\/index.php?rest_route=%2Fwp%2Fv2%2Fcomments&post=362"}],"version-history":[{"count":2,"href":"https:\/\/www.tv1863-gross-zimmern.de\/wordpress\/index.php?rest_route=\/wp\/v2\/pages\/362\/revisions"}],"predecessor-version":[{"id":792,"href":"https:\/\/www.tv1863-gross-zimmern.de\/wordpress\/index.php?rest_route=\/wp\/v2\/pages\/362\/revisions\/792"}],"wp:attachment":[{"href":"https:\/\/www.tv1863-gross-zimmern.de\/wordpress\/index.php?rest_route=%2Fwp%2Fv2%2Fmedia&parent=362"}],"curies":[{"name":"wp","href":"https:\/\/api.w.org\/{rel}","templated":true}]}}