{"id":373,"date":"2017-01-30T15:37:45","date_gmt":"2017-01-30T14:37:45","guid":{"rendered":"http:\/\/tv1863-gross-zimmern.de\/wordpress\/?page_id=373"},"modified":"2020-09-21T21:25:01","modified_gmt":"2020-09-21T20:25:01","slug":"ballschule","status":"publish","type":"page","link":"https:\/\/www.tv1863-gross-zimmern.de\/wordpress\/?page_id=373","title":{"rendered":"Ballschule"},"content":{"rendered":"<p>Konzept der Heidelberger Ballschule beim TV Gro\u00df-Zimmern<a href=\"https:\/\/www.tv1863-gross-zimmern.de\/wordpress\/wp-content\/uploads\/2017\/01\/Ballschule.gif\"><img loading=\"lazy\" decoding=\"async\" class=\"size-full wp-image-374 alignright\" src=\"https:\/\/www.tv1863-gross-zimmern.de\/wordpress\/wp-content\/uploads\/2017\/01\/Ballschule.gif\" alt=\"\" width=\"113\" height=\"113\" \/><\/a><\/p>\n<p>Heidelberger Ballschule<br \/>\nDie Ballschule Gro\u00df-Zimmern ist eine im Jahr 2005 gestartete Initiative. Sie hat das Ziel, Kindern wieder einen spielerischen Zugang zum Umgang mit dem Ball zu erm\u00f6glichen.<\/p>\n<p>Viele gro\u00dfe Sportler haben ihre Grundfertigkeiten auf der Stra\u00dfe, dem Schulhof, dem Bolzplatz oder einer Wiese erworben. Vielen war zu jener Zeit noch v\u00f6llig unklar, in welcher Sportart sie sich sp\u00e4ter einmal wiederfinden w\u00fcrden. Die Freude am Umgang mit dem Ball stand im Vordergrund.<\/p>\n<p>F\u00fcr Kinder gibt es diese Freiheit heute kaum noch. Stra\u00dfen sind als Spielplatz denkbar ungeeignet. Wer in einen Verein eintritt, spezialisiert sich fr\u00fchzeitig. Mit der Folge, dass mehr als die H\u00e4lfte der Jugendlichen den Verein mit 17 bereits wieder verlassen hat.<\/p>\n<p>Das Konzept der Ballschule, entwickelt und gef\u00f6rdert von Prof. Dr. Klaus Roth von der Uni Heidelberg, will dem entgegenwirken. Kinder sollen \u00fcber den Spa\u00df am Spiel ihre F\u00e4higkeiten entwickeln, Spiel- und Bewegungserfahrungen sowie vielseitige Talentf\u00f6rderung stehen im Vordergrund. F\u00fcr welche Ballspielart sich der der junge Mensch sp\u00e4ter entscheidet, ist dabei v\u00f6llig unerheblich.<\/p>\n","protected":false},"excerpt":{"rendered":"<p>Konzept der Heidelberger Ballschule beim TV Gro\u00df-Zimmern Heidelberger Ballschule Die Ballschule Gro\u00df-Zimmern ist eine im Jahr 2005 gestartete Initiative. Sie hat das Ziel, Kindern wieder<\/p>\n","protected":false},"author":2,"featured_media":0,"parent":0,"menu_order":0,"comment_status":"closed","ping_status":"closed","template":"","meta":{"footnotes":""},"class_list":["post-373","page","type-page","status-publish","hentry"],"_links":{"self":[{"href":"https:\/\/www.tv1863-gross-zimmern.de\/wordpress\/index.php?rest_route=\/wp\/v2\/pages\/373","targetHints":{"allow":["GET"]}}],"collection":[{"href":"https:\/\/www.tv1863-gross-zimmern.de\/wordpress\/index.php?rest_route=\/wp\/v2\/pages"}],"about":[{"href":"https:\/\/www.tv1863-gross-zimmern.de\/wordpress\/index.php?rest_route=\/wp\/v2\/types\/page"}],"author":[{"embeddable":true,"href":"https:\/\/www.tv1863-gross-zimmern.de\/wordpress\/index.php?rest_route=\/wp\/v2\/users\/2"}],"replies":[{"embeddable":true,"href":"https:\/\/www.tv1863-gross-zimmern.de\/wordpress\/index.php?rest_route=%2Fwp%2Fv2%2Fcomments&post=373"}],"version-history":[{"count":2,"href":"https:\/\/www.tv1863-gross-zimmern.de\/wordpress\/index.php?rest_route=\/wp\/v2\/pages\/373\/revisions"}],"predecessor-version":[{"id":3065,"href":"https:\/\/www.tv1863-gross-zimmern.de\/wordpress\/index.php?rest_route=\/wp\/v2\/pages\/373\/revisions\/3065"}],"wp:attachment":[{"href":"https:\/\/www.tv1863-gross-zimmern.de\/wordpress\/index.php?rest_route=%2Fwp%2Fv2%2Fmedia&parent=373"}],"curies":[{"name":"wp","href":"https:\/\/api.w.org\/{rel}","templated":true}]}}