{"id":387,"date":"2017-01-30T16:01:32","date_gmt":"2017-01-30T15:01:32","guid":{"rendered":"http:\/\/tv1863-gross-zimmern.de\/wordpress\/?page_id=387"},"modified":"2017-09-22T18:24:46","modified_gmt":"2017-09-22T17:24:46","slug":"lauftreff","status":"publish","type":"page","link":"https:\/\/www.tv1863-gross-zimmern.de\/wordpress\/?page_id=387","title":{"rendered":"Lauftreff"},"content":{"rendered":"<h2>Trainingszeiten<\/h2>\n<ul>\n<li>Mittwochs 18:00 &#8211; 19:00 Uhr &#8211; Gemeinde-Wald (\u00dcbungsleiter: Andreas H\u00fcbner-Spiegelsberger)<\/li>\n<li>Sonntags 09:00 &#8211; 10:00 Uhr &#8211; Gemeinde-Wald (\u00dcbungsleiter: )<\/li>\n<\/ul>\n<p>&nbsp;<\/p>\n<p>&nbsp;<\/p>\n<p>&nbsp;<\/p>\n<p>&nbsp;<\/p>\n","protected":false},"excerpt":{"rendered":"<p>Trainingszeiten Mittwochs 18:00 &#8211; 19:00 Uhr &#8211; Gemeinde-Wald (\u00dcbungsleiter: Andreas H\u00fcbner-Spiegelsberger) Sonntags 09:00 &#8211; 10:00 Uhr &#8211; Gemeinde-Wald (\u00dcbungsleiter: ) &nbsp; &nbsp; &nbsp; &nbsp;<\/p>\n","protected":false},"author":2,"featured_media":0,"parent":398,"menu_order":0,"comment_status":"closed","ping_status":"closed","template":"","meta":{"footnotes":""},"class_list":["post-387","page","type-page","status-publish","hentry"],"_links":{"self":[{"href":"https:\/\/www.tv1863-gross-zimmern.de\/wordpress\/index.php?rest_route=\/wp\/v2\/pages\/387","targetHints":{"allow":["GET"]}}],"collection":[{"href":"https:\/\/www.tv1863-gross-zimmern.de\/wordpress\/index.php?rest_route=\/wp\/v2\/pages"}],"about":[{"href":"https:\/\/www.tv1863-gross-zimmern.de\/wordpress\/index.php?rest_route=\/wp\/v2\/types\/page"}],"author":[{"embeddable":true,"href":"https:\/\/www.tv1863-gross-zimmern.de\/wordpress\/index.php?rest_route=\/wp\/v2\/users\/2"}],"replies":[{"embeddable":true,"href":"https:\/\/www.tv1863-gross-zimmern.de\/wordpress\/index.php?rest_route=%2Fwp%2Fv2%2Fcomments&post=387"}],"version-history":[{"count":6,"href":"https:\/\/www.tv1863-gross-zimmern.de\/wordpress\/index.php?rest_route=\/wp\/v2\/pages\/387\/revisions"}],"predecessor-version":[{"id":830,"href":"https:\/\/www.tv1863-gross-zimmern.de\/wordpress\/index.php?rest_route=\/wp\/v2\/pages\/387\/revisions\/830"}],"up":[{"embeddable":true,"href":"https:\/\/www.tv1863-gross-zimmern.de\/wordpress\/index.php?rest_route=\/wp\/v2\/pages\/398"}],"wp:attachment":[{"href":"https:\/\/www.tv1863-gross-zimmern.de\/wordpress\/index.php?rest_route=%2Fwp%2Fv2%2Fmedia&parent=387"}],"curies":[{"name":"wp","href":"https:\/\/api.w.org\/{rel}","templated":true}]}}