{"id":389,"date":"2017-01-30T16:02:45","date_gmt":"2017-01-30T15:02:45","guid":{"rendered":"http:\/\/tv1863-gross-zimmern.de\/wordpress\/?page_id=389"},"modified":"2021-08-30T10:10:10","modified_gmt":"2021-08-30T09:10:10","slug":"yoga","status":"publish","type":"page","link":"https:\/\/www.tv1863-gross-zimmern.de\/wordpress\/?page_id=389","title":{"rendered":"Yoga"},"content":{"rendered":"<h2>Trainingszeiten<\/h2>\n<ul>\n<li>Donnerstags 19:00 &#8211; 20:15 Uhr &#8211; Kursraum Georgi-Reitzel-Halle (\u00dcbungsleiter: Ulrich Ro\u00dfmann)<\/li>\n<li><del>Donnerstag 20:15 &#8211; 21:15 Uhr &#8211; Kursraum Georgi-Reitzel-Halle (\u00dcbungsleiter: Ulrich Ro\u00dfmann)<\/del><\/li>\n<\/ul>\n<p>&nbsp;<\/p>\n<p>&nbsp;<\/p>\n<p>&nbsp;<\/p>\n<p>&nbsp;<\/p>\n<p>&nbsp;<\/p>\n","protected":false},"excerpt":{"rendered":"<p>Trainingszeiten Donnerstags 19:00 &#8211; 20:15 Uhr &#8211; Kursraum Georgi-Reitzel-Halle (\u00dcbungsleiter: Ulrich Ro\u00dfmann) Donnerstag 20:15 &#8211; 21:15 Uhr &#8211; Kursraum Georgi-Reitzel-Halle (\u00dcbungsleiter: Ulrich Ro\u00dfmann) &nbsp; &nbsp;<\/p>\n","protected":false},"author":2,"featured_media":0,"parent":398,"menu_order":0,"comment_status":"closed","ping_status":"closed","template":"","meta":{"footnotes":""},"class_list":["post-389","page","type-page","status-publish","hentry"],"_links":{"self":[{"href":"https:\/\/www.tv1863-gross-zimmern.de\/wordpress\/index.php?rest_route=\/wp\/v2\/pages\/389","targetHints":{"allow":["GET"]}}],"collection":[{"href":"https:\/\/www.tv1863-gross-zimmern.de\/wordpress\/index.php?rest_route=\/wp\/v2\/pages"}],"about":[{"href":"https:\/\/www.tv1863-gross-zimmern.de\/wordpress\/index.php?rest_route=\/wp\/v2\/types\/page"}],"author":[{"embeddable":true,"href":"https:\/\/www.tv1863-gross-zimmern.de\/wordpress\/index.php?rest_route=\/wp\/v2\/users\/2"}],"replies":[{"embeddable":true,"href":"https:\/\/www.tv1863-gross-zimmern.de\/wordpress\/index.php?rest_route=%2Fwp%2Fv2%2Fcomments&post=389"}],"version-history":[{"count":11,"href":"https:\/\/www.tv1863-gross-zimmern.de\/wordpress\/index.php?rest_route=\/wp\/v2\/pages\/389\/revisions"}],"predecessor-version":[{"id":3911,"href":"https:\/\/www.tv1863-gross-zimmern.de\/wordpress\/index.php?rest_route=\/wp\/v2\/pages\/389\/revisions\/3911"}],"up":[{"embeddable":true,"href":"https:\/\/www.tv1863-gross-zimmern.de\/wordpress\/index.php?rest_route=\/wp\/v2\/pages\/398"}],"wp:attachment":[{"href":"https:\/\/www.tv1863-gross-zimmern.de\/wordpress\/index.php?rest_route=%2Fwp%2Fv2%2Fmedia&parent=389"}],"curies":[{"name":"wp","href":"https:\/\/api.w.org\/{rel}","templated":true}]}}