{"id":400,"date":"2017-01-30T16:45:24","date_gmt":"2017-01-30T15:45:24","guid":{"rendered":"http:\/\/tv1863-gross-zimmern.de\/wordpress\/?page_id=400"},"modified":"2022-04-27T13:14:33","modified_gmt":"2022-04-27T12:14:33","slug":"gymnastik","status":"publish","type":"page","link":"https:\/\/www.tv1863-gross-zimmern.de\/wordpress\/?page_id=400","title":{"rendered":"Gymnastik"},"content":{"rendered":"<h2>Trainingszeiten<\/h2>\n<h4>Aerobic\/Bodywork mit Step<\/h4>\n<ul>\n<li>Montags 18:30 &#8211; 19:45 Uhr &#8211; Kursraum Georgi-Reitzel-Halle (\u00dcbungsleiterin: Ursula Haller)<\/li>\n<\/ul>\n<h4>Fit von Kopf bis Fu\u00df ab 50<\/h4>\n<ul>\n<li>Montags 17:50 &#8211; 18:50 Uhr &#8211; Alte TV Halle (\u00dcbungsleiterin: Birgit Hoeves)<\/li>\n<\/ul>\n<h4>Fitness-Gymnastik<\/h4>\n<ul>\n<li>Frauen: Montags 19:00 &#8211; 20:00 Uhr &#8211; Alte TV Halle (\u00dcbungsleiterin: Sibylla Linke)<\/li>\n<li>Gemischt: Donnerstags 09:45 &#8211; 10:45 Uhr &#8211; Alte TV Halle (\u00dcbungsleiterin: Sibylla Linke)<\/li>\n<\/ul>\n<h4>Power-Yoga (mit Zusatzbeitrag)<\/h4>\n<ul>\n<li>Montags 18:30 &#8211; 19:45 Uhr- Neue Halle Albert-Schweitzer-Schule (\u00dcbungsleiterin: Ulrike Strau\u00df)<\/li>\n<\/ul>\n<h4>Gut und Trainiert \/ BBP<\/h4>\n<ul>\n<li>Dienstags 09:00 &#8211; 10:00 Uhr\u00a0&#8211;\u00a0Georgi-Reitzel-Halle (\u00dcbungsleiterin:\u00a0Sonja Roskosch)<\/li>\n<li>Freitags 09:00 &#8211; 10:00\u00a0Uhr &#8211; Georgi-Reitzel-Halle (\u00dcbungsleiterin: Sonja Roskosch)<\/li>\n<\/ul>\n<ul>\n<li><\/li>\n<\/ul>\n<h4>Fit ab 50<\/h4>\n<ul>\n<li>Frauen: Mittwochs 10:00 &#8211; 11:00 Uhr- Georgi-Reitzel-Halle (\u00dcbungsleiterin: Birgit Hoeves)<\/li>\n<\/ul>\n<h4>Fit und Gesund<\/h4>\n<ul>\n<li>Frauen: Mittwochs 19:00 &#8211; 20:00 Uhr- Alte TV Halle (\u00dcbungsleiterin: Sibylla Linke)<\/li>\n<\/ul>\n<h4>Form your body<\/h4>\n<ul>\n<li>Mittwochs 18:15 &#8211; 19:45 Uhr- Gymnastik- u. Kletterhalle (\u00dcbungsleiterin: Sabine Stutz)<\/li>\n<\/ul>\n<h4>Gymnastik \u201eWaschbrettbauch\u201c Kondition \u2013 Koordination \u2013 Kraft<\/h4>\n<ul>\n<li>Mittwochs 19:00 &#8211; 20:00 Uhr- Alte Halle Albert-Schweitzer-Schule (\u00dcbungsleiterin: Sonja Roskosch) bzw. Au\u00dfengel\u00e4nde ASS<\/li>\n<\/ul>\n<h4>Yoga<\/h4>\n<ul>\n<li>Donnerstags 19:00 &#8211; 20:15 Uhr- Kursraum GR-Halle (\u00dcbungsleiter: Ulrich Ro\u00dfmann)<\/li>\n<li><del>Donnerstag 20:15 &#8211; 21:15 Uhr- Kursraum GR-Halle (\u00dcbungsleiter: Ulrich Ro\u00dfmann)<\/del><\/li>\n<\/ul>\n<h3>Wassergymnastik<\/h3>\n<ul>\n<li>Mittwochs 14:00-15:00 Uhr\u00a0&#8211; Hallenbad, Gro\u00df-Zimmern (\u00dcbungsleiterin: Brigitte Schnarr)<\/li>\n<\/ul>\n<p><span style=\"font-size: 14pt;\"><strong>ZUMBA<\/strong><\/span><\/p>\n<ul>\n<li>Dienstags 18:45-19:45 Uhr Kletterhalle (\u00dcbungsleiterin Tina Vettermann)<\/li>\n<li>Donnerstags 17:45-18:45 Uhr Kletterhalle (\u00dcbungsleiterin Tina Vettermann)<\/li>\n<\/ul>\n","protected":false},"excerpt":{"rendered":"<p>Trainingszeiten Aerobic\/Bodywork mit Step Montags 18:30 &#8211; 19:45 Uhr &#8211; Kursraum Georgi-Reitzel-Halle (\u00dcbungsleiterin: Ursula Haller) Fit von Kopf bis Fu\u00df ab 50 Montags 17:50 &#8211;<\/p>\n","protected":false},"author":2,"featured_media":0,"parent":0,"menu_order":0,"comment_status":"closed","ping_status":"closed","template":"","meta":{"footnotes":""},"class_list":["post-400","page","type-page","status-publish","hentry"],"_links":{"self":[{"href":"https:\/\/www.tv1863-gross-zimmern.de\/wordpress\/index.php?rest_route=\/wp\/v2\/pages\/400","targetHints":{"allow":["GET"]}}],"collection":[{"href":"https:\/\/www.tv1863-gross-zimmern.de\/wordpress\/index.php?rest_route=\/wp\/v2\/pages"}],"about":[{"href":"https:\/\/www.tv1863-gross-zimmern.de\/wordpress\/index.php?rest_route=\/wp\/v2\/types\/page"}],"author":[{"embeddable":true,"href":"https:\/\/www.tv1863-gross-zimmern.de\/wordpress\/index.php?rest_route=\/wp\/v2\/users\/2"}],"replies":[{"embeddable":true,"href":"https:\/\/www.tv1863-gross-zimmern.de\/wordpress\/index.php?rest_route=%2Fwp%2Fv2%2Fcomments&post=400"}],"version-history":[{"count":35,"href":"https:\/\/www.tv1863-gross-zimmern.de\/wordpress\/index.php?rest_route=\/wp\/v2\/pages\/400\/revisions"}],"predecessor-version":[{"id":4489,"href":"https:\/\/www.tv1863-gross-zimmern.de\/wordpress\/index.php?rest_route=\/wp\/v2\/pages\/400\/revisions\/4489"}],"wp:attachment":[{"href":"https:\/\/www.tv1863-gross-zimmern.de\/wordpress\/index.php?rest_route=%2Fwp%2Fv2%2Fmedia&parent=400"}],"curies":[{"name":"wp","href":"https:\/\/api.w.org\/{rel}","templated":true}]}}