{"id":405,"date":"2017-01-30T16:56:50","date_gmt":"2017-01-30T15:56:50","guid":{"rendered":"http:\/\/tv1863-gross-zimmern.de\/wordpress\/?page_id=405"},"modified":"2022-03-16T13:34:36","modified_gmt":"2022-03-16T12:34:36","slug":"koronarsport","status":"publish","type":"page","link":"https:\/\/www.tv1863-gross-zimmern.de\/wordpress\/?page_id=405","title":{"rendered":"Koronarsport"},"content":{"rendered":"<h2>Herzlich Willkommen beim Koronarsport des TV Gro\u00df-Zimmern<\/h2>\n<p>Koronar- oder Herzsport ist eine unerl\u00e4ssliche Rehabilitationsma\u00dfnahme f\u00fcr Herzkranke und sonstige Herzgesch\u00e4digte. Herz- und einschl\u00e4gige Rehabilitationskliniken empfehlen diesen Sport ausdr\u00fccklich, insbesondere nach Herzoperationen.<\/p>\n<p>Der Turnverein 1863 Gro\u00df-Zimmern entschloss sich als einer der ersten in Deutschland, eine spezielle Abteilung einzurichten. Die Anerkennung durch das Hessische Sozialministerium erfolgte bereits am 4. Mai 1979. Mit zeitweise \u00fcber einhundert aktiven Mitgliedern z\u00e4hlt die Gruppe auch zu den gro\u00dfen ihrer Art.<\/p>\n<p>F\u00fcr die Betreuung stehen zwei Trainerinnen zur Verf\u00fcgung.<\/p>\n<h2>Neue Trainingszeiten ab 02.September \u00b421:<\/h2>\n<ul>\n<li>Freitags 10:15 &#8211; 11:15 Uhr- Georgi Reitzel Halle (\u00dcbungsleiterinnen: Sonja Roskosch, Birgit Hoeves)<\/li>\n<\/ul>\n","protected":false},"excerpt":{"rendered":"<p>Herzlich Willkommen beim Koronarsport des TV Gro\u00df-Zimmern Koronar- oder Herzsport ist eine unerl\u00e4ssliche Rehabilitationsma\u00dfnahme f\u00fcr Herzkranke und sonstige Herzgesch\u00e4digte. Herz- und einschl\u00e4gige Rehabilitationskliniken empfehlen diesen<\/p>\n","protected":false},"author":2,"featured_media":0,"parent":0,"menu_order":0,"comment_status":"closed","ping_status":"closed","template":"","meta":{"footnotes":""},"class_list":["post-405","page","type-page","status-publish","hentry"],"_links":{"self":[{"href":"https:\/\/www.tv1863-gross-zimmern.de\/wordpress\/index.php?rest_route=\/wp\/v2\/pages\/405","targetHints":{"allow":["GET"]}}],"collection":[{"href":"https:\/\/www.tv1863-gross-zimmern.de\/wordpress\/index.php?rest_route=\/wp\/v2\/pages"}],"about":[{"href":"https:\/\/www.tv1863-gross-zimmern.de\/wordpress\/index.php?rest_route=\/wp\/v2\/types\/page"}],"author":[{"embeddable":true,"href":"https:\/\/www.tv1863-gross-zimmern.de\/wordpress\/index.php?rest_route=\/wp\/v2\/users\/2"}],"replies":[{"embeddable":true,"href":"https:\/\/www.tv1863-gross-zimmern.de\/wordpress\/index.php?rest_route=%2Fwp%2Fv2%2Fcomments&post=405"}],"version-history":[{"count":13,"href":"https:\/\/www.tv1863-gross-zimmern.de\/wordpress\/index.php?rest_route=\/wp\/v2\/pages\/405\/revisions"}],"predecessor-version":[{"id":4378,"href":"https:\/\/www.tv1863-gross-zimmern.de\/wordpress\/index.php?rest_route=\/wp\/v2\/pages\/405\/revisions\/4378"}],"wp:attachment":[{"href":"https:\/\/www.tv1863-gross-zimmern.de\/wordpress\/index.php?rest_route=%2Fwp%2Fv2%2Fmedia&parent=405"}],"curies":[{"name":"wp","href":"https:\/\/api.w.org\/{rel}","templated":true}]}}