{"id":418,"date":"2017-01-30T17:30:56","date_gmt":"2017-01-30T16:30:56","guid":{"rendered":"http:\/\/tv1863-gross-zimmern.de\/wordpress\/?page_id=418"},"modified":"2022-09-19T06:46:46","modified_gmt":"2022-09-19T05:46:46","slug":"rhythmische-gymnastik","status":"publish","type":"page","link":"https:\/\/www.tv1863-gross-zimmern.de\/wordpress\/?page_id=418","title":{"rendered":"Rhythmische Gymnastik"},"content":{"rendered":"<p><strong>F\u00fcr M\u00e4dchen ab 6 Jahren kurz vor Schulbeginn.<\/strong><\/p>\n<div>Die Rhythmische Gymnastik des TV Gro\u00df-Zimmern ist eine <strong><span style=\"text-decoration: underline;\">Wettkampf-Sportart.<\/span><\/strong><\/div>\n<div>Die <strong>Wettk\u00e4mpfe<\/strong> der Gruppe-Fortgeschrittene finden mindestens <strong>4 mal im Jahr<\/strong> statt. Die Gruppe der Anf\u00e4nger arbeitet ebenfalls auf Wettk\u00e4mpfe hin.<\/div>\n<p>W\u00e4hrend des Trainings werden verschiedene Gymnastik- und Ballett-Elemente erlernt. Ein gewissen Ma\u00df an Disziplin w\u00e4re w\u00fcnschenswert. Die M\u00e4dchen lernen unterschiedliche Ger\u00e4te kennen wie Band, Ball, Keule, Seil und Reifen, welche kombiniert in Choreographien zur Musik erlernt werden. Neben den k\u00f6rperlichen Anforderungen spielt auch \u00c4sthetik eine Rolle. Das bedeutet, dass die M\u00e4dchen die Choreographien genau kennenlernen sollten.<\/p>\n<div><span style=\"text-decoration: underline; font-size: 12pt;\"><span style=\"text-decoration: underline; font-size: 12pt;\"><em><strong>Bitte nicht spontan in die Halle kommen.<\/strong><\/em><\/span><\/span><span style=\"font-size: 12pt;\"><span style=\"font-size: 12pt;\"><em>\u00a0 <\/em><\/span><\/span><\/div>\n<div><span style=\"font-size: 12pt;\"><span style=\"font-size: 12pt;\"><em>Bei Interesse bitte vorher per E-Mail Kontakt aufnehmen. Die Kontaktdaten stehen auf der Homepage. Bitte zur Schnupperstunde vollst\u00e4ndigen Namen, Anschrift und Handy-Nummer an \u00dcbungsleiterin abgeben. Alle weiteren Kommunikationen erfolgen \u00fcber den whatsapp-Gruppen-Chat. <\/em><\/span><\/span><span style=\"text-decoration: underline; font-size: 12pt;\"><span style=\"text-decoration: underline; font-size: 12pt;\"><em><br \/>\n<\/em><\/span><\/span><\/div>\n<div><\/div>\n<div><span style=\"font-size: 12pt;\"><em>Erstbesuchstag ist Montags. F\u00fcr die Schnupper-Zeit greift die Versicherung.<\/em> <em>Nach 3 Besuchen sollte sich das Kind entscheiden ob es in der Gruppe bleiben oder wechseln m\u00f6chte. Ist das Kind noch kein TV-Mitglied, bitten wir um R\u00fccksprache mit dem Turnverein. <\/em><\/span><span style=\"text-decoration: underline;\"><span style=\"font-size: 14pt;\"><strong><br \/>\n<\/strong><\/span><\/span><\/div>\n<p><strong>Unser Training findet f\u00fcr alle weiterhin nach 3G-Regel statt.<\/strong><\/p>\n<p><strong>Corona ist noch nicht vorbei.<\/strong><\/p>\n<div>\n<div><strong>Weitere Infos stehen bei den Trainingszeiten.<\/strong><\/div>\n<\/div>\n<p>&nbsp;<\/p>\n","protected":false},"excerpt":{"rendered":"<p>F\u00fcr M\u00e4dchen ab 6 Jahren kurz vor Schulbeginn. Die Rhythmische Gymnastik des TV Gro\u00df-Zimmern ist eine Wettkampf-Sportart. Die Wettk\u00e4mpfe der Gruppe-Fortgeschrittene finden mindestens 4 mal<\/p>\n","protected":false},"author":2,"featured_media":930,"parent":0,"menu_order":0,"comment_status":"closed","ping_status":"closed","template":"","meta":{"footnotes":""},"class_list":["post-418","page","type-page","status-publish","has-post-thumbnail","hentry"],"_links":{"self":[{"href":"https:\/\/www.tv1863-gross-zimmern.de\/wordpress\/index.php?rest_route=\/wp\/v2\/pages\/418","targetHints":{"allow":["GET"]}}],"collection":[{"href":"https:\/\/www.tv1863-gross-zimmern.de\/wordpress\/index.php?rest_route=\/wp\/v2\/pages"}],"about":[{"href":"https:\/\/www.tv1863-gross-zimmern.de\/wordpress\/index.php?rest_route=\/wp\/v2\/types\/page"}],"author":[{"embeddable":true,"href":"https:\/\/www.tv1863-gross-zimmern.de\/wordpress\/index.php?rest_route=\/wp\/v2\/users\/2"}],"replies":[{"embeddable":true,"href":"https:\/\/www.tv1863-gross-zimmern.de\/wordpress\/index.php?rest_route=%2Fwp%2Fv2%2Fcomments&post=418"}],"version-history":[{"count":114,"href":"https:\/\/www.tv1863-gross-zimmern.de\/wordpress\/index.php?rest_route=\/wp\/v2\/pages\/418\/revisions"}],"predecessor-version":[{"id":4721,"href":"https:\/\/www.tv1863-gross-zimmern.de\/wordpress\/index.php?rest_route=\/wp\/v2\/pages\/418\/revisions\/4721"}],"wp:featuredmedia":[{"embeddable":true,"href":"https:\/\/www.tv1863-gross-zimmern.de\/wordpress\/index.php?rest_route=\/wp\/v2\/media\/930"}],"wp:attachment":[{"href":"https:\/\/www.tv1863-gross-zimmern.de\/wordpress\/index.php?rest_route=%2Fwp%2Fv2%2Fmedia&parent=418"}],"curies":[{"name":"wp","href":"https:\/\/api.w.org\/{rel}","templated":true}]}}