{"id":455,"date":"2017-02-01T14:37:00","date_gmt":"2017-02-01T13:37:00","guid":{"rendered":"http:\/\/tv1863-gross-zimmern.de\/wordpress\/?page_id=455"},"modified":"2022-06-15T08:06:08","modified_gmt":"2022-06-15T07:06:08","slug":"skiygymnastik","status":"publish","type":"page","link":"https:\/\/www.tv1863-gross-zimmern.de\/wordpress\/?page_id=455","title":{"rendered":"Skiygymnastik"},"content":{"rendered":"<h2>Trainingszeiten:<\/h2>\n<p><span style=\"text-decoration: underline;\">Achtung<\/span> <strong>neue Trainingszeiten und Ort<\/strong> ab dem 14.06.22:<\/p>\n<ul>\n<li><span style=\"font-size: 1rem;\">Montags 19:30 &#8211; 20:30 Uhr &#8211; Alte Turnhalle der ASS (= Albert-Schweitzer Schule, Dresdener Str. 1 Gro\u00df-Zimmern bzw. Au\u00dfengel\u00e4nde der ASS. Bei gutem Wetter wird <span style=\"text-decoration: underline;\">drau\u00dfen<\/span> auf dem Tartan-Handballfeld\u00a0 <span style=\"text-decoration: underline;\">trainiert<\/span> (hinter der Halle). Bitte entsprechende Kleidung w\u00e4hlen und eigene Isomatte mitbringen!\u00a0<\/span><\/li>\n<li><span style=\"font-size: 1rem;\">\u00dcbungsleiterin: Sylvia St\u00f6cken<\/span><\/li>\n<li>W\u00e4hrend der hessischen Schulferien<span style=\"display: inline !important; float: none; background-color: transparent; color: #333333; font-family: 'Oxygen',Tahoma,Arial; font-size: 16px; font-style: normal; font-variant: normal; font-weight: 400; letter-spacing: normal; orphans: 2; text-align: left; text-decoration: none; text-indent: 0px; text-transform: none; -webkit-text-stroke-width: 0px; white-space: normal; word-spacing: 0px;\"> findet kein Training st<\/span><span style=\"font-size: 1rem;\">att<\/span><\/li>\n<\/ul>\n<p>&nbsp;<\/p>\n","protected":false},"excerpt":{"rendered":"<p>Trainingszeiten: Achtung neue Trainingszeiten und Ort ab dem 14.06.22: Montags 19:30 &#8211; 20:30 Uhr &#8211; Alte Turnhalle der ASS (= Albert-Schweitzer Schule, Dresdener Str. 1<\/p>\n","protected":false},"author":2,"featured_media":0,"parent":0,"menu_order":0,"comment_status":"closed","ping_status":"closed","template":"","meta":{"footnotes":""},"class_list":["post-455","page","type-page","status-publish","hentry"],"_links":{"self":[{"href":"https:\/\/www.tv1863-gross-zimmern.de\/wordpress\/index.php?rest_route=\/wp\/v2\/pages\/455","targetHints":{"allow":["GET"]}}],"collection":[{"href":"https:\/\/www.tv1863-gross-zimmern.de\/wordpress\/index.php?rest_route=\/wp\/v2\/pages"}],"about":[{"href":"https:\/\/www.tv1863-gross-zimmern.de\/wordpress\/index.php?rest_route=\/wp\/v2\/types\/page"}],"author":[{"embeddable":true,"href":"https:\/\/www.tv1863-gross-zimmern.de\/wordpress\/index.php?rest_route=\/wp\/v2\/users\/2"}],"replies":[{"embeddable":true,"href":"https:\/\/www.tv1863-gross-zimmern.de\/wordpress\/index.php?rest_route=%2Fwp%2Fv2%2Fcomments&post=455"}],"version-history":[{"count":21,"href":"https:\/\/www.tv1863-gross-zimmern.de\/wordpress\/index.php?rest_route=\/wp\/v2\/pages\/455\/revisions"}],"predecessor-version":[{"id":4641,"href":"https:\/\/www.tv1863-gross-zimmern.de\/wordpress\/index.php?rest_route=\/wp\/v2\/pages\/455\/revisions\/4641"}],"wp:attachment":[{"href":"https:\/\/www.tv1863-gross-zimmern.de\/wordpress\/index.php?rest_route=%2Fwp%2Fv2%2Fmedia&parent=455"}],"curies":[{"name":"wp","href":"https:\/\/api.w.org\/{rel}","templated":true}]}}