{"id":463,"date":"2017-02-01T15:01:14","date_gmt":"2017-02-01T14:01:14","guid":{"rendered":"http:\/\/tv1863-gross-zimmern.de\/wordpress\/?page_id=463"},"modified":"2021-11-03T11:21:08","modified_gmt":"2021-11-03T10:21:08","slug":"tennis","status":"publish","type":"page","link":"https:\/\/www.tv1863-gross-zimmern.de\/wordpress\/?page_id=463","title":{"rendered":"Tennis"},"content":{"rendered":"<h2>Buchung der Tennishalle<\/h2>\n<p>Liebe Tennisspieler<\/p>\n<p>F\u00fcr die Buchung unserer Halle stehen folgende M\u00f6glichkeiten zur Verf\u00fcgung:<\/p>\n<ul>\n<li>Gesch\u00e4ftsstelle zu den bekannten \u00d6ffnungszeiten unter Tel.: 06071-739424 oder per Mail: info@tv1863.de<\/li>\n<li>Frau Carr Montag &#8211; Freitag zwischen 13:00 &#8211; 17:00 unter Tel.: 0171-9157009, auch per SMS oder WhatsApp<\/li>\n<\/ul>\n<p>Bitte warten Sie immer auf eine Best\u00e4tigung der gew\u00fcnschten Hallenzeit. Beenden Sie die Stunde p\u00fcnktlich, damit ein reibungsloser Ablauf erfolgt.<br \/>\nAngefangene Stunden werden in Rechnung gestellt.<\/p>\n<p>Der TV Vorstand<\/p>\n<h2>Trainingszeiten<\/h2>\n<h4>Kinder\/Jugend<\/h4>\n<ul>\n<li>Montags 14:00-17:00 Uhr &#8211; Tennishalle (\u00dcbungsleiter: Manfred Jopp); eingeteilt durch den Trainer, je nach Spielst\u00e4rke, in Gruppen und Zeiten<\/li>\n<li>Mittwochs 15:00-16:00 &#8211; Tennishalle; eingeteilt je nach Spielst\u00e4rke in Gruppen und Zeiten<\/li>\n<\/ul>\n<h4>M\u00e4nner<\/h4>\n<ul>\n<li>Dienstags 18:00-20:00 Uhr &#8211; Tennishalle\/Freifeld (\u00dcbungsleiter: Werner Lamberty)<\/li>\n<\/ul>\n<h4>Damen<\/h4>\n<ul>\n<li>Mittwochs 18:00 &#8211; 20:00 Uhr &#8211; Tennishalle<\/li>\n<\/ul>\n","protected":false},"excerpt":{"rendered":"<p>Buchung der Tennishalle Liebe Tennisspieler F\u00fcr die Buchung unserer Halle stehen folgende M\u00f6glichkeiten zur Verf\u00fcgung: Gesch\u00e4ftsstelle zu den bekannten \u00d6ffnungszeiten unter Tel.: 06071-739424 oder per<\/p>\n","protected":false},"author":2,"featured_media":0,"parent":0,"menu_order":0,"comment_status":"closed","ping_status":"closed","template":"","meta":{"footnotes":""},"class_list":["post-463","page","type-page","status-publish","hentry"],"_links":{"self":[{"href":"https:\/\/www.tv1863-gross-zimmern.de\/wordpress\/index.php?rest_route=\/wp\/v2\/pages\/463","targetHints":{"allow":["GET"]}}],"collection":[{"href":"https:\/\/www.tv1863-gross-zimmern.de\/wordpress\/index.php?rest_route=\/wp\/v2\/pages"}],"about":[{"href":"https:\/\/www.tv1863-gross-zimmern.de\/wordpress\/index.php?rest_route=\/wp\/v2\/types\/page"}],"author":[{"embeddable":true,"href":"https:\/\/www.tv1863-gross-zimmern.de\/wordpress\/index.php?rest_route=\/wp\/v2\/users\/2"}],"replies":[{"embeddable":true,"href":"https:\/\/www.tv1863-gross-zimmern.de\/wordpress\/index.php?rest_route=%2Fwp%2Fv2%2Fcomments&post=463"}],"version-history":[{"count":10,"href":"https:\/\/www.tv1863-gross-zimmern.de\/wordpress\/index.php?rest_route=\/wp\/v2\/pages\/463\/revisions"}],"predecessor-version":[{"id":4128,"href":"https:\/\/www.tv1863-gross-zimmern.de\/wordpress\/index.php?rest_route=\/wp\/v2\/pages\/463\/revisions\/4128"}],"wp:attachment":[{"href":"https:\/\/www.tv1863-gross-zimmern.de\/wordpress\/index.php?rest_route=%2Fwp%2Fv2%2Fmedia&parent=463"}],"curies":[{"name":"wp","href":"https:\/\/api.w.org\/{rel}","templated":true}]}}