{"id":598,"date":"2017-08-14T17:06:39","date_gmt":"2017-08-14T16:06:39","guid":{"rendered":"http:\/\/tv1863-gross-zimmern.de\/wordpress\/?page_id=598"},"modified":"2021-06-16T10:46:34","modified_gmt":"2021-06-16T09:46:34","slug":"power-yoga-2","status":"publish","type":"page","link":"https:\/\/www.tv1863-gross-zimmern.de\/wordpress\/?page_id=598","title":{"rendered":"Power-Yoga"},"content":{"rendered":"<h2>Trainingszeiten<\/h2>\n<ul>\n<li>Montags 18:30 &#8211; 19:45 Uhr &#8211; Albert-Schweitzer-Schule, <span style=\"font-size: 1rem;\">neue Halle; bei gutem Wetter auf dem ASS Au\u00dfengel\u00e4nde <\/span>(\u00dcbungsleiterinnen: Ulrike Strau\u00df)<\/li>\n<\/ul>\n<p>F\u00fcr die Teilnahme an diesem Kurs gelten folgende Zusatzbeitr\u00e4ge:<\/p>\n<table style=\"width: 381px;\">\n<tbody>\n<tr>\n<td style=\"width: 154px;\">Mitglieder:<\/td>\n<td style=\"width: 219px; text-align: left;\">6,00 \u20ac\/Monat<\/td>\n<\/tr>\n<tr>\n<td style=\"width: 154px;\">Nichtmitglieder:<\/td>\n<td style=\"width: 219px; text-align: left;\">90,00 \u20ac(Zehnerkarte)<\/td>\n<\/tr>\n<\/tbody>\n<\/table>\n<p>&nbsp;<\/p>\n","protected":false},"excerpt":{"rendered":"<p>Trainingszeiten Montags 18:30 &#8211; 19:45 Uhr &#8211; Albert-Schweitzer-Schule, neue Halle; bei gutem Wetter auf dem ASS Au\u00dfengel\u00e4nde (\u00dcbungsleiterinnen: Ulrike Strau\u00df) F\u00fcr die Teilnahme an diesem<\/p>\n","protected":false},"author":2,"featured_media":0,"parent":0,"menu_order":0,"comment_status":"closed","ping_status":"closed","template":"","meta":{"footnotes":""},"class_list":["post-598","page","type-page","status-publish","hentry"],"_links":{"self":[{"href":"https:\/\/www.tv1863-gross-zimmern.de\/wordpress\/index.php?rest_route=\/wp\/v2\/pages\/598","targetHints":{"allow":["GET"]}}],"collection":[{"href":"https:\/\/www.tv1863-gross-zimmern.de\/wordpress\/index.php?rest_route=\/wp\/v2\/pages"}],"about":[{"href":"https:\/\/www.tv1863-gross-zimmern.de\/wordpress\/index.php?rest_route=\/wp\/v2\/types\/page"}],"author":[{"embeddable":true,"href":"https:\/\/www.tv1863-gross-zimmern.de\/wordpress\/index.php?rest_route=\/wp\/v2\/users\/2"}],"replies":[{"embeddable":true,"href":"https:\/\/www.tv1863-gross-zimmern.de\/wordpress\/index.php?rest_route=%2Fwp%2Fv2%2Fcomments&post=598"}],"version-history":[{"count":9,"href":"https:\/\/www.tv1863-gross-zimmern.de\/wordpress\/index.php?rest_route=\/wp\/v2\/pages\/598\/revisions"}],"predecessor-version":[{"id":3692,"href":"https:\/\/www.tv1863-gross-zimmern.de\/wordpress\/index.php?rest_route=\/wp\/v2\/pages\/598\/revisions\/3692"}],"wp:attachment":[{"href":"https:\/\/www.tv1863-gross-zimmern.de\/wordpress\/index.php?rest_route=%2Fwp%2Fv2%2Fmedia&parent=598"}],"curies":[{"name":"wp","href":"https:\/\/api.w.org\/{rel}","templated":true}]}}